{"id":6,"date":"2024-04-04T07:04:19","date_gmt":"2024-04-04T04:04:19","guid":{"rendered":"https:\/\/sisu.ut.ee\/headund\/kuhu-poorduda\/"},"modified":"2024-04-04T07:04:45","modified_gmt":"2024-04-04T04:04:45","slug":"kuhu-poorduda","status":"publish","type":"page","link":"https:\/\/sisu.ut.ee\/headund\/kuhu-poorduda\/","title":{"rendered":"Kuhu p\u00f6\u00f6rduda?"},"content":{"rendered":"<p>Kui Sinu unekvaliteet pole Sind rahuldav, tutvu uneh\u00fcgieeni soovitustega ning vali neist m\u00f5ned, mis Sulle sobilikud tunduvad. Kui sellest abi pole, p\u00f6\u00f6rdu esmaj\u00e4rjekorras oma perearsti v\u00f5i k\u00f5rgkooli ps\u00fchholoogi poole. Eesti unearstide kontaktid leiad <a data-url=\"http:\/\/www.unemeditsiin.ee\/?q=node\/7\" href=\"http:\/\/www.unemeditsiin.ee\/?q=node\/7\" target=\"_blank\" title=\"\" rel=\"noopener\">siit<\/a>.<\/p>\n","protected":false},"excerpt":{"rendered":"<p>Kui Sinu unekvaliteet pole Sind rahuldav, tutvu uneh\u00fcgieeni soovitustega ning vali neist m\u00f5ned, mis Sulle sobilikud tunduvad. Kui sellest abi pole, p\u00f6\u00f6rdu esmaj\u00e4rjekorras oma perearsti v\u00f5i k\u00f5rgkooli ps\u00fchholoogi poole. Eesti unearstide kontaktid leiad siit.<\/p>\n","protected":false},"author":207,"featured_media":0,"parent":0,"menu_order":0,"comment_status":"closed","ping_status":"closed","template":"","meta":{"_acf_changed":false,"inline_featured_image":false,"footnotes":""},"class_list":["post-6","page","type-page","status-publish","hentry"],"acf":[],"_links":{"self":[{"href":"https:\/\/sisu.ut.ee\/headund\/wp-json\/wp\/v2\/pages\/6","targetHints":{"allow":["GET"]}}],"collection":[{"href":"https:\/\/sisu.ut.ee\/headund\/wp-json\/wp\/v2\/pages"}],"about":[{"href":"https:\/\/sisu.ut.ee\/headund\/wp-json\/wp\/v2\/types\/page"}],"author":[{"embeddable":true,"href":"https:\/\/sisu.ut.ee\/headund\/wp-json\/wp\/v2\/users\/207"}],"replies":[{"embeddable":true,"href":"https:\/\/sisu.ut.ee\/headund\/wp-json\/wp\/v2\/comments?post=6"}],"version-history":[{"count":1,"href":"https:\/\/sisu.ut.ee\/headund\/wp-json\/wp\/v2\/pages\/6\/revisions"}],"predecessor-version":[{"id":45,"href":"https:\/\/sisu.ut.ee\/headund\/wp-json\/wp\/v2\/pages\/6\/revisions\/45"}],"wp:attachment":[{"href":"https:\/\/sisu.ut.ee\/headund\/wp-json\/wp\/v2\/media?parent=6"}],"curies":[{"name":"wp","href":"https:\/\/api.w.org\/{rel}","templated":true}]}}