{"id":3,"date":"2024-04-04T07:04:19","date_gmt":"2024-04-04T04:04:19","guid":{"rendered":"https:\/\/sisu.ut.ee\/headund\/magad-hasti\/"},"modified":"2024-04-04T07:04:45","modified_gmt":"2024-04-04T04:04:45","slug":"magad-hasti","status":"publish","type":"page","link":"https:\/\/sisu.ut.ee\/headund\/magad-hasti\/","title":{"rendered":"Tudud h\u00e4sti?"},"content":{"rendered":"<p>\n\t<a data-url=\"https:\/\/ivlv.me\/IRe7H\" href=\"https:\/\/ivlv.me\/IRe7H\" target=\"_blank\" title=\"\" rel=\"noopener\"><img loading=\"lazy\" decoding=\"async\" width=\"1024\" height=\"768\" class=\"alignnone wp-image-14\" src=\"https:\/\/sisu.ut.ee\/wp-content\/uploads\/sites\/477\/unetest.png\" title=\"unetest.png\" alt=\"Une k\u00fcsimustik\" srcset=\"https:\/\/sisu.ut.ee\/wp-content\/uploads\/sites\/477\/unetest.png 1024w, https:\/\/sisu.ut.ee\/wp-content\/uploads\/sites\/477\/unetest-300x225.png 300w, https:\/\/sisu.ut.ee\/wp-content\/uploads\/sites\/477\/unetest-768x576.png 768w\" sizes=\"auto, (max-width: 1024px) 100vw, 1024px\"><\/a>\n<\/p>\n<p>\n\t<strong><\/strong><strong><b id=\"docs-internal-guid-22ea9c26-7fff-2fec-a610-68b7fa1c807d\">T\u00e4ida interaktiivne unetest <\/b><a data-url=\"https:\/\/ivlv.me\/IRe7H\" href=\"https:\/\/ivlv.me\/IRe7H\" target=\"_blank\" title=\"\" rel=\"noopener\">siin<\/a><\/strong>.\n<\/p>\n<p>\n\t<b>NB! See enesekohane k\u00fcsimustik on abiks enese une anal\u00fc\u00fcsimiseks. Tegemist pole diagnostilise testiga.<\/b>\n<\/p>\n<p>\n\t<a data-url=\"https:\/\/ivlv.me\/IRe7H\" href=\"https:\/\/ivlv.me\/IRe7H\" target=\"_blank\" title=\"\" rel=\"noopener\"><img loading=\"lazy\" decoding=\"async\" width=\"310\" height=\"310\" class=\"alignnone wp-image-15\" src=\"https:\/\/sisu.ut.ee\/wp-content\/uploads\/sites\/477\/uniuni-hea-une-kysimustik.png\" title=\"uniuni-hea-une-kysimustik.png\" alt=\"viide\" srcset=\"https:\/\/sisu.ut.ee\/wp-content\/uploads\/sites\/477\/uniuni-hea-une-kysimustik.png 310w, https:\/\/sisu.ut.ee\/wp-content\/uploads\/sites\/477\/uniuni-hea-une-kysimustik-300x300.png 300w, https:\/\/sisu.ut.ee\/wp-content\/uploads\/sites\/477\/uniuni-hea-une-kysimustik-150x150.png 150w\" sizes=\"auto, (max-width: 310px) 100vw, 310px\"><\/a><\/p>\n","protected":false},"excerpt":{"rendered":"<p>T\u00e4ida interaktiivne unetest siin. NB! See enesekohane k\u00fcsimustik on abiks enese une anal\u00fc\u00fcsimiseks. Tegemist pole diagnostilise testiga.<\/p>\n","protected":false},"author":207,"featured_media":0,"parent":0,"menu_order":0,"comment_status":"closed","ping_status":"closed","template":"","meta":{"_acf_changed":false,"inline_featured_image":false,"footnotes":""},"class_list":["post-3","page","type-page","status-publish","hentry"],"acf":[],"_links":{"self":[{"href":"https:\/\/sisu.ut.ee\/headund\/wp-json\/wp\/v2\/pages\/3","targetHints":{"allow":["GET"]}}],"collection":[{"href":"https:\/\/sisu.ut.ee\/headund\/wp-json\/wp\/v2\/pages"}],"about":[{"href":"https:\/\/sisu.ut.ee\/headund\/wp-json\/wp\/v2\/types\/page"}],"author":[{"embeddable":true,"href":"https:\/\/sisu.ut.ee\/headund\/wp-json\/wp\/v2\/users\/207"}],"replies":[{"embeddable":true,"href":"https:\/\/sisu.ut.ee\/headund\/wp-json\/wp\/v2\/comments?post=3"}],"version-history":[{"count":1,"href":"https:\/\/sisu.ut.ee\/headund\/wp-json\/wp\/v2\/pages\/3\/revisions"}],"predecessor-version":[{"id":48,"href":"https:\/\/sisu.ut.ee\/headund\/wp-json\/wp\/v2\/pages\/3\/revisions\/48"}],"wp:attachment":[{"href":"https:\/\/sisu.ut.ee\/headund\/wp-json\/wp\/v2\/media?parent=3"}],"curies":[{"name":"wp","href":"https:\/\/api.w.org\/{rel}","templated":true}]}}