{"id":38,"date":"2025-07-01T15:13:55","date_gmt":"2025-07-01T12:13:55","guid":{"rendered":"https:\/\/sisu.ut.ee\/hcis\/?page_id=38"},"modified":"2025-11-06T10:33:38","modified_gmt":"2025-11-06T08:33:38","slug":"selection-of-publications-by-members-of-the-research-group","status":"publish","type":"page","link":"https:\/\/sisu.ut.ee\/hcis\/selection-of-publications-by-members-of-the-research-group\/","title":{"rendered":"Publications"},"content":{"rendered":"<p><strong>Selection of publications by members of the research group<\/strong><\/p>\n\n\n\n<p>Taveter, K., Gharib, M. (2025). Eliciting and modelling human values for human-centric artificial intelligence systems with motivational goal models. The 1st International Workshop on Requirements Engineering for Accountable and Conscious Human-Centered AI, 2025, IEEE 33rd International Requirements Engineering Conference Workshops (REW). IEEE, forthcoming.<\/p>\n\n\n\n<p>Rosenkron, L., Seeba, M., Gharib, M., &amp; Taveter, K. (2024, November). Human-Centric Management of Information Security. In International Conference on Future Data and Security Engineering (pp. 3-19). Singapore: Springer Nature Singapore.<\/p>\n\n\n\n<p>Iqbal, T., Taveter, K., Strenze, T., Hussain, W., Haggag, O., Matthews, J. A., &amp; Piirisild, A. (2024, April). Identification of human values from goal models. In Proceedings of the 2024 IEEE\/ACM 17th International Conference on Cooperative and Human Aspects of Software Engineering (pp. 24-35). ACM.<\/p>\n\n\n\n<p>Piirisild, A., Perandr\u00e9s G\u00f3mez, A., &amp; Taveter, K. (2024, March). A New Usability Inspection Method: Experience-Based Analysis. In International Working Conference on Requirements Engineering: Foundation for Software Quality (pp. 74-91). Cham: Springer Nature Switzerland.<\/p>\n\n\n\n<p>Zulkifli, S. F., Gharib, M., &amp; Taveter, K. (2024, June). First steps towards building a dictionary of emotional requirements in healthcare and well-being. In 2024 IEEE 32nd International Requirements Engineering Conference Workshops (REW) (pp. 376-384). IEEE.<\/p>\n\n\n\n<p>Gharib, M., Falco, M., Nijboer, F., Tinga, A. M., D\u2019Agostini, S., Rovini, E., \u2026 &amp; Taveter, K. (2024, May). Dealing with Emotional Requirements for Software Ecosystems: Findings and Lessons Learned in the PHArA-ON Project. In International Conference on Research Challenges in Information Science (pp. 99-114). Cham: Springer Nature Switzerland.<\/p>\n\n\n\n<p>Piirisild, A., Perandr\u00e9s G\u00f3mez, A., &amp; Taveter, K. (2024). A New Usability Inspection Method: Experience-Based Analysis. In International Working Conference on Requirements Engineering: Foundation for Software Quality (pp. 74-91). Cham: Springer Nature Switzerland.<\/p>\n\n\n\n<p>Levy, M., Groen, E. C., Taveter, K., Amyot, D., Yu, E., Liu, L., \u2026 &amp; Mosser, S. (2023). Sustaining human health: A requirements engineering perspective. Journal of Systems and Software, 204, 111792.<\/p>\n\n\n\n<p>Iqbal, T., Marshall, J. G., Taveter, K., &amp; Schmidt, A. (2023). Theory of constructed emotion meets re: An industrial case study. Journal of Systems and Software, 197, 111544.<\/p>\n\n\n\n<p>Iqbal, T., Anwar, H., Filzah, S., Gharib, M., Mooses, K., &amp; Taveter, K. (2023). Emotions in requirements engineering: A systematic mapping study. In 2023 IEEE\/ACM 16th International Conference on Cooperative and Human Aspects of Software Engineering (CHASE) (pp. 111-120). IEEE.<\/p>\n\n\n\n<p>Mooses, K.; Taveter, K. (2021). Agent-Oriented Goal Models in Developing Information Systems Supporting Physical Activity Among Adolescents: Literature Review and Expert Interviews Journal of Medical Internet Research, 23 (5).<\/p>\n\n\n\n<p>Mooses, K.; Camacho, M.; Cavallo, F.; Burnard, M. D.; Dantas, C.; D\u2019Onofrio, G.; Fernandes, A.; Fiorini, L.; Gama, A.; Perandr\u00e9s G\u00f3mez, A.; Gonzalez, L.; Guardado, D.; Iqbal, T.; Sanchez Melero, M; Melero Mu\u00f1oz, F. J.; Moreno Muro, F. J.; Nijboer, F.; Ortet, S.; Rovini, E.; Toccafondi, L.; Tunc, S.; Taveter, K. (2022). Involving Older Adults During COVID-19 Restrictions in Developing an Ecosystem Supporting Active Aging: Overview of Alternative Elicitation Methods and Common Requirements From Five European Countries. Frontiers in Psychology, 13:818706, Research Topic of Designing Technology for Emotions to Improve Mental Health and Wellbeing.<\/p>\n\n\n\n<p>Iqbal, T.; Khan, M.; Taveter, K.; Seyff, N. (2021). Mining Reddit as a New Source for Software Requirements. 29th IEEE International Requirements Engineering Conference (RE 2021), September 20-24, 2021 IEEE 29th International Requirements Engineering Conference (RE). IEEE.<\/p>\n\n\n\n<p>Taveter, K.; Iqbal, T. (2021). Theory of Constructed Emotion Meets RE. Fourth International Workshop on Affective Computing for Requirements Engineering (AffectRE\u201921), 21 September, 2021 IEEE 29th International Requirements Engineering Conference Workshops (REW). IEEE.<\/p>\n\n\n\n<p>Gambo, I., &amp; Taveter, K. (2021). Stakeholder-Centric Clustering Methods for Conflict Resolution in the Requirements Engineering Process. In International Conference on Evaluation of Novel Approaches to Software Engineering (pp. 183-210). Springer, Cham.<\/p>\n\n\n\n<p>Zimmer, Nico; Taveter, Kuldar (2022). Requirements engineering for sociotechnical systems: Case study of an airline operations control center. 3107: 1st International Interdisciplinary Workshop on Requirements Engineering for Sociotechnical Systems, RESOSY 2021, Virtual, Taipei, 8 December 2021 \u2013 9 December 2021. Ed. Kuldar Taveter; Kerli Mooses; Ishaya Gambo; Tahira Iqbal. CEUR-WS.<\/p>\n\n\n\n<p>Mooses, K. (2022). An ideal physical activity app for adults \u2013 what should it be like? Requirements of adult users. 3107: 1st International Interdisciplinary Workshop on Requirements Engineering for Sociotechnical Systems, RESOSY 2021, Virtual, Taipei, 8 December 2021 \u2013 9 December 2021. Ed. Kuldar Taveter; Kerli Mooses; Ishaya Gambo; Tahira Iqbal. CEUR-WS.<\/p>\n\n\n\n<p>Taveter, K.; Sterling, L., Pedell, S.; Burrows, R.; Taveter, E. M. (2019). A method for eliciting and representing emotional requirements: Two case studies in e-healthcare. Second International Workshop on Affective Computing for Requirements Engineering (AffectRE19), 23 September 2019, Jeju, South Korea, Proceedings. IEEE.<\/p>\n\n\n\n<p>Sulis, E., &amp; Taveter, K. (2022). Agent-Based Business Process Simulation: A Primer with Applications and Examples. Springer Nature.<\/p>\n\n\n\n<p><\/p>\n","protected":false},"excerpt":{"rendered":"<p>Selection of publications by members of the research group Taveter, K., Gharib, M. (2025). Eliciting and modelling human values for human-centric artificial intelligence systems with motivational goal models. The 1st International Workshop on Requirements Engineering for Accountable and Conscious Human-Centered &#8230;<\/p>\n","protected":false},"author":819,"featured_media":0,"parent":0,"menu_order":0,"comment_status":"closed","ping_status":"closed","template":"","meta":{"_acf_changed":false,"inline_featured_image":false,"footnotes":""},"class_list":["post-38","page","type-page","status-publish","hentry"],"acf":[],"_links":{"self":[{"href":"https:\/\/sisu.ut.ee\/hcis\/wp-json\/wp\/v2\/pages\/38","targetHints":{"allow":["GET"]}}],"collection":[{"href":"https:\/\/sisu.ut.ee\/hcis\/wp-json\/wp\/v2\/pages"}],"about":[{"href":"https:\/\/sisu.ut.ee\/hcis\/wp-json\/wp\/v2\/types\/page"}],"author":[{"embeddable":true,"href":"https:\/\/sisu.ut.ee\/hcis\/wp-json\/wp\/v2\/users\/819"}],"replies":[{"embeddable":true,"href":"https:\/\/sisu.ut.ee\/hcis\/wp-json\/wp\/v2\/comments?post=38"}],"version-history":[{"count":3,"href":"https:\/\/sisu.ut.ee\/hcis\/wp-json\/wp\/v2\/pages\/38\/revisions"}],"predecessor-version":[{"id":60,"href":"https:\/\/sisu.ut.ee\/hcis\/wp-json\/wp\/v2\/pages\/38\/revisions\/60"}],"wp:attachment":[{"href":"https:\/\/sisu.ut.ee\/hcis\/wp-json\/wp\/v2\/media?parent=38"}],"curies":[{"name":"wp","href":"https:\/\/api.w.org\/{rel}","templated":true}]}}