{"id":8,"date":"2024-04-04T00:17:30","date_gmt":"2024-04-03T21:17:30","guid":{"rendered":"https:\/\/sisu.ut.ee\/hammaste_anatoomia_oklusioon\/avaleht\/"},"modified":"2025-02-06T15:21:11","modified_gmt":"2025-02-06T13:21:11","slug":"avaleht","status":"publish","type":"page","link":"https:\/\/sisu.ut.ee\/hammaste_anatoomia_oklusioon\/","title":{"rendered":"Avaleht"},"content":{"rendered":"<p><img loading=\"lazy\" decoding=\"async\" class=\"aligncenter wp-image-201\" src=\"https:\/\/sisu.ut.ee\/wp-content\/uploads\/sites\/114\/img_1812_1-1-300x200.jpg\" alt=\"\" width=\"500\" height=\"333\" srcset=\"https:\/\/sisu.ut.ee\/wp-content\/uploads\/sites\/114\/img_1812_1-1-300x200.jpg 300w, https:\/\/sisu.ut.ee\/wp-content\/uploads\/sites\/114\/img_1812_1-1-1024x683.jpg 1024w, https:\/\/sisu.ut.ee\/wp-content\/uploads\/sites\/114\/img_1812_1-1-768x512.jpg 768w, https:\/\/sisu.ut.ee\/wp-content\/uploads\/sites\/114\/img_1812_1-1-1536x1024.jpg 1536w, https:\/\/sisu.ut.ee\/wp-content\/uploads\/sites\/114\/img_1812_1-1-2048x1365.jpg 2048w, https:\/\/sisu.ut.ee\/wp-content\/uploads\/sites\/114\/img_1812_1-1-1920x1280.jpg 1920w\" sizes=\"auto, (max-width: 500px) 100vw, 500px\"><\/p>\n<p>Kursus \u201cHammaste anatoomia ja oklusioon\u201d on anatoomia s\u00fcvendatud osa suu\u00f5\u00f5nest ja hammastest, m\u00f5eldud \u00a0eelk\u00f5ige hambaarstiteaduse \u00fcli\u00f5pilastele. Kursus on \u00fcles ehitatud teemadena, mis tutvustavad hammaste ehitust, l\u00f5ikumist ja toimimist (hambumust) ning suu\u00f5\u00f5ne struktuure. Materjal katab loengumaterjali ja annab juhised iseseisvaks \u00f5ppimiseks.<\/p>\n<p>Kursuse l\u00e4binud \u00fcli\u00f5pilane:<\/p>\n<ol>\n<li>Teab ja oskab nimetada j\u00e4\u00e4vhamba osasid korrektsete terminitega<\/li>\n<li>Tunneb normaalse hamba anatoomiat ja biomehhaanikat<\/li>\n<li>Oskab kasutada \u00fcldlevinut hammaste m\u00e4rkimise numeratsiooni<\/li>\n<li>Teab ja oskab kirjeldada hammaste asendit hambakaares ja tugistruktuure<\/li>\n<li>Teab ja oskab defineerida normaalset hambumust, oskab nimetada levinumaid hambumusanomaaliaid<\/li>\n<li>Tunneb \u00e4ra ning oskab kirjeldada j\u00e4\u00e4vhamba v\u00e4liskuju<\/li>\n<li>P\u00e4rast praktikumi (hambakrooni rekonstrueerimist vahamodelleeringuga) oskab \u00a0taastada j\u00e4\u00e4vhamba kuju<\/li>\n<\/ol>\n<hr>\n<p>Kursuse (loodud 2015-2019) autor: hambaarst Riina Runnel, Tartu \u00dclikooli Stomatoloogia kliiniku suu- ja hambahaiguste \u00f5ppej\u00f5ud<br>\nKaasautor: dr Anne-Ly Elhi (Tartu \u00dclikooli Stomatoloogia kliinik) \u2013 peat\u00fckk \u201cHammaste juurte ja juurekanalite anatoomia\u201d<br>\nKasutatud viiteid dr Triin Jagom\u00e4gi ja dr Rita N\u00f5mmela \u00f5ppematerjalidele (autorite n\u00f5usolekul)<br>\n<em>\u00a0 \u00a0 \u00a0 \u00a0 \u00a0 \u00a0 \u00a0 \u00a0 \u00a0 \u00a0 \u00a0 \u00a0 \u00a0\u00a0<\/em><\/p>\n","protected":false},"excerpt":{"rendered":"<p>Kursus \u201cHammaste anatoomia ja oklusioon\u201d on anatoomia s\u00fcvendatud osa suu\u00f5\u00f5nest ja hammastest, m\u00f5eldud \u00a0eelk\u00f5ige hambaarstiteaduse \u00fcli\u00f5pilastele. Kursus on \u00fcles ehitatud teemadena, mis tutvustavad hammaste ehitust, l\u00f5ikumist ja toimimist (hambumust) ning suu\u00f5\u00f5ne struktuure. Materjal katab loengumaterjali ja annab juhised iseseisvaks \u00f5ppimiseks. &#8230;<\/p>\n","protected":false},"author":12,"featured_media":0,"parent":0,"menu_order":0,"comment_status":"closed","ping_status":"closed","template":"","meta":{"_acf_changed":false,"inline_featured_image":false,"footnotes":""},"class_list":["post-8","page","type-page","status-publish","hentry"],"acf":[],"_links":{"self":[{"href":"https:\/\/sisu.ut.ee\/hammaste_anatoomia_oklusioon\/wp-json\/wp\/v2\/pages\/8","targetHints":{"allow":["GET"]}}],"collection":[{"href":"https:\/\/sisu.ut.ee\/hammaste_anatoomia_oklusioon\/wp-json\/wp\/v2\/pages"}],"about":[{"href":"https:\/\/sisu.ut.ee\/hammaste_anatoomia_oklusioon\/wp-json\/wp\/v2\/types\/page"}],"author":[{"embeddable":true,"href":"https:\/\/sisu.ut.ee\/hammaste_anatoomia_oklusioon\/wp-json\/wp\/v2\/users\/12"}],"replies":[{"embeddable":true,"href":"https:\/\/sisu.ut.ee\/hammaste_anatoomia_oklusioon\/wp-json\/wp\/v2\/comments?post=8"}],"version-history":[{"count":6,"href":"https:\/\/sisu.ut.ee\/hammaste_anatoomia_oklusioon\/wp-json\/wp\/v2\/pages\/8\/revisions"}],"predecessor-version":[{"id":424,"href":"https:\/\/sisu.ut.ee\/hammaste_anatoomia_oklusioon\/wp-json\/wp\/v2\/pages\/8\/revisions\/424"}],"wp:attachment":[{"href":"https:\/\/sisu.ut.ee\/hammaste_anatoomia_oklusioon\/wp-json\/wp\/v2\/media?parent=8"}],"curies":[{"name":"wp","href":"https:\/\/api.w.org\/{rel}","templated":true}]}}