{"id":7,"date":"2024-04-04T00:17:30","date_gmt":"2024-04-03T21:17:30","guid":{"rendered":"https:\/\/sisu.ut.ee\/hammaste_anatoomia_oklusioon\/ninahingamine\/"},"modified":"2024-09-11T09:43:48","modified_gmt":"2024-09-11T06:43:48","slug":"ninahingamine","status":"publish","type":"page","link":"https:\/\/sisu.ut.ee\/hammaste_anatoomia_oklusioon\/ninahingamine\/","title":{"rendered":"Ninahingamine"},"content":{"rendered":"<p>Normaalne hingamine toimub nina kaudu, huuled on suletud, keel toetub \u00f5rnalt suulaele, olles eesmise kolmandiku osas kontaktis k\u00f5vasuulae eesmise osaga\u00a0ning n\u00e4o-l\u00f5ualuude piirkonnas olevad lihased on tasakaalus.<\/p>\n<p>Ninahingamise takistuse korral on huuled avatud. Profiilis on n\u00e4ha iseloomulik n\u00e4okuju: pikenenud n\u00e4o alumine kolmandik, paokil huuled, ette ulatuvad \u00fclemised intsisiivid ja v\u00e4ike, tagumises asendis olev alal\u00f5ug.<\/p>\n<p style=\"text-align: center;\"><img loading=\"lazy\" decoding=\"async\" width=\"461\" height=\"296\" class=\"alignnone wp-image-80\" style=\"width: 461px; height: 296px;\" title=\"Allikas: https:\/\/dentistrydonedifferently.com\/2013\/08\/13\/mouth-breathing\/\" src=\"https:\/\/sisu.ut.ee\/wp-content\/uploads\/sites\/114\/nina1.png\" alt=\"1\" srcset=\"https:\/\/sisu.ut.ee\/wp-content\/uploads\/sites\/114\/nina1.png 461w, https:\/\/sisu.ut.ee\/wp-content\/uploads\/sites\/114\/nina1-300x193.png 300w\" sizes=\"auto, (max-width: 461px) 100vw, 461px\"><\/p>\n<p>Kuna suuhingamisel puudub keele k\u00fclgede surve \u00fclemisele hambakaarele, on tagaj\u00e4rjeks k\u00f5rge, kitsenenud suulagi. Selline olukord vajab ninahingamise takistuse k\u00f5rvaldamist, nina kaudu hingamise taastamist ja ortodontilist ravi hambumuse korrigeerimiseks.<\/p>\n<p style=\"text-align: center;\"><img loading=\"lazy\" decoding=\"async\" width=\"281\" height=\"217\" class=\"alignnone wp-image-81\" title=\"Allikas: https:\/\/www.victoriatxdentist.com\/how-to-prevent-crooked-teeth-and-needing-braces\/\" src=\"https:\/\/sisu.ut.ee\/wp-content\/uploads\/sites\/114\/nina2.png\" alt=\"2\"><\/p>\n<h6><strong>Kas tead?<\/strong> Kas ninahingamine taastub kohe, kui p\u00f5hjus on leitud ja k\u00f5rvaldatud? <a href=\"#\" data-bs-toggle=\"modal\" data-bs-target=\"#popup-modal\" data-title=\"(Vastus)\" data-content='Enamasti on suukaudne hingamine saanud harjumuseks ja seda on vaja teadlikult muuta. Abiks on suupiirkonna lihaseid tugevdavad  harjutused. Loe l\u00e4hemalt artiklit &lt;a title=\"\" href=\"https:\/\/www.hambaarst.ee\/artiklid\/381\" target=\"_blank\" rel=\"noopener\" data-url=\"https:\/\/www.hambaarst.ee\/artiklid\/381\"&gt;Kuidas \u00f5petada last nina kaudu hingama.&lt;\/a&gt;'>(Vastus)<\/a><\/h6>\n<h6><strong>Loe lisaks!\u00a0<\/strong>Loe, kuidas ennetada anomaaliaid ehk <a title=\"\" href=\"https:\/\/www.hambaarst.ee\/artiklid\/373\" target=\"_blank\" rel=\"noopener\" data-url=\"https:\/\/www.hambaarst.ee\/artiklid\/373\">Hamba-l\u00f5ualuus\u00fcsteemi omandatud anomaaliate prof\u00fclaktika<\/a>\u00a0(Autor dr. Rita N\u00f5mmela) ja leia vastused j\u00e4rgnevatele k\u00fcsimustele:<br>\n\u2013 Nimeta m\u00f5ned kahjulikud harjumused, mis m\u00f5jutavad n\u00e4o ja l\u00f5ualuude kasvu.<br>\n\u2013 Millise kida anomaalia m\u00f5jutab vasts\u00fcndinu imemisfunktsiooni k\u00f5ige enam?<br>\n\u2013 Milliseks vanuseks peab olema omandatud \u00f5ige, t\u00e4iskasvanutele omane neelamist\u00fc\u00fcp?<br>\n\u2013 Mis v\u00f5ib olla ninahingamisetakistuse p\u00f5hjuseks?<br>\n\u2013 Milline on omandatud n\u00e4opiirkonna anomaaliate ennetus ehk prof\u00fclaktika?<\/h6>\n","protected":false},"excerpt":{"rendered":"<p>Normaalne hingamine toimub nina kaudu, huuled on suletud, keel toetub \u00f5rnalt suulaele, olles eesmise kolmandiku osas kontaktis k\u00f5vasuulae eesmise osaga\u00a0ning n\u00e4o-l\u00f5ualuude piirkonnas olevad lihased on tasakaalus. Ninahingamise takistuse korral on huuled avatud. Profiilis on n\u00e4ha iseloomulik n\u00e4okuju: pikenenud n\u00e4o alumine &#8230;<\/p>\n","protected":false},"author":12,"featured_media":0,"parent":0,"menu_order":0,"comment_status":"closed","ping_status":"closed","template":"","meta":{"_acf_changed":false,"inline_featured_image":false,"footnotes":""},"class_list":["post-7","page","type-page","status-publish","hentry"],"acf":[],"_links":{"self":[{"href":"https:\/\/sisu.ut.ee\/hammaste_anatoomia_oklusioon\/wp-json\/wp\/v2\/pages\/7","targetHints":{"allow":["GET"]}}],"collection":[{"href":"https:\/\/sisu.ut.ee\/hammaste_anatoomia_oklusioon\/wp-json\/wp\/v2\/pages"}],"about":[{"href":"https:\/\/sisu.ut.ee\/hammaste_anatoomia_oklusioon\/wp-json\/wp\/v2\/types\/page"}],"author":[{"embeddable":true,"href":"https:\/\/sisu.ut.ee\/hammaste_anatoomia_oklusioon\/wp-json\/wp\/v2\/users\/12"}],"replies":[{"embeddable":true,"href":"https:\/\/sisu.ut.ee\/hammaste_anatoomia_oklusioon\/wp-json\/wp\/v2\/comments?post=7"}],"version-history":[{"count":4,"href":"https:\/\/sisu.ut.ee\/hammaste_anatoomia_oklusioon\/wp-json\/wp\/v2\/pages\/7\/revisions"}],"predecessor-version":[{"id":550,"href":"https:\/\/sisu.ut.ee\/hammaste_anatoomia_oklusioon\/wp-json\/wp\/v2\/pages\/7\/revisions\/550"}],"wp:attachment":[{"href":"https:\/\/sisu.ut.ee\/hammaste_anatoomia_oklusioon\/wp-json\/wp\/v2\/media?parent=7"}],"curies":[{"name":"wp","href":"https:\/\/api.w.org\/{rel}","templated":true}]}}