{"id":66,"date":"2024-04-04T00:17:33","date_gmt":"2024-04-03T21:17:33","guid":{"rendered":"https:\/\/sisu.ut.ee\/hammaste_anatoomia_oklusioon\/alaloua-kolmas-molaar\/"},"modified":"2024-04-11T10:24:49","modified_gmt":"2024-04-11T07:24:49","slug":"alaloua-kolmas-molaar","status":"publish","type":"page","link":"https:\/\/sisu.ut.ee\/hammaste_anatoomia_oklusioon\/alaloua-kolmas-molaar\/","title":{"rendered":"Alal\u00f5ua kolmas molaar"},"content":{"rendered":"<ul>\n<li>L\u00f5ikub suhu 17.-21. eluaastal<\/li>\n<li>Hamba juurte areng l\u00f5ppeb 18.-25. eluaastaks<\/li>\n<li>Keskmine pikkus 18,5 mm<\/li>\n<\/ul>\n<p>Selle hamba <strong>anatoomia varieerub hammastest enim<\/strong>. Pulbiruum meenutab alal\u00f5ua teist molaari, kuid krooniosa paistab juurte jaoks liiga suur. Juured v\u00f5ivad olla l\u00fchemad, k\u00f5veramad v\u00f5i hoopis kokku kasvanud. Hambal esineb enim 2 juurt ja 3 juurekanalit, kuid v\u00f5ivad esineda ka suured variatsioonid (1-4 juurt ning 1-6 juurekanalit). Juurekanalid konvergeeruvad koronaalsest juuretipu suunas. Juurekanalid v\u00f5ivad olla \u00fchenduses, hargneda ning nende vahel v\u00f5ib esineda palju \u00fchendusi ehk istmuseid.<\/p>\n<p>Pulbikamber on ruudu- v\u00f5i kolmnurgakujuline vastavalt hamba v\u00e4liskujule. Pulbisarved v\u00f5ivad olla prominentsed v\u00f5i \u00fcldse puududa.<\/p>\n<p>Anatoomilistest variatsioonidest v\u00f5ib esineda ka C-kujuline kanals\u00fcsteem.<\/p>\n<h6><strong>Kas tead?<\/strong> Miks tarkusehambad tihti eemaldatakse? <a href=\"#\" data-bs-toggle=\"modal\" data-bs-target=\"#popup-modal\" data-title=\"(Vastus)\" data-content=\"Kolmandad molaarid ehk tarkusehambad on evolutsiooni k\u00e4igus oma funktsiooni ja t\u00e4htsust tuntavalt kaotanud. Nad on rudimendid, mis m\u00f5nedel inimestel juba suisa anatoomiliselt puuduvad. Inimeste toit on pehmem ja kergemini peenestatav ning nad ei vaja tarkusehambaid enam nii palju. Lisaks on tarkusehambaid raske puhastada ning tihti ei osale nad ka m\u00e4lumisel, kuna nad l\u00f5ikuvad ruumipuuduse t\u00f5ttu hambareast v\u00e4ljas (n\u00e4iteks m\u00e4lumispinnaga p\u00f5se suunas).&lt;strong&gt; Tarkusehambaid tasub s\u00e4ilitada vaid siis, kui hammas paikneb hambareas, tal on funktsioneeriv vastashammas v\u00f5i tarkusehammas on vajalik proteesi tugihambana.&lt;\/strong&gt;\">(Vastus)<\/a><\/h6>\n","protected":false},"excerpt":{"rendered":"<p>L\u00f5ikub suhu 17.-21. eluaastal Hamba juurte areng l\u00f5ppeb 18.-25. eluaastaks Keskmine pikkus 18,5 mm Selle hamba anatoomia varieerub hammastest enim. Pulbiruum meenutab alal\u00f5ua teist molaari, kuid krooniosa paistab juurte jaoks liiga suur. Juured v\u00f5ivad olla l\u00fchemad, k\u00f5veramad v\u00f5i hoopis kokku &#8230;<\/p>\n","protected":false},"author":12,"featured_media":0,"parent":0,"menu_order":0,"comment_status":"closed","ping_status":"closed","template":"","meta":{"_acf_changed":false,"inline_featured_image":false,"footnotes":""},"class_list":["post-66","page","type-page","status-publish","hentry"],"acf":[],"_links":{"self":[{"href":"https:\/\/sisu.ut.ee\/hammaste_anatoomia_oklusioon\/wp-json\/wp\/v2\/pages\/66","targetHints":{"allow":["GET"]}}],"collection":[{"href":"https:\/\/sisu.ut.ee\/hammaste_anatoomia_oklusioon\/wp-json\/wp\/v2\/pages"}],"about":[{"href":"https:\/\/sisu.ut.ee\/hammaste_anatoomia_oklusioon\/wp-json\/wp\/v2\/types\/page"}],"author":[{"embeddable":true,"href":"https:\/\/sisu.ut.ee\/hammaste_anatoomia_oklusioon\/wp-json\/wp\/v2\/users\/12"}],"replies":[{"embeddable":true,"href":"https:\/\/sisu.ut.ee\/hammaste_anatoomia_oklusioon\/wp-json\/wp\/v2\/comments?post=66"}],"version-history":[{"count":3,"href":"https:\/\/sisu.ut.ee\/hammaste_anatoomia_oklusioon\/wp-json\/wp\/v2\/pages\/66\/revisions"}],"predecessor-version":[{"id":533,"href":"https:\/\/sisu.ut.ee\/hammaste_anatoomia_oklusioon\/wp-json\/wp\/v2\/pages\/66\/revisions\/533"}],"wp:attachment":[{"href":"https:\/\/sisu.ut.ee\/hammaste_anatoomia_oklusioon\/wp-json\/wp\/v2\/media?parent=66"}],"curies":[{"name":"wp","href":"https:\/\/api.w.org\/{rel}","templated":true}]}}