{"id":63,"date":"2024-04-04T00:17:33","date_gmt":"2024-04-03T21:17:33","guid":{"rendered":"https:\/\/sisu.ut.ee\/hammaste_anatoomia_oklusioon\/alaloua-teine-premolaar-d35\/"},"modified":"2024-04-11T10:02:50","modified_gmt":"2024-04-11T07:02:50","slug":"alaloua-teine-premolaar-d35","status":"publish","type":"page","link":"https:\/\/sisu.ut.ee\/hammaste_anatoomia_oklusioon\/alaloua-teine-premolaar-d35\/","title":{"rendered":"Alal\u00f5ua teine premolaar"},"content":{"rendered":"<ul>\n<li><img loading=\"lazy\" decoding=\"async\" style=\"float: right; margin-left: 20px; margin-right: 20px;\" title=\"Hammas 35 (D35) erinevad vaated.\" src=\"https:\/\/sisu.ut.ee\/hammaste_anatoomia_oklusioon\/files\/d35.png?itok=t0bNIiA5\" width=\"340\" height=\"718\" data-file_info=\"%7B%22fid%22:%2210772%22,%22view_mode%22:%22default%22,%22type%22:%22media%22%7D\">L\u00f5ikub suhu 11.-12. eluaastal<\/li>\n<li>Hamba juure areng l\u00f5ppeb 13.-14. eluaastaks<\/li>\n<li>Keskmine pikkus 22,3 mm<\/li>\n<li>Juurekanali kurvatuurid sirge &gt; distaalsele &gt; bukaalsele &gt; bajonett<\/li>\n<\/ul>\n<p>Alal\u00f5ua teisel premolaaril on <strong>suurem krooniosa ning juur<\/strong> <strong>kui esimesel alal\u00f5ua premolaaril<\/strong>. Pulbikamber on suurem, kuid seda vaid krooni osas. Pulbisarved on alal\u00f5ua esimesest premolaarist prominentsemad ning lingvaalne k\u00f6ber (ning ka pulbisarv) on tugevamalt v\u00e4ljendunud kui eelmainitud hambal. Pulbikamber kitseneb tugevalt juurekanali suudmeosas. Juurekanal kitseneb krooni poolt juuretipu suunas. Hamba juur v\u00f5ib olla k\u00f5verdunud distaalsuunas. <strong>\u00dcksikus juures<\/strong> paikneb <strong>enamasti \u00fcks juurekanal<\/strong>, mis kulgeb juures tsentraalselt. Juur on l\u00e4bil\u00f5ikelt kas ovaalne, kolmnurkne v\u00f5i trapetsi kujuga.<\/p>\n<p>Anatoomilistest variatsioonidest esinevad <strong>kahe juurega premolaarid<\/strong>, millel on kaks kuni neli juurekanalit ning esineb ka nn. <strong>minimolaare<\/strong>, millel 3 juurt ja juurekanalit. Nende juured v\u00f5ivad olla ka osaliselt v\u00f5i t\u00e4ielikult kokku sulandunud.<\/p>\n<p><img loading=\"lazy\" decoding=\"async\" class=\"alignnone wp-image-527 size-full\" src=\"https:\/\/sisu.ut.ee\/wp-content\/uploads\/sites\/114\/d35_1_0.png\" alt=\"\" width=\"267\" height=\"366\" srcset=\"https:\/\/sisu.ut.ee\/wp-content\/uploads\/sites\/114\/d35_1_0.png 267w, https:\/\/sisu.ut.ee\/wp-content\/uploads\/sites\/114\/d35_1_0-219x300.png 219w\" sizes=\"auto, (max-width: 267px) 100vw, 267px\"><\/p>\n","protected":false},"excerpt":{"rendered":"<p>L\u00f5ikub suhu 11.-12. eluaastal Hamba juure areng l\u00f5ppeb 13.-14. eluaastaks Keskmine pikkus 22,3 mm Juurekanali kurvatuurid sirge &gt; distaalsele &gt; bukaalsele &gt; bajonett Alal\u00f5ua teisel premolaaril on suurem krooniosa ning juur kui esimesel alal\u00f5ua premolaaril. Pulbikamber on suurem, kuid seda &#8230;<\/p>\n","protected":false},"author":12,"featured_media":0,"parent":0,"menu_order":0,"comment_status":"closed","ping_status":"closed","template":"","meta":{"_acf_changed":false,"inline_featured_image":false,"footnotes":""},"class_list":["post-63","page","type-page","status-publish","hentry"],"acf":[],"_links":{"self":[{"href":"https:\/\/sisu.ut.ee\/hammaste_anatoomia_oklusioon\/wp-json\/wp\/v2\/pages\/63","targetHints":{"allow":["GET"]}}],"collection":[{"href":"https:\/\/sisu.ut.ee\/hammaste_anatoomia_oklusioon\/wp-json\/wp\/v2\/pages"}],"about":[{"href":"https:\/\/sisu.ut.ee\/hammaste_anatoomia_oklusioon\/wp-json\/wp\/v2\/types\/page"}],"author":[{"embeddable":true,"href":"https:\/\/sisu.ut.ee\/hammaste_anatoomia_oklusioon\/wp-json\/wp\/v2\/users\/12"}],"replies":[{"embeddable":true,"href":"https:\/\/sisu.ut.ee\/hammaste_anatoomia_oklusioon\/wp-json\/wp\/v2\/comments?post=63"}],"version-history":[{"count":2,"href":"https:\/\/sisu.ut.ee\/hammaste_anatoomia_oklusioon\/wp-json\/wp\/v2\/pages\/63\/revisions"}],"predecessor-version":[{"id":528,"href":"https:\/\/sisu.ut.ee\/hammaste_anatoomia_oklusioon\/wp-json\/wp\/v2\/pages\/63\/revisions\/528"}],"wp:attachment":[{"href":"https:\/\/sisu.ut.ee\/hammaste_anatoomia_oklusioon\/wp-json\/wp\/v2\/media?parent=63"}],"curies":[{"name":"wp","href":"https:\/\/api.w.org\/{rel}","templated":true}]}}