{"id":62,"date":"2024-04-04T00:17:33","date_gmt":"2024-04-03T21:17:33","guid":{"rendered":"https:\/\/sisu.ut.ee\/hammaste_anatoomia_oklusioon\/alaloua-esimene-premolaar-d44\/"},"modified":"2024-04-12T13:57:57","modified_gmt":"2024-04-12T10:57:57","slug":"alaloua-esimene-premolaar-d44","status":"publish","type":"page","link":"https:\/\/sisu.ut.ee\/hammaste_anatoomia_oklusioon\/alaloua-esimene-premolaar-d44\/","title":{"rendered":"Alal\u00f5ua esimene premolaar"},"content":{"rendered":"<ul>\n<li><img loading=\"lazy\" decoding=\"async\" style=\"float: right;\" title=\"Hammas 44 (D44) erinevad vaated.\" src=\"https:\/\/sisu.ut.ee\/hammaste_anatoomia_oklusioon\/files\/d44.png?itok=gBBqlgel\" width=\"340\" height=\"718\" data-file_info=\"%7B%22fid%22:%2210769%22,%22view_mode%22:%22default%22,%22type%22:%22media%22%7D\">L\u00f5ikub suhu 10.-12. eluaastal<\/li>\n<li>Hamba juure areng l\u00f5ppeb 12.-13. eluaastaks<\/li>\n<li>Keskmine pikkus 21,6 mm<\/li>\n<li>Juurekanali kurvatuurid sirge &gt; distaalsele &gt; bukaalsele<\/li>\n<\/ul>\n<p>Alal\u00f5ua esimene premolaar <strong>n\u00e4eb v\u00e4lja kui alal\u00f5ua kaniin lisakuspiga lingvaalsel<\/strong>. Pulbikamber on samuti eelmainitud hambale sarnane. <strong>Enamasti<\/strong> on hambal <strong>\u00fcks juur<\/strong> ja <strong>\u00fcks juurekanal<\/strong>.<\/p>\n<p>Pulbisarv bukaalsel on prominentsem kui v\u00e4ike t\u00f6mp lingvaalne pulbisarv. Pulbikamber on reeglina avar. Pulbiruum on laiem bukolingvaalselt kui mesiodistaalselt ning kitseneb j\u00e4rsult juurekanali suudmeosas, juurekanali seinad koonduvad ehk konvergeeruvad juure tipuosa suunas. Pulbikamber ja juurekanal on hamba v\u00e4liskontuuridega proportsioonis. Juure ristl\u00e4bil\u00f5ige v\u00f5ib olla ovaalne v\u00f5i kolmnurgakujuline. Pulbikamber v\u00f5ib olla l\u00e4bil\u00f5ikes ovaalne, elliptiline v\u00f5i kolmnurkne, olenedes juure v\u00e4liskujust. Hambal on <strong>tavaliselt \u00fcks lai juurekanal<\/strong>.<\/p>\n<p>V\u00f5ib esineda kahe v\u00f5i kolme juurekanaliga hammas ning v\u00e4ga harva C-kujulise juurekanalis\u00fcsteemiga hammas.<\/p>\n<h6><strong>Kas tead?<\/strong> Mis on C-kujuline juurekanalis\u00fcsteem?<\/h6>\n<a href=\"#\" data-bs-toggle=\"modal\" data-bs-target=\"#popup-modal\" data-title=\"&lt;strong&gt;(Vastus)&lt;\/strong&gt;\" data-content='&lt;strong&gt;Enim&lt;\/strong&gt; selliseid hambaid esineb&lt;strong&gt; alal\u00f5ua teisel molaaril&lt;\/strong&gt;, samas ka alal\u00f5ua esimesel molaaril, \u00fclal\u00f5ua molaaridel ning alal\u00f5ua esimesel premolaaril. Etniliselt esineb seda rohkem asiaatidel ja valge rassi esindajatel. Seda anatoomilist variatsiooni iseloomustab&lt;strong&gt; ristl\u00e4bil\u00f5ikes n\u00e4htav kanalite kokkusulandunud suudmetest moodustunud C-t\u00e4he kuju&lt;\/strong&gt;. C-kujuline kanals\u00fcsteem v\u00f5ib kulgeda krooniosast kuni juuretipuni v\u00f5i hargneda vastavalt mingil kaugusel erinevateks juurekanaliteks. S\u00fcsteemile on omased&lt;strong&gt; laiad kanaleid \u00fchendavad istmused&lt;\/strong&gt; ja hambal on &lt;strong&gt;kokkusulandunud juured&lt;\/strong&gt;. Need hambad, millel vastav kanals\u00fcsteem esineb, on ka kogenud endodontidele \u00fched&lt;strong&gt; raskeimad ravida&lt;\/strong&gt;, kuna pulbiruum on halvasti mehaaniliselt t\u00f6\u00f6deldav ning kasutada tuleb palju keemilisi vahendeid. Samuti tekib raskusi vastavate hammaste hilisema proteetilise taastamisega.&lt;\/p&gt;\n&lt;p&gt;&lt;img class=\"alignnone size-full wp-image-186\" src=\"https:\/\/sisu.ut.ee\/wp-content\/uploads\/sites\/114\/d44_1.png\" alt=\"\" width=\"473\" height=\"315\" \/&gt;&lt;\/p&gt;\n&lt;p&gt;Alal\u00f5ua teine molaar D37, mille pulbiruumi kaviteedis on n\u00e4ha C-t\u00e4he kujuline kanaleid \u00fchendav kanalisuue.'><strong>(Vastus)<\/strong><\/a>\n","protected":false},"excerpt":{"rendered":"<p>L\u00f5ikub suhu 10.-12. eluaastal Hamba juure areng l\u00f5ppeb 12.-13. eluaastaks Keskmine pikkus 21,6 mm Juurekanali kurvatuurid sirge &gt; distaalsele &gt; bukaalsele Alal\u00f5ua esimene premolaar n\u00e4eb v\u00e4lja kui alal\u00f5ua kaniin lisakuspiga lingvaalsel. Pulbikamber on samuti eelmainitud hambale sarnane. Enamasti on hambal &#8230;<\/p>\n","protected":false},"author":12,"featured_media":0,"parent":0,"menu_order":0,"comment_status":"closed","ping_status":"closed","template":"","meta":{"_acf_changed":false,"inline_featured_image":false,"footnotes":""},"class_list":["post-62","page","type-page","status-publish","hentry"],"acf":[],"_links":{"self":[{"href":"https:\/\/sisu.ut.ee\/hammaste_anatoomia_oklusioon\/wp-json\/wp\/v2\/pages\/62","targetHints":{"allow":["GET"]}}],"collection":[{"href":"https:\/\/sisu.ut.ee\/hammaste_anatoomia_oklusioon\/wp-json\/wp\/v2\/pages"}],"about":[{"href":"https:\/\/sisu.ut.ee\/hammaste_anatoomia_oklusioon\/wp-json\/wp\/v2\/types\/page"}],"author":[{"embeddable":true,"href":"https:\/\/sisu.ut.ee\/hammaste_anatoomia_oklusioon\/wp-json\/wp\/v2\/users\/12"}],"replies":[{"embeddable":true,"href":"https:\/\/sisu.ut.ee\/hammaste_anatoomia_oklusioon\/wp-json\/wp\/v2\/comments?post=62"}],"version-history":[{"count":12,"href":"https:\/\/sisu.ut.ee\/hammaste_anatoomia_oklusioon\/wp-json\/wp\/v2\/pages\/62\/revisions"}],"predecessor-version":[{"id":546,"href":"https:\/\/sisu.ut.ee\/hammaste_anatoomia_oklusioon\/wp-json\/wp\/v2\/pages\/62\/revisions\/546"}],"wp:attachment":[{"href":"https:\/\/sisu.ut.ee\/hammaste_anatoomia_oklusioon\/wp-json\/wp\/v2\/media?parent=62"}],"curies":[{"name":"wp","href":"https:\/\/api.w.org\/{rel}","templated":true}]}}