{"id":61,"date":"2024-04-04T00:17:32","date_gmt":"2024-04-03T21:17:32","guid":{"rendered":"https:\/\/sisu.ut.ee\/hammaste_anatoomia_oklusioon\/alaloua-kaniin-d43\/"},"modified":"2024-04-04T00:18:18","modified_gmt":"2024-04-03T21:18:18","slug":"alaloua-kaniin-d43","status":"publish","type":"page","link":"https:\/\/sisu.ut.ee\/hammaste_anatoomia_oklusioon\/alaloua-kaniin-d43\/","title":{"rendered":"Alal\u00f5ua kaniin"},"content":{"rendered":"<ul>\n<li><img loading=\"lazy\" decoding=\"async\" style=\"float: right\" src=\"https:\/\/sisu.ut.ee\/hammaste_anatoomia_oklusioon\/files\/d43.png?itok=djr75Vk2\" title=\"Hammas 43 (D43) erinevad vaated.\" width=\"340\" height=\"718\" data-file_info=\"%7B%22fid%22:%2210768%22,%22view_mode%22:%22default%22,%22type%22:%22media%22%7D\">L\u00f5ikub suhu 9.-10. eluaastal<\/li>\n<li>Hamba juure areng l\u00f5ppeb 13. eluaastaks<\/li>\n<li>Keskmine pikkus 25,6 mm<\/li>\n<li>Juurekurvatuur sirge &gt; distaalsele &gt; labiaalsele<\/li>\n<\/ul>\n<p>Alal\u00f5ua kaniin on <strong>sarnane \u00fclal\u00f5ua kaniinile<\/strong>, kuid m\u00f5\u00f5tmetelt on ta pisut v\u00e4iksem ja l\u00fchem. Erinevus \u00fclal\u00f5ua kaniiniga on selles, et <strong>alal\u00f5ua kaniinil v\u00f5ib tihti leida ainsast juurest 2 juurekanalit,<\/strong> mis on eraldatud dentiinisaarekesega. Hamba juur on lai labiolingvaalselt, kuid kitsas mesiodistaalselt. Pulbikamber on suhteliselt lai, kuid kitseneb m\u00e4rkimisv\u00e4\u00e4rselt juurekanali suudmeosas. Juurekanal kitseneb krooni poolt juuretipu suunas. Juure ristl\u00e4bil\u00f5ige v\u00f5ib olla ovaalne, nelinurkne v\u00f5i kolmnurkne ning juurekanal matkib juure ristl\u00e4bil\u00f5iget.<\/p>\n<p>Anatoomilistest ise\u00e4rasustest esineb vahel alumine kaniin kahe juurega, m\u00f5lemas juures \u00fcks juurekanal.<\/p>\n","protected":false},"excerpt":{"rendered":"<p>L\u00f5ikub suhu 9.-10. eluaastal Hamba juure areng l\u00f5ppeb 13. eluaastaks Keskmine pikkus 25,6 mm Juurekurvatuur sirge &gt; distaalsele &gt; labiaalsele Alal\u00f5ua kaniin on sarnane \u00fclal\u00f5ua kaniinile, kuid m\u00f5\u00f5tmetelt on ta pisut v\u00e4iksem ja l\u00fchem. Erinevus \u00fclal\u00f5ua kaniiniga on selles, et &#8230;<\/p>\n","protected":false},"author":12,"featured_media":0,"parent":0,"menu_order":0,"comment_status":"closed","ping_status":"closed","template":"","meta":{"_acf_changed":false,"inline_featured_image":false,"footnotes":""},"class_list":["post-61","page","type-page","status-publish","hentry"],"acf":[],"_links":{"self":[{"href":"https:\/\/sisu.ut.ee\/hammaste_anatoomia_oklusioon\/wp-json\/wp\/v2\/pages\/61","targetHints":{"allow":["GET"]}}],"collection":[{"href":"https:\/\/sisu.ut.ee\/hammaste_anatoomia_oklusioon\/wp-json\/wp\/v2\/pages"}],"about":[{"href":"https:\/\/sisu.ut.ee\/hammaste_anatoomia_oklusioon\/wp-json\/wp\/v2\/types\/page"}],"author":[{"embeddable":true,"href":"https:\/\/sisu.ut.ee\/hammaste_anatoomia_oklusioon\/wp-json\/wp\/v2\/users\/12"}],"replies":[{"embeddable":true,"href":"https:\/\/sisu.ut.ee\/hammaste_anatoomia_oklusioon\/wp-json\/wp\/v2\/comments?post=61"}],"version-history":[{"count":1,"href":"https:\/\/sisu.ut.ee\/hammaste_anatoomia_oklusioon\/wp-json\/wp\/v2\/pages\/61\/revisions"}],"predecessor-version":[{"id":335,"href":"https:\/\/sisu.ut.ee\/hammaste_anatoomia_oklusioon\/wp-json\/wp\/v2\/pages\/61\/revisions\/335"}],"wp:attachment":[{"href":"https:\/\/sisu.ut.ee\/hammaste_anatoomia_oklusioon\/wp-json\/wp\/v2\/media?parent=61"}],"curies":[{"name":"wp","href":"https:\/\/api.w.org\/{rel}","templated":true}]}}