{"id":60,"date":"2024-04-04T00:17:32","date_gmt":"2024-04-03T21:17:32","guid":{"rendered":"https:\/\/sisu.ut.ee\/hammaste_anatoomia_oklusioon\/alaloua-lateraalne-intsisiiv-d42\/"},"modified":"2024-04-04T00:18:18","modified_gmt":"2024-04-03T21:18:18","slug":"alaloua-lateraalne-intsisiiv-d42","status":"publish","type":"page","link":"https:\/\/sisu.ut.ee\/hammaste_anatoomia_oklusioon\/alaloua-lateraalne-intsisiiv-d42\/","title":{"rendered":"Alal\u00f5ua lateraalne intsisiiv"},"content":{"rendered":"<ul>\n<li><img loading=\"lazy\" decoding=\"async\" style=\"float: right\" src=\"https:\/\/sisu.ut.ee\/hammaste_anatoomia_oklusioon\/files\/d42.png?itok=lNPZlXKg\" title=\"Hammas 42 (D42) erinevad vaated.\" width=\"340\" height=\"718\" data-file_info=\"%7B%22fid%22:%2210767%22,%22view_mode%22:%22default%22,%22type%22:%22media%22%7D\">L\u00f5ikub suhu 6.-8. eluaastal<\/li>\n<li>Hamba juure areng l\u00f5ppeb 9.-10. eluaastaks<\/li>\n<li>Keskmine pikkus 20,7 mm<\/li>\n<li>Juurekurvatuur sirge &gt; distaalsele &gt; labiaalsele<\/li>\n<\/ul>\n<p>Alal\u00f5ua lateraalne intsisiiv on <strong>eelnevast hambast pisut suurem<\/strong> oma k\u00f5ikides m\u00f5\u00f5tmetes, kuid sarnane eelnevale. Hambal on samuti <strong>\u00fcks juur <\/strong>ja<strong> \u00fcks juurekanal<\/strong>, kuid <strong>tihti v\u00f5ib olla kanaleid kaks<\/strong>.<\/p>\n<p>Pulbikamber on pisut suurem kui esimesel intsisiivil, juurekanal paikneb hamba ristl\u00e4bil\u00f5ike keskosas. Juur on pisut suurem kui alal\u00f5ua tsentraalsel intsisiivil. Juure l\u00e4bil\u00f5ige v\u00f5ib olla ovaalne v\u00f5i elliptiline. Juure v\u00e4lispinnal v\u00f5ivad esineda juurevaod mesiaalselt ja distaalselt. Juurekanal on sarnase kujuga vastavalt juure l\u00e4bil\u00f5ikele.<\/p>\n<p>Anatoomilisi ise\u00e4rasusi esineb \u00fcliharva.<\/p>\n","protected":false},"excerpt":{"rendered":"<p>L\u00f5ikub suhu 6.-8. eluaastal Hamba juure areng l\u00f5ppeb 9.-10. eluaastaks Keskmine pikkus 20,7 mm Juurekurvatuur sirge &gt; distaalsele &gt; labiaalsele Alal\u00f5ua lateraalne intsisiiv on eelnevast hambast pisut suurem oma k\u00f5ikides m\u00f5\u00f5tmetes, kuid sarnane eelnevale. Hambal on samuti \u00fcks juur ja &#8230;<\/p>\n","protected":false},"author":12,"featured_media":0,"parent":0,"menu_order":0,"comment_status":"closed","ping_status":"closed","template":"","meta":{"_acf_changed":false,"inline_featured_image":false,"footnotes":""},"class_list":["post-60","page","type-page","status-publish","hentry"],"acf":[],"_links":{"self":[{"href":"https:\/\/sisu.ut.ee\/hammaste_anatoomia_oklusioon\/wp-json\/wp\/v2\/pages\/60","targetHints":{"allow":["GET"]}}],"collection":[{"href":"https:\/\/sisu.ut.ee\/hammaste_anatoomia_oklusioon\/wp-json\/wp\/v2\/pages"}],"about":[{"href":"https:\/\/sisu.ut.ee\/hammaste_anatoomia_oklusioon\/wp-json\/wp\/v2\/types\/page"}],"author":[{"embeddable":true,"href":"https:\/\/sisu.ut.ee\/hammaste_anatoomia_oklusioon\/wp-json\/wp\/v2\/users\/12"}],"replies":[{"embeddable":true,"href":"https:\/\/sisu.ut.ee\/hammaste_anatoomia_oklusioon\/wp-json\/wp\/v2\/comments?post=60"}],"version-history":[{"count":1,"href":"https:\/\/sisu.ut.ee\/hammaste_anatoomia_oklusioon\/wp-json\/wp\/v2\/pages\/60\/revisions"}],"predecessor-version":[{"id":336,"href":"https:\/\/sisu.ut.ee\/hammaste_anatoomia_oklusioon\/wp-json\/wp\/v2\/pages\/60\/revisions\/336"}],"wp:attachment":[{"href":"https:\/\/sisu.ut.ee\/hammaste_anatoomia_oklusioon\/wp-json\/wp\/v2\/media?parent=60"}],"curies":[{"name":"wp","href":"https:\/\/api.w.org\/{rel}","templated":true}]}}