{"id":59,"date":"2024-04-04T00:17:32","date_gmt":"2024-04-03T21:17:32","guid":{"rendered":"https:\/\/sisu.ut.ee\/hammaste_anatoomia_oklusioon\/alaloua-tsentraalne-intsisiiv-d41\/"},"modified":"2024-04-04T00:18:18","modified_gmt":"2024-04-03T21:18:18","slug":"alaloua-tsentraalne-intsisiiv-d41","status":"publish","type":"page","link":"https:\/\/sisu.ut.ee\/hammaste_anatoomia_oklusioon\/alaloua-tsentraalne-intsisiiv-d41\/","title":{"rendered":"Alal\u00f5ua tsentraalne intsisiiv"},"content":{"rendered":"<ul>\n<li><img loading=\"lazy\" decoding=\"async\" style=\"float: right\" src=\"https:\/\/sisu.ut.ee\/hammaste_anatoomia_oklusioon\/files\/d41.png?itok=prFdzhe3\" title=\"Hammas 41 (D41) erinevad vaated.\" width=\"470\" height=\"684\" data-file_info=\"%7B%22fid%22:%2210766%22,%22view_mode%22:%22default%22,%22type%22:%22media%22%7D\">L\u00f5ikub suhu 6.-8. eluaastal<\/li>\n<li>Hamba juure areng l\u00f5ppeb 9.-10. eluaastaks<\/li>\n<li>Keskmine pikkus 20,7 mm<\/li>\n<li>Juurekurvatuur sirge &gt; distaalsele &gt; labiaalsele<\/li>\n<\/ul>\n<p>See hammas on hammaskonna <strong>k\u00f5ige v\u00e4iksem ja n\u00f5rgem<\/strong>. Hambal on tihti<strong> \u00fcks juur <\/strong>ja<strong> \u00fcks juurekanal<\/strong>, kuid 2\/5 juhtudest on hambal juurekanaleid <strong>kaks<\/strong> \u2013 <strong>labiaalne<\/strong> ja <strong>lingvaalne<\/strong> juurekanal.<\/p>\n<p>Hambajuur on bukolingvaalsuunas v\u00e4ljavenitatud, mesiodistaalsuunas on hammas v\u00e4iksemate m\u00f5\u00f5tmetega. Pulbikamber on v\u00e4ikese diameetriga ja k\u00f5rge. L\u00e4bil\u00f5ikelt on pulbikamber \u00fcmar, ovaalne v\u00f5i elliptiline.<strong> Juurekanalite l\u00e4bil\u00f5ige on sarnane juure v\u00e4liskujule<\/strong>: ovaalne juur, ovaalne juurekanal jne. \u00dche juurekanali esinemisel on tegu labiolingvaalselt laia ning mesiodistaalselt v\u00e4ga kitsa juurekanaliga. Juurekanal konvergeerub juuretipu suunas. Mitme juurekanali esinemisel hambas v\u00f5ivad kanalite vahelisel alal paikneda <strong>dentiinisaarekesed<\/strong>. Kanalid v\u00f5ivad \u00fchineda, harva kulgevad nad eraldi kogu hamba pikkuses. Juurekanalid on tavaliselt v\u00e4ga v\u00e4ikese diameetriga.<\/p>\n<p>Anatoomilisi ise\u00e4rasusi esineb \u00fcliharva.<\/p>\n","protected":false},"excerpt":{"rendered":"<p>L\u00f5ikub suhu 6.-8. eluaastal Hamba juure areng l\u00f5ppeb 9.-10. eluaastaks Keskmine pikkus 20,7 mm Juurekurvatuur sirge &gt; distaalsele &gt; labiaalsele See hammas on hammaskonna k\u00f5ige v\u00e4iksem ja n\u00f5rgem. Hambal on tihti \u00fcks juur ja \u00fcks juurekanal, kuid 2\/5 juhtudest on &#8230;<\/p>\n","protected":false},"author":12,"featured_media":0,"parent":0,"menu_order":0,"comment_status":"closed","ping_status":"closed","template":"","meta":{"_acf_changed":false,"inline_featured_image":false,"footnotes":""},"class_list":["post-59","page","type-page","status-publish","hentry"],"acf":[],"_links":{"self":[{"href":"https:\/\/sisu.ut.ee\/hammaste_anatoomia_oklusioon\/wp-json\/wp\/v2\/pages\/59","targetHints":{"allow":["GET"]}}],"collection":[{"href":"https:\/\/sisu.ut.ee\/hammaste_anatoomia_oklusioon\/wp-json\/wp\/v2\/pages"}],"about":[{"href":"https:\/\/sisu.ut.ee\/hammaste_anatoomia_oklusioon\/wp-json\/wp\/v2\/types\/page"}],"author":[{"embeddable":true,"href":"https:\/\/sisu.ut.ee\/hammaste_anatoomia_oklusioon\/wp-json\/wp\/v2\/users\/12"}],"replies":[{"embeddable":true,"href":"https:\/\/sisu.ut.ee\/hammaste_anatoomia_oklusioon\/wp-json\/wp\/v2\/comments?post=59"}],"version-history":[{"count":1,"href":"https:\/\/sisu.ut.ee\/hammaste_anatoomia_oklusioon\/wp-json\/wp\/v2\/pages\/59\/revisions"}],"predecessor-version":[{"id":337,"href":"https:\/\/sisu.ut.ee\/hammaste_anatoomia_oklusioon\/wp-json\/wp\/v2\/pages\/59\/revisions\/337"}],"wp:attachment":[{"href":"https:\/\/sisu.ut.ee\/hammaste_anatoomia_oklusioon\/wp-json\/wp\/v2\/media?parent=59"}],"curies":[{"name":"wp","href":"https:\/\/api.w.org\/{rel}","templated":true}]}}