{"id":58,"date":"2024-04-04T00:17:32","date_gmt":"2024-04-03T21:17:32","guid":{"rendered":"https:\/\/sisu.ut.ee\/hammaste_anatoomia_oklusioon\/ulaloua-kolmas-molaar-d18\/"},"modified":"2024-04-04T00:18:18","modified_gmt":"2024-04-03T21:18:18","slug":"ulaloua-kolmas-molaar-d18","status":"publish","type":"page","link":"https:\/\/sisu.ut.ee\/hammaste_anatoomia_oklusioon\/ulaloua-kolmas-molaar-d18\/","title":{"rendered":"\u00dclal\u00f5ua kolmas molaar"},"content":{"rendered":"<ul>\n<li><img loading=\"lazy\" decoding=\"async\" style=\"float: right\" src=\"https:\/\/sisu.ut.ee\/hammaste_anatoomia_oklusioon\/files\/d18.png?itok=upXLVq3b\" title=\"Hammas 18 (D18) erinevad vaated.\" width=\"470\" height=\"684\" data-file_info=\"%7B%22fid%22:%2210765%22,%22view_mode%22:%22default%22,%22type%22:%22media%22%7D\">L\u00f5ikub suhu 17.-22. eluaastal<\/li>\n<li>Hamba juurte areng l\u00f5ppeb 18.-25. eluaastaks<\/li>\n<li>Keskmine pikkus 17 mm<\/li>\n<\/ul>\n<p>\u00dclal\u00f5ua kolmanda molaari <strong>anatoomia varieerub enim \u00fclal\u00f5ua hammastest<\/strong>. T\u00e4pset reeglistikku hamba kohta pole, kuna variatsioone on v\u00e4ga palju. Hammas on <strong>\u00fclal\u00f5ua molaaridest k\u00f5ige v\u00e4iksem<\/strong>. Hamba krooniosa on tihti kolmnurkne v\u00f5i \u00fcmar. Juured on l\u00fchemad, k\u00f5veramad ning tihti on juured kokku sulandunud.\u00a0<\/p>\n","protected":false},"excerpt":{"rendered":"<p>L\u00f5ikub suhu 17.-22. eluaastal Hamba juurte areng l\u00f5ppeb 18.-25. eluaastaks Keskmine pikkus 17 mm \u00dclal\u00f5ua kolmanda molaari anatoomia varieerub enim \u00fclal\u00f5ua hammastest. T\u00e4pset reeglistikku hamba kohta pole, kuna variatsioone on v\u00e4ga palju. Hammas on \u00fclal\u00f5ua molaaridest k\u00f5ige v\u00e4iksem. Hamba krooniosa &#8230;<\/p>\n","protected":false},"author":12,"featured_media":0,"parent":0,"menu_order":0,"comment_status":"closed","ping_status":"closed","template":"","meta":{"_acf_changed":false,"inline_featured_image":false,"footnotes":""},"class_list":["post-58","page","type-page","status-publish","hentry"],"acf":[],"_links":{"self":[{"href":"https:\/\/sisu.ut.ee\/hammaste_anatoomia_oklusioon\/wp-json\/wp\/v2\/pages\/58","targetHints":{"allow":["GET"]}}],"collection":[{"href":"https:\/\/sisu.ut.ee\/hammaste_anatoomia_oklusioon\/wp-json\/wp\/v2\/pages"}],"about":[{"href":"https:\/\/sisu.ut.ee\/hammaste_anatoomia_oklusioon\/wp-json\/wp\/v2\/types\/page"}],"author":[{"embeddable":true,"href":"https:\/\/sisu.ut.ee\/hammaste_anatoomia_oklusioon\/wp-json\/wp\/v2\/users\/12"}],"replies":[{"embeddable":true,"href":"https:\/\/sisu.ut.ee\/hammaste_anatoomia_oklusioon\/wp-json\/wp\/v2\/comments?post=58"}],"version-history":[{"count":1,"href":"https:\/\/sisu.ut.ee\/hammaste_anatoomia_oklusioon\/wp-json\/wp\/v2\/pages\/58\/revisions"}],"predecessor-version":[{"id":338,"href":"https:\/\/sisu.ut.ee\/hammaste_anatoomia_oklusioon\/wp-json\/wp\/v2\/pages\/58\/revisions\/338"}],"wp:attachment":[{"href":"https:\/\/sisu.ut.ee\/hammaste_anatoomia_oklusioon\/wp-json\/wp\/v2\/media?parent=58"}],"curies":[{"name":"wp","href":"https:\/\/api.w.org\/{rel}","templated":true}]}}