{"id":571,"date":"2025-02-03T10:32:52","date_gmt":"2025-02-03T08:32:52","guid":{"rendered":"https:\/\/sisu.ut.ee\/hammaste_anatoomia_oklusioon\/?page_id=571"},"modified":"2025-02-03T10:32:52","modified_gmt":"2025-02-03T08:32:52","slug":"test-sulg-2","status":"publish","type":"page","link":"https:\/\/sisu.ut.ee\/hammaste_anatoomia_oklusioon\/test-sulg-2\/","title":{"rendered":"Test: s\u00fclg"},"content":{"rendered":"<div id=\"watupro_quiz\" class=\"quiz-area single-page-quiz\">\n<p id=\"submittingExam17\" style=\"display:none;text-align:center;\"><img loading=\"lazy\" decoding=\"async\" src=\"https:\/\/sisu.ut.ee\/wp-content\/plugins\/watupro\/img\/loading.gif\" width=\"16\" height=\"16\"><\/p>\n\n<div class=\"watupro-exam-description\" id=\"description-quiz-17\"><p>Test koosneb neljast k\u00fcsimusest. Igal k\u00fcsimusel on neli vastusevarianti, millest \u00fcks on \u00f5ige v\u00f5i k\u00f5ige \u00f5igem. Soovin edu!<\/p>\n<\/div>\n\n<form action=\"\" method=\"post\" class=\"quiz-form\" id=\"quiz-17\" enctype=\"multipart\/form-data\">\n<div class=\"watu-question \" id=\"question-1\" style=\";\"><div id=\"questionWrap-1\" class=\"   watupro-question-id-134\">\n\t\t\t<div class=\"question-content\"><div>Milline j\u00e4rgmistest EI OLE s\u00fclje funktsioon?<\/div><input type=\"hidden\" name=\"question_id[]\" id=\"qID_1\" value=\"134\" class=\"watupro-question-id\"><input type=\"hidden\" id=\"answerType134\" class=\"answerTypeCnt1\" value=\"radio\"><!-- end question-content--><\/div><div class=\"question-choices watupro-choices-columns \" id=\"questionChoices134\"><div class=\"watupro-question-choice  \" dir=\"auto\"><input type=\"radio\" name=\"answer-134[]\" id=\"answer-id-682\" class=\"answer   answerof-134 \" value=\"682\"><label for=\"answer-id-682\" id=\"answer-label-682\" class=\" answer\"><span>Seedimise toetamine <\/span><\/label><\/div><div class=\"watupro-question-choice  \" dir=\"auto\"><input type=\"radio\" name=\"answer-134[]\" id=\"answer-id-683\" class=\"answer   answerof-134 \" value=\"683\"><label for=\"answer-id-683\" id=\"answer-label-683\" class=\" answer\"><span>Suu happesuse tasakaalustamine <\/span><\/label><\/div><div class=\"watupro-question-choice  \" dir=\"auto\"><input type=\"radio\" name=\"answer-134[]\" id=\"answer-id-681\" class=\"answer   answerof-134 \" value=\"681\"><label for=\"answer-id-681\" id=\"answer-label-681\" class=\" answer\"><span>Hambakaariese p\u00f5hjustamine <\/span><\/label><\/div><div class=\"watupro-question-choice  \" dir=\"auto\"><input type=\"radio\" name=\"answer-134[]\" id=\"answer-id-684\" class=\"answer   answerof-134 \" value=\"684\"><label for=\"answer-id-684\" id=\"answer-label-684\" class=\" answer\"><span>Hambaemaili tugevdamine<\/span><\/label><\/div><!-- end question-choices--><\/div><!-- end questionWrap--><\/div><\/div><div class=\"watu-question \" id=\"question-2\" style=\";\"><div id=\"questionWrap-2\" class=\"   watupro-question-id-133\">\n\t\t\t<div class=\"question-content\"><div>Millist meetodit EI soovitata suukuivuse leevendamiseks?<\/div><input type=\"hidden\" name=\"question_id[]\" id=\"qID_2\" value=\"133\" class=\"watupro-question-id\"><input type=\"hidden\" id=\"answerType133\" class=\"answerTypeCnt2\" value=\"radio\"><!-- end question-content--><\/div><div class=\"question-choices watupro-choices-columns \" id=\"questionChoices133\"><div class=\"watupro-question-choice  \" dir=\"auto\"><input type=\"radio\" name=\"answer-133[]\" id=\"answer-id-679\" class=\"answer   answerof-133 \" value=\"679\"><label for=\"answer-id-679\" id=\"answer-label-679\" class=\" answer\"><span>\u00d5huniisutaja kasutamine <\/span><\/label><\/div><div class=\"watupro-question-choice  \" dir=\"auto\"><input type=\"radio\" name=\"answer-133[]\" id=\"answer-id-678\" class=\"answer   answerof-133 \" value=\"678\"><label for=\"answer-id-678\" id=\"answer-label-678\" class=\" answer\"><span>Ks\u00fclitooliga n\u00e4rimiskummi kasutamine <\/span><\/label><\/div><div class=\"watupro-question-choice  \" dir=\"auto\"><input type=\"radio\" name=\"answer-133[]\" id=\"answer-id-680\" class=\"answer   answerof-133 \" value=\"680\"><label for=\"answer-id-680\" id=\"answer-label-680\" class=\" answer\"><span>Piisava hulga vee joomine <\/span><\/label><\/div><div class=\"watupro-question-choice  \" dir=\"auto\"><input type=\"radio\" name=\"answer-133[]\" id=\"answer-id-677\" class=\"answer   answerof-133 \" value=\"677\"><label for=\"answer-id-677\" id=\"answer-label-677\" class=\" answer\"><span>Alkoholi ja kofeiini sisaldavate jookide tarbimine <\/span><\/label><\/div><!-- end question-choices--><\/div><!-- end questionWrap--><\/div><\/div><div class=\"watu-question \" id=\"question-3\" style=\";\"><div id=\"questionWrap-3\" class=\"   watupro-question-id-132\">\n\t\t\t<div class=\"question-content\"><div>Mis v\u00f5ib p\u00f5hjustada suukuivust?<\/div><input type=\"hidden\" name=\"question_id[]\" id=\"qID_3\" value=\"132\" class=\"watupro-question-id\"><input type=\"hidden\" id=\"answerType132\" class=\"answerTypeCnt3\" value=\"radio\"><!-- end question-content--><\/div><div class=\"question-choices watupro-choices-columns \" id=\"questionChoices132\"><div class=\"watupro-question-choice  \" dir=\"auto\"><input type=\"radio\" name=\"answer-132[]\" id=\"answer-id-674\" class=\"answer   answerof-132 \" value=\"674\"><label for=\"answer-id-674\" id=\"answer-label-674\" class=\" answer\"><span>Liigne veetarbimine<\/span><\/label><\/div><div class=\"watupro-question-choice  \" dir=\"auto\"><input type=\"radio\" name=\"answer-132[]\" id=\"answer-id-673\" class=\"answer   answerof-132 \" value=\"673\"><label for=\"answer-id-673\" id=\"answer-label-673\" class=\" answer\"><span>Ravimite k\u00f5rvalm\u00f5jud <\/span><\/label><\/div><div class=\"watupro-question-choice  \" dir=\"auto\"><input type=\"radio\" name=\"answer-132[]\" id=\"answer-id-675\" class=\"answer   answerof-132 \" value=\"675\"><label for=\"answer-id-675\" id=\"answer-label-675\" class=\" answer\"><span>Tugev n\u00e4rimine<\/span><\/label><\/div><div class=\"watupro-question-choice  \" dir=\"auto\"><input type=\"radio\" name=\"answer-132[]\" id=\"answer-id-676\" class=\"answer   answerof-132 \" value=\"676\"><label for=\"answer-id-676\" id=\"answer-label-676\" class=\" answer\"><span>Sage naermine <\/span><\/label><\/div><!-- end question-choices--><\/div><!-- end questionWrap--><\/div><\/div><div class=\"watu-question \" id=\"question-4\" style=\";\"><div id=\"questionWrap-4\" class=\"   watupro-question-id-131\">\n\t\t\t<div class=\"question-content\"><div>Mis on s\u00fclje \u00fcks peamisi \u00fclesandeid?<\/div><input type=\"hidden\" name=\"question_id[]\" id=\"qID_4\" value=\"131\" class=\"watupro-question-id\"><input type=\"hidden\" id=\"answerType131\" class=\"answerTypeCnt4\" value=\"radio\"><!-- end question-content--><\/div><div class=\"question-choices watupro-choices-columns \" id=\"questionChoices131\"><div class=\"watupro-question-choice  \" dir=\"auto\"><input type=\"radio\" name=\"answer-131[]\" id=\"answer-id-670\" class=\"answer   answerof-131 \" value=\"670\"><label for=\"answer-id-670\" id=\"answer-label-670\" class=\" answer\"><span>Suu\u00f5\u00f5ne kuivatamine <\/span><\/label><\/div><div class=\"watupro-question-choice  \" dir=\"auto\"><input type=\"radio\" name=\"answer-131[]\" id=\"answer-id-671\" class=\"answer   answerof-131 \" value=\"671\"><label for=\"answer-id-671\" id=\"answer-label-671\" class=\" answer\"><span>Hambaemaili lahustamine <\/span><\/label><\/div><div class=\"watupro-question-choice  \" dir=\"auto\"><input type=\"radio\" name=\"answer-131[]\" id=\"answer-id-672\" class=\"answer   answerof-131 \" value=\"672\"><label for=\"answer-id-672\" id=\"answer-label-672\" class=\" answer\"><span>Toidu seedimise aeglustamine <\/span><\/label><\/div><div class=\"watupro-question-choice  \" dir=\"auto\"><input type=\"radio\" name=\"answer-131[]\" id=\"answer-id-669\" class=\"answer   answerof-131 \" value=\"669\"><label for=\"answer-id-669\" id=\"answer-label-669\" class=\" answer\"><span>Mikroobide vastu v\u00f5itlemine <\/span><\/label><\/div><!-- end question-choices--><\/div><!-- end questionWrap--><\/div><\/div><div style=\"display:none\" id=\"question-5\">\n\t<div class=\"question-content\">\n\t\t<img loading=\"lazy\" decoding=\"async\" src=\"https:\/\/sisu.ut.ee\/wp-content\/plugins\/watupro\/img\/loading.gif\" width=\"16\" height=\"16\" alt=\"Loading...\" title=\"Loading...\">\u00a0Loading...\t<\/div>\n<\/div>\n\n<br>\n\t\n\t\t\t<div class=\"watupro_buttons flex \" id=\"watuPROButtons17\">\n\t\t  <div id=\"prev-question\" style=\"display:none;\"><input type=\"button\" value=\"&lt; Previous\" onclick=\"WatuPRO.nextQuestion(event, 'previous');\"><\/div>\t\t  \t\t  \t\t   \n\t\t   \t  \t\t<div><input type=\"button\" name=\"action\" class=\"watupro-submit-button\" onclick=\"WatuPRO.submitResult(event)\" id=\"action-button\" value=\"View Results\">\n\t\t<\/div>\n\t\t<\/div>\n\t\t\n\t<input type=\"hidden\" name=\"quiz_id\" value=\"17\" id=\"watuPROExamID\">\n\t<input type=\"hidden\" name=\"start_time\" id=\"startTime\" value=\"2026-04-16 10:43:37\">\n\t<input type=\"hidden\" name=\"start_timestamp\" id=\"startTimeStamp\" value=\"1776336217\">\n\t<input type=\"hidden\" name=\"question_ids\" value=\"\">\n\t<input type=\"hidden\" name=\"watupro_questions\" value=\"134:682,683,681,684 | 133:679,678,680,677 | 132:674,673,675,676 | 131:670,671,672,669\">\n\t<input type=\"hidden\" name=\"no_ajax\" value=\"0\">\t\t\t<\/form>\n\t<p>\u00a0<\/p>\n<\/div>\n\n<script type=\"text\/javascript\">\n\/\/jQuery(document).ready(function(){\ndocument.addEventListener(\"DOMContentLoaded\", function(event) { \t\nvar question_ids = \"134,133,132,131\";\nWatuPROSettings[17] = {};\nWatuPRO.qArr = question_ids.split(',');\nWatuPRO.exam_id = 17;\t    \nWatuPRO.post_id = 571;\nWatuPRO.store_progress = 0;\nWatuPRO.curCatPage = 1;\nWatuPRO.requiredIDs=\"0\".split(\",\");\nWatuPRO.hAppID = \"0.72975400 1776325417\";\nvar url = \"https:\/\/sisu.ut.ee\/wp-content\/plugins\/watupro\/show_exam.php\";\nWatuPRO.examMode = 1;\nWatuPRO.siteURL=\"https:\/\/sisu.ut.ee\/hammaste_anatoomia_oklusioon\/wp-admin\/admin-ajax.php\";\nWatuPRO.emailIsNotRequired = 0;\nWatuPRO.perDecade = 10;\nWatuPROIntel.init(17);\nWatuPRO.inCategoryPages=1;});    \t \n<\/script>\n\n","protected":false},"excerpt":{"rendered":"","protected":false},"author":9,"featured_media":0,"parent":0,"menu_order":0,"comment_status":"closed","ping_status":"closed","template":"","meta":{"_acf_changed":false,"inline_featured_image":false,"footnotes":""},"class_list":["post-571","page","type-page","status-publish","hentry"],"acf":[],"_links":{"self":[{"href":"https:\/\/sisu.ut.ee\/hammaste_anatoomia_oklusioon\/wp-json\/wp\/v2\/pages\/571","targetHints":{"allow":["GET"]}}],"collection":[{"href":"https:\/\/sisu.ut.ee\/hammaste_anatoomia_oklusioon\/wp-json\/wp\/v2\/pages"}],"about":[{"href":"https:\/\/sisu.ut.ee\/hammaste_anatoomia_oklusioon\/wp-json\/wp\/v2\/types\/page"}],"author":[{"embeddable":true,"href":"https:\/\/sisu.ut.ee\/hammaste_anatoomia_oklusioon\/wp-json\/wp\/v2\/users\/9"}],"replies":[{"embeddable":true,"href":"https:\/\/sisu.ut.ee\/hammaste_anatoomia_oklusioon\/wp-json\/wp\/v2\/comments?post=571"}],"version-history":[{"count":1,"href":"https:\/\/sisu.ut.ee\/hammaste_anatoomia_oklusioon\/wp-json\/wp\/v2\/pages\/571\/revisions"}],"predecessor-version":[{"id":572,"href":"https:\/\/sisu.ut.ee\/hammaste_anatoomia_oklusioon\/wp-json\/wp\/v2\/pages\/571\/revisions\/572"}],"wp:attachment":[{"href":"https:\/\/sisu.ut.ee\/hammaste_anatoomia_oklusioon\/wp-json\/wp\/v2\/media?parent=571"}],"curies":[{"name":"wp","href":"https:\/\/api.w.org\/{rel}","templated":true}]}}