{"id":51,"date":"2024-04-04T00:17:32","date_gmt":"2024-04-03T21:17:32","guid":{"rendered":"https:\/\/sisu.ut.ee\/hammaste_anatoomia_oklusioon\/ulaloua-tsentraalne-intsisiiv\/"},"modified":"2024-04-04T00:18:18","modified_gmt":"2024-04-03T21:18:18","slug":"ulaloua-tsentraalne-intsisiiv","status":"publish","type":"page","link":"https:\/\/sisu.ut.ee\/hammaste_anatoomia_oklusioon\/ulaloua-tsentraalne-intsisiiv\/","title":{"rendered":"\u00dclal\u00f5ua tsentraalne intsisiiv"},"content":{"rendered":"<ul>\n<li><img loading=\"lazy\" decoding=\"async\" style=\"float: right;margin-left: 10px;margin-right: 10px\" src=\"https:\/\/sisu.ut.ee\/hammaste_anatoomia_oklusioon\/files\/d11.png?itok=MxTHjXdN\" title=\"Hammas 11 (D11) erinevad vaated.\" width=\"300\" height=\"634\" data-file_info=\"%7B%22fid%22:%2210756%22,%22view_mode%22:%22default%22,%22type%22:%22media%22%7D\">L\u00f5ikub suhu 7.-8. eluaastal<\/li>\n<li>Hamba juure areng l\u00f5peb 10. eluaastaks<\/li>\n<li>Keskmine pikkus 22,5 mm<\/li>\n<li>\u00dclal\u00f5ua tsentraalsel intsisiivil on <strong>reeglina \u00fcks juur<\/strong> ning <strong>\u00fcks juurekanal<\/strong><\/li>\n<li>Juurekanali tipuosa kurvatuur kas puudub v\u00f5i on suunaga labiaalsele v\u00f5i distaalsele<\/li>\n<\/ul>\n<p>Intaktsel vastl\u00f5ikunud hambal on kolm pulbisarve. Labiolingvaalses suunas on pulbikamber intsisaalregioonis v\u00e4ga kitsas, kuid m\u00f5\u00f5tmed suurenevad hamba kaelaosas ehk tservikaalregioonis. Mesiodistaalsuunas on pulbikamber intsisaalselt laiem ning vastavuses hamba v\u00e4liskujuga. Juurekanal paikneb hamba ristl\u00f5ikes dentiini suhtes tsentris ning juurekanali ristl\u00e4bil\u00f5ike kuju on kas kolmnurkne v\u00f5i \u00fcmar. Pulbiruum aheneb kooniliselt apikaalsuunas ning l\u00f5peb kitsa konstriktsiooniga <em>foramen apicale<\/em> piirkonnas. Juuretipp v\u00f5ib avaneda otse v\u00f5i \u00a0kerge kurvatuuriga labiaalsele v\u00f5i lingvaalsele. V\u00f5ivad esineda mitmed lateraalkanalid.<\/p>\n<p>Anatoomilisi ise\u00e4rasusi on \u00fcliharva.\u00a0<\/p>\n","protected":false},"excerpt":{"rendered":"<p>L\u00f5ikub suhu 7.-8. eluaastal Hamba juure areng l\u00f5peb 10. eluaastaks Keskmine pikkus 22,5 mm \u00dclal\u00f5ua tsentraalsel intsisiivil on reeglina \u00fcks juur ning \u00fcks juurekanal Juurekanali tipuosa kurvatuur kas puudub v\u00f5i on suunaga labiaalsele v\u00f5i distaalsele Intaktsel vastl\u00f5ikunud hambal on kolm &#8230;<\/p>\n","protected":false},"author":12,"featured_media":0,"parent":0,"menu_order":0,"comment_status":"closed","ping_status":"closed","template":"","meta":{"_acf_changed":false,"inline_featured_image":false,"footnotes":""},"class_list":["post-51","page","type-page","status-publish","hentry"],"acf":[],"_links":{"self":[{"href":"https:\/\/sisu.ut.ee\/hammaste_anatoomia_oklusioon\/wp-json\/wp\/v2\/pages\/51","targetHints":{"allow":["GET"]}}],"collection":[{"href":"https:\/\/sisu.ut.ee\/hammaste_anatoomia_oklusioon\/wp-json\/wp\/v2\/pages"}],"about":[{"href":"https:\/\/sisu.ut.ee\/hammaste_anatoomia_oklusioon\/wp-json\/wp\/v2\/types\/page"}],"author":[{"embeddable":true,"href":"https:\/\/sisu.ut.ee\/hammaste_anatoomia_oklusioon\/wp-json\/wp\/v2\/users\/12"}],"replies":[{"embeddable":true,"href":"https:\/\/sisu.ut.ee\/hammaste_anatoomia_oklusioon\/wp-json\/wp\/v2\/comments?post=51"}],"version-history":[{"count":1,"href":"https:\/\/sisu.ut.ee\/hammaste_anatoomia_oklusioon\/wp-json\/wp\/v2\/pages\/51\/revisions"}],"predecessor-version":[{"id":345,"href":"https:\/\/sisu.ut.ee\/hammaste_anatoomia_oklusioon\/wp-json\/wp\/v2\/pages\/51\/revisions\/345"}],"wp:attachment":[{"href":"https:\/\/sisu.ut.ee\/hammaste_anatoomia_oklusioon\/wp-json\/wp\/v2\/media?parent=51"}],"curies":[{"name":"wp","href":"https:\/\/api.w.org\/{rel}","templated":true}]}}