{"id":5,"date":"2024-04-04T00:17:29","date_gmt":"2024-04-03T21:17:29","guid":{"rendered":"https:\/\/sisu.ut.ee\/hammaste_anatoomia_oklusioon\/neelamine\/"},"modified":"2024-04-10T17:36:30","modified_gmt":"2024-04-10T14:36:30","slug":"neelamine","status":"publish","type":"page","link":"https:\/\/sisu.ut.ee\/hammaste_anatoomia_oklusioon\/neelamine\/","title":{"rendered":"Neelamine"},"content":{"rendered":"<p>Neel algab suu- ja nina\u00f5\u00f5nest ja kulgeb s\u00f6\u00f6gitorusse, olles nii seedetrakti ja hingamisteede \u00fchenduseks.<\/p>\n<p>Neelamine vallandub survest keelele l\u00e4bi keerulise refleksi, mis suunab s\u00f6\u00f6gi ja joogi s\u00f6\u00f6gitoru kaudu makku. Neelamise esimene etapp on tahtlik, edasi juba reflektoorne ning n\u00f5uab mitmete lihaste koordineeritud koost\u00f6\u00f6d.<\/p>\n<p>H\u00e4irunud neelamisrefleksi korral (t\u00e4helepanu on hajunud, r\u00e4\u00e4gitakse s\u00f6\u00f6mise ajal jne) v\u00f5ib toit sattuda hingamisteedesse, mis vallandab k\u00f6harefleksi. Suurem toidupala v\u00f5ib hingamisteed ummistada, p\u00f5hjustades l\u00e4mbumise.<\/p>\n<p>Tahke toit liigub suu\u00f5\u00f5nest makku umbes 8-9 sekundiga, vedelikud 1-2 sekundiga.<\/p>\n<p style=\"text-align: center;\"><img loading=\"lazy\" decoding=\"async\" width=\"280\" height=\"229\" class=\"alignnone wp-image-76\" style=\"width: 280px; height: 229px;\" title=\"Allikas: https:\/\/www.ozident.com\/oral-habits-children-tongue-thrusting\/screenshot-2014-02-27-13-42-54\/\" src=\"https:\/\/sisu.ut.ee\/wp-content\/uploads\/sites\/114\/neelamine1.png\" alt=\"1\"><\/p>\n<p>Rahuolekus toetab keel \u00f5rnalt suulage, hambakaared ei puutu kokku.<\/p>\n<p style=\"text-align: center;\"><img loading=\"lazy\" decoding=\"async\" width=\"351\" height=\"201\" class=\"alignnone wp-image-77\" style=\"width: 351px; height: 201px;\" title=\"Allikas: http:\/\/www.brianpalmerdds.com\/pdf\/adsm_section_c.pdf\" src=\"https:\/\/sisu.ut.ee\/wp-content\/uploads\/sites\/114\/neelamine2.png\" alt=\"2\" srcset=\"https:\/\/sisu.ut.ee\/wp-content\/uploads\/sites\/114\/neelamine2.png 351w, https:\/\/sisu.ut.ee\/wp-content\/uploads\/sites\/114\/neelamine2-300x172.png 300w\" sizes=\"auto, (max-width: 351px) 100vw, 351px\"><\/p>\n<p>Infantiilne neelamist\u00fc\u00fcp, kus keeletipp on imemisel alveolaarj\u00e4tkete vahel,\u00a0 on iseloomulik imikutele.<\/p>\n<h6><strong>Pane t\u00e4hele! <\/strong>Umbes aastane laps peaks jooma tassist ja s\u00f6\u00f6ma lusikaga t\u00fckilist toitu, et tekiks<b> t\u00e4iskasvanule omane neelatamisemuster,<\/b> kus keeletipp toetub \u00fclemiste eeshammaste taha suulakke.<\/h6>\n","protected":false},"excerpt":{"rendered":"<p>Neel algab suu- ja nina\u00f5\u00f5nest ja kulgeb s\u00f6\u00f6gitorusse, olles nii seedetrakti ja hingamisteede \u00fchenduseks. Neelamine vallandub survest keelele l\u00e4bi keerulise refleksi, mis suunab s\u00f6\u00f6gi ja joogi s\u00f6\u00f6gitoru kaudu makku. Neelamise esimene etapp on tahtlik, edasi juba reflektoorne ning n\u00f5uab mitmete &#8230;<\/p>\n","protected":false},"author":12,"featured_media":0,"parent":0,"menu_order":0,"comment_status":"closed","ping_status":"closed","template":"","meta":{"_acf_changed":false,"inline_featured_image":false,"footnotes":""},"class_list":["post-5","page","type-page","status-publish","hentry"],"acf":[],"_links":{"self":[{"href":"https:\/\/sisu.ut.ee\/hammaste_anatoomia_oklusioon\/wp-json\/wp\/v2\/pages\/5","targetHints":{"allow":["GET"]}}],"collection":[{"href":"https:\/\/sisu.ut.ee\/hammaste_anatoomia_oklusioon\/wp-json\/wp\/v2\/pages"}],"about":[{"href":"https:\/\/sisu.ut.ee\/hammaste_anatoomia_oklusioon\/wp-json\/wp\/v2\/types\/page"}],"author":[{"embeddable":true,"href":"https:\/\/sisu.ut.ee\/hammaste_anatoomia_oklusioon\/wp-json\/wp\/v2\/users\/12"}],"replies":[{"embeddable":true,"href":"https:\/\/sisu.ut.ee\/hammaste_anatoomia_oklusioon\/wp-json\/wp\/v2\/comments?post=5"}],"version-history":[{"count":2,"href":"https:\/\/sisu.ut.ee\/hammaste_anatoomia_oklusioon\/wp-json\/wp\/v2\/pages\/5\/revisions"}],"predecessor-version":[{"id":474,"href":"https:\/\/sisu.ut.ee\/hammaste_anatoomia_oklusioon\/wp-json\/wp\/v2\/pages\/5\/revisions\/474"}],"wp:attachment":[{"href":"https:\/\/sisu.ut.ee\/hammaste_anatoomia_oklusioon\/wp-json\/wp\/v2\/media?parent=5"}],"curies":[{"name":"wp","href":"https:\/\/api.w.org\/{rel}","templated":true}]}}