{"id":46,"date":"2024-04-04T00:17:32","date_gmt":"2024-04-03T21:17:32","guid":{"rendered":"https:\/\/sisu.ut.ee\/hammaste_anatoomia_oklusioon\/kudede-moodustumine-looteeas\/"},"modified":"2024-04-11T08:28:46","modified_gmt":"2024-04-11T05:28:46","slug":"kudede-moodustumine-looteeas","status":"publish","type":"page","link":"https:\/\/sisu.ut.ee\/hammaste_anatoomia_oklusioon\/kudede-moodustumine-looteeas\/","title":{"rendered":"Kudede moodustumine looteeas"},"content":{"rendered":"<p>Iga arenev j\u00e4tke annab aluse luulisele skeletile ja sellega seotud pehmetele kudedele.<\/p>\n<table class=\"table table-hover\" style=\"width: 90%; border-width: 1px; border-style: solid;\" border=\"1\" cellspacing=\"0\" cellpadding=\"0\">\n<tbody>\n<tr>\n<td style=\"border: 1px solid #dddddd;\"><strong>J\u00e4tke<\/strong><\/td>\n<td style=\"border: 1px solid #dddddd;\"><strong>Skelett<\/strong><\/td>\n<td style=\"border: 1px solid #dddddd;\"><strong>Pehmed koed<\/strong><\/td>\n<\/tr>\n<tr>\n<td style=\"border: 1px solid #dddddd;\">Otsmikuj\u00e4tke<\/td>\n<td style=\"border: 1px solid #dddddd;\">Otsmikuluu <em>(os frontale)<\/em><\/td>\n<td style=\"border: 1px solid #dddddd;\">Laup<\/td>\n<\/tr>\n<tr>\n<td style=\"border: 1px solid #dddddd;\">Mediaalne ninaj\u00e4tke<\/td>\n<td style=\"border: 1px solid #dddddd;\">\u00dclal\u00f5ua eesmine osa <em>(os incisivum<\/em>), mis hiljem liitub suulaega; ninavahesein <em>(septum nasi) <\/em><\/td>\n<td style=\"border: 1px solid #dddddd;\">Ninaselg, \u00fclahuule keskmine osa <em>(filtrum) <\/em><\/td>\n<\/tr>\n<tr>\n<td style=\"border: 1px solid #dddddd;\">Lateraalsed ninaj\u00e4tked<\/td>\n<td style=\"border: 1px solid #dddddd;\">Ninaluu <em>(os nasale)<\/em>, pisaraluu <em>(os lacrimale)<\/em><\/td>\n<td style=\"border: 1px solid #dddddd;\">Ninatiivad<\/td>\n<\/tr>\n<tr>\n<td style=\"border: 1px solid #dddddd;\">\u00dclal\u00f5ugmised j\u00e4tked<\/td>\n<td style=\"border: 1px solid #dddddd;\">\u00dclal\u00f5ug <em>(maxilla)<\/em>, suulaeluu <em>(os palatinum)<\/em>, sarnaluu <em>(os zygomaticum)<\/em><\/td>\n<td style=\"border: 1px solid #dddddd;\">P\u00f5se \u00fclemised ja \u00fclahuule lateraalsed osad<\/td>\n<\/tr>\n<tr>\n<td style=\"border: 1px solid #dddddd;\">Alal\u00f5ugmised j\u00e4tked<\/td>\n<td style=\"border: 1px solid #dddddd;\">Alal\u00f5ug <em>(mandibula)<\/em><\/td>\n<td style=\"border: 1px solid #dddddd;\">P\u00f5se alumised osad, alahuul<\/td>\n<\/tr>\n<\/tbody>\n<\/table>\n<p>Iga vistseraalkaare kossseisu kuulub lisaks skeletilisele alusele ka oma veresoon, n\u00e4rv ja lihased.<\/p>\n<table class=\"table table-hover\" style=\"width: 90%; border-width: 1px; border-style: solid;\" border=\"1\" cellspacing=\"0\" cellpadding=\"0\">\n<tbody>\n<tr>\n<td style=\"border: 1px solid #dddddd;\"><strong>Vistseraalkaar<\/strong><\/td>\n<td style=\"border: 1px solid #dddddd;\"><strong>N\u00e4rv<\/strong><\/td>\n<td style=\"border: 1px solid #dddddd;\"><strong>Lihased<\/strong><\/td>\n<\/tr>\n<tr>\n<td style=\"border: 1px solid #dddddd;\">I vistseraalkaar<\/td>\n<td style=\"border: 1px solid #dddddd;\">V kraniaaln\u00e4rv <em>(nervus trigeminus)<\/em><\/td>\n<td style=\"border: 1px solid #dddddd;\">M\u00e4lumislihased, enamik suup\u00f5hja lihastest<\/td>\n<\/tr>\n<tr>\n<td style=\"border: 1px solid #dddddd;\">II vistseraalkaar<\/td>\n<td style=\"border: 1px solid #dddddd;\">VII kraniaaln\u00e4rv <em>(nervus facialis)<\/em><\/td>\n<td style=\"border: 1px solid #dddddd;\">Miimilised lihased<\/td>\n<\/tr>\n<tr>\n<td style=\"border: 1px solid #dddddd;\">III vistseraalkaar<\/td>\n<td style=\"border: 1px solid #dddddd;\">IX kraniaaln\u00e4rv <em>(n.glossopharyngeus)<\/em><\/td>\n<td style=\"border: 1px solid #dddddd;\" rowspan=\"2\">Suulae, neelu ja k\u00f5ri lihased<\/td>\n<\/tr>\n<tr>\n<td style=\"border: 1px solid #dddddd;\">IV ja V vistseraalkaar<\/td>\n<td style=\"border: 1px solid #dddddd;\">X kraniaaln\u00e4rv <em>(nervus vagus)<\/em><\/td>\n<\/tr>\n<\/tbody>\n<\/table>\n<p>4. n\u00e4dalal moodustuvad k\u00f5rvas\u00fcljen\u00e4\u00e4rmed ja \u00fchinevad alal\u00f5ugmised j\u00e4tked, moodustades <strong>mandibulaarkaare<\/strong><\/p>\n<p>4.-5. n\u00e4dalal moodustub<strong> esmane suulagi<\/strong><\/p>\n<p>6. n\u00e4dalal moodustuvad l\u00f5uaalused s\u00fcljen\u00e4\u00e4rmed ja <strong>ajutiste hammaste algmed.<\/strong><\/p>\n<p>6.-8. n\u00e4dalal \u00fchinevad keelep\u00e4ra ja keele eesmine osa<\/p>\n<p>7.-12. n\u00e4dalal moodustub <strong>sekundaarne suulagi<\/strong><\/p>\n<p>9.-10. n\u00e4dalal moodustub alal\u00f5ua alveolaarosa<\/p>\n<p>12. n\u00e4dalal on alal\u00f5ug \u00fclemise suhtes eespoolse asetusega<\/p>\n<p>13. n\u00e4dalal moodustuvad <strong>1., 2., 3. ja 6. j\u00e4\u00e4vhamba algmed.<\/strong><\/p>\n<p>20. n\u00e4dalal moodustub \u00fclal\u00f5uaurke <em>(sinus maxillaris) <\/em>alge. \u00dclal\u00f5ualuu on alal\u00f5ua suhtes eesmises asendis.<\/p>\n<h6><strong>Lisalugemiseks.<\/strong> P\u00f5hjalikumalt saad lugeda n\u00e4okolju arengust ja kasvust\u00a0 \u00f5pikust \u201cHammaste anatoomia, l\u00f5ualuude ja hambumuse areng ning kasv\u201d\u00a0(Saag jt; 2011) peat\u00fckist \u201cL\u00f5ualuude areng ja kasv\u201d, lk 8-20.<\/h6>\n","protected":false},"excerpt":{"rendered":"<p>Iga arenev j\u00e4tke annab aluse luulisele skeletile ja sellega seotud pehmetele kudedele. J\u00e4tke Skelett Pehmed koed Otsmikuj\u00e4tke Otsmikuluu (os frontale) Laup Mediaalne ninaj\u00e4tke \u00dclal\u00f5ua eesmine osa (os incisivum), mis hiljem liitub suulaega; ninavahesein (septum nasi) Ninaselg, \u00fclahuule keskmine osa (filtrum) &#8230;<\/p>\n","protected":false},"author":12,"featured_media":0,"parent":0,"menu_order":0,"comment_status":"closed","ping_status":"closed","template":"","meta":{"_acf_changed":false,"inline_featured_image":false,"footnotes":""},"class_list":["post-46","page","type-page","status-publish","hentry"],"acf":[],"_links":{"self":[{"href":"https:\/\/sisu.ut.ee\/hammaste_anatoomia_oklusioon\/wp-json\/wp\/v2\/pages\/46","targetHints":{"allow":["GET"]}}],"collection":[{"href":"https:\/\/sisu.ut.ee\/hammaste_anatoomia_oklusioon\/wp-json\/wp\/v2\/pages"}],"about":[{"href":"https:\/\/sisu.ut.ee\/hammaste_anatoomia_oklusioon\/wp-json\/wp\/v2\/types\/page"}],"author":[{"embeddable":true,"href":"https:\/\/sisu.ut.ee\/hammaste_anatoomia_oklusioon\/wp-json\/wp\/v2\/users\/12"}],"replies":[{"embeddable":true,"href":"https:\/\/sisu.ut.ee\/hammaste_anatoomia_oklusioon\/wp-json\/wp\/v2\/comments?post=46"}],"version-history":[{"count":2,"href":"https:\/\/sisu.ut.ee\/hammaste_anatoomia_oklusioon\/wp-json\/wp\/v2\/pages\/46\/revisions"}],"predecessor-version":[{"id":503,"href":"https:\/\/sisu.ut.ee\/hammaste_anatoomia_oklusioon\/wp-json\/wp\/v2\/pages\/46\/revisions\/503"}],"wp:attachment":[{"href":"https:\/\/sisu.ut.ee\/hammaste_anatoomia_oklusioon\/wp-json\/wp\/v2\/media?parent=46"}],"curies":[{"name":"wp","href":"https:\/\/api.w.org\/{rel}","templated":true}]}}