{"id":413,"date":"2024-04-10T16:07:39","date_gmt":"2024-04-10T13:07:39","guid":{"rendered":"https:\/\/sisu.ut.ee\/hammaste_anatoomia_oklusioon\/test-suuoone-fusioloogia\/"},"modified":"2024-04-10T16:07:39","modified_gmt":"2024-04-10T13:07:39","slug":"test-suuoone-fusioloogia","status":"publish","type":"page","link":"https:\/\/sisu.ut.ee\/hammaste_anatoomia_oklusioon\/test-suuoone-fusioloogia\/","title":{"rendered":"Test: suu\u00f5\u00f5ne f\u00fcsioloogia"},"content":{"rendered":"<div id=\"watupro_quiz\" class=\"quiz-area single-page-quiz\">\n<p id=\"submittingExam8\" style=\"display:none;text-align:center;\"><img loading=\"lazy\" decoding=\"async\" src=\"https:\/\/sisu.ut.ee\/wp-content\/plugins\/watupro\/img\/loading.gif\" width=\"16\" height=\"16\"><\/p>\n\n<div class=\"watupro-exam-description\" id=\"description-quiz-8\"><p>Testi omandatud teadmisi\u00a0suu\u00f5\u00f5ne f\u00fcsioloogiast.<\/p>\n<\/div>\n\n<form action=\"\" method=\"post\" class=\"quiz-form\" id=\"quiz-8\" enctype=\"multipart\/form-data\">\n<div class=\"watu-question \" id=\"question-1\" style=\";\"><div id=\"questionWrap-1\" class=\"  watupro-required-62 watupro-question-id-62\">\n\t\t\t<div class=\"question-content\"><p>Leia vasted:<\/p><div class=\"question-choices\"><table class=\"question-choices watupro-matrix-droppable\" id=\"watuPROMatrixDroppable_62\"><tr><td class=\"watupro-matrix-left-cell\">Retrusioon <\/td>\n\t\t\t\t\t\t<td class=\"watupro-matrix-right-cell watuPRODroppable62\" id=\"watuPRODroppableCell322\"><div class=\"question-choices\"><div class=\"watupro-matrix-right\"><div id=\"watuproNMatrixSelection-0-0\" class=\" watupro-matrix-draggable watupro-nmatrix-answer-0\" onclick=\"WatuPROINMatrix.sel(this, 'watuPRODroppableCell322', 0);return false;\">k\u00fcljele liikumine <!--WTPMD5b35493649d796a4eaaf9e2100647587e--><p class=\"watupro-nmatrix-unselect\">Unselect<\/p><\/div><div id=\"watuproNMatrixSelection-0-1\" class=\" watupro-matrix-draggable watupro-nmatrix-answer-1\" onclick=\"WatuPROINMatrix.sel(this, 'watuPRODroppableCell322', 1);return false;\">tahapoole liikumine<!--WTPMD597d3d3d8c9245cb128ba4d38ac917bff--><p class=\"watupro-nmatrix-unselect\">Unselect<\/p><\/div><div id=\"watuproNMatrixSelection-0-2\" class=\" watupro-matrix-draggable watupro-nmatrix-answer-2\" onclick=\"WatuPROINMatrix.sel(this, 'watuPRODroppableCell322', 2);return false;\">ettepoole liikumine<!--WTPMD52fcb3362bd92c1b8ff9ed6855970b2fa--><p class=\"watupro-nmatrix-unselect\">Unselect<\/p><\/div><\/div><\/div><input type=\"hidden\" class=\"answerof-62 watupro-nmatrix-answer-field\" id=\"field-watuPRODroppableCell322\" name=\"matrix-left-322\" value=\"\"><\/td><\/tr><tr><td class=\"watupro-matrix-left-cell\">Protrusioon<\/td>\n\t\t\t\t\t\t<td class=\"watupro-matrix-right-cell watuPRODroppable62\" id=\"watuPRODroppableCell323\"><div class=\"question-choices\"><div class=\"watupro-matrix-right\"><div id=\"watuproNMatrixSelection-1-0\" class=\" watupro-matrix-draggable watupro-nmatrix-answer-0\" onclick=\"WatuPROINMatrix.sel(this, 'watuPRODroppableCell323', 0);return false;\">k\u00fcljele liikumine <!--WTPMD5b35493649d796a4eaaf9e2100647587e--><p class=\"watupro-nmatrix-unselect\">Unselect<\/p><\/div><div id=\"watuproNMatrixSelection-1-1\" class=\" watupro-matrix-draggable watupro-nmatrix-answer-1\" onclick=\"WatuPROINMatrix.sel(this, 'watuPRODroppableCell323', 1);return false;\">tahapoole liikumine<!--WTPMD597d3d3d8c9245cb128ba4d38ac917bff--><p class=\"watupro-nmatrix-unselect\">Unselect<\/p><\/div><div id=\"watuproNMatrixSelection-1-2\" class=\" watupro-matrix-draggable watupro-nmatrix-answer-2\" onclick=\"WatuPROINMatrix.sel(this, 'watuPRODroppableCell323', 2);return false;\">ettepoole liikumine<!--WTPMD52fcb3362bd92c1b8ff9ed6855970b2fa--><p class=\"watupro-nmatrix-unselect\">Unselect<\/p><\/div><\/div><\/div><input type=\"hidden\" class=\"answerof-62 watupro-nmatrix-answer-field\" id=\"field-watuPRODroppableCell323\" name=\"matrix-left-323\" value=\"\"><\/td><\/tr><tr><td class=\"watupro-matrix-left-cell\">Lateraalne <\/td>\n\t\t\t\t\t\t<td class=\"watupro-matrix-right-cell watuPRODroppable62\" id=\"watuPRODroppableCell324\"><div class=\"question-choices\"><div class=\"watupro-matrix-right\"><div id=\"watuproNMatrixSelection-2-0\" class=\" watupro-matrix-draggable watupro-nmatrix-answer-0\" onclick=\"WatuPROINMatrix.sel(this, 'watuPRODroppableCell324', 0);return false;\">k\u00fcljele liikumine <!--WTPMD5b35493649d796a4eaaf9e2100647587e--><p class=\"watupro-nmatrix-unselect\">Unselect<\/p><\/div><div id=\"watuproNMatrixSelection-2-1\" class=\" watupro-matrix-draggable watupro-nmatrix-answer-1\" onclick=\"WatuPROINMatrix.sel(this, 'watuPRODroppableCell324', 1);return false;\">tahapoole liikumine<!--WTPMD597d3d3d8c9245cb128ba4d38ac917bff--><p class=\"watupro-nmatrix-unselect\">Unselect<\/p><\/div><div id=\"watuproNMatrixSelection-2-2\" class=\" watupro-matrix-draggable watupro-nmatrix-answer-2\" onclick=\"WatuPROINMatrix.sel(this, 'watuPRODroppableCell324', 2);return false;\">ettepoole liikumine<!--WTPMD52fcb3362bd92c1b8ff9ed6855970b2fa--><p class=\"watupro-nmatrix-unselect\">Unselect<\/p><\/div><\/div><\/div><input type=\"hidden\" class=\"answerof-62 watupro-nmatrix-answer-field\" id=\"field-watuPRODroppableCell324\" name=\"matrix-left-324\" value=\"\"><\/td><\/tr><\/table><\/div><input type=\"hidden\" name=\"question_id[]\" id=\"qID_1\" value=\"62\" class=\"watupro-question-id\"><input type=\"hidden\" id=\"answerType62\" class=\"answerTypeCnt1\" value=\"nmatrix\"><input type=\"hidden\" id=\"watupro-required-question-62\"><!-- end question-content--><\/div><!-- end questionWrap--><\/div><\/div><div class=\"watu-question \" id=\"question-2\" style=\";\"><div id=\"questionWrap-2\" class=\"  watupro-required-64 watupro-question-id-64\">\n\t\t\t<div class=\"question-content\"><div><p>Mida on fotol n\u00e4ha?<\/p><p><img loading=\"lazy\" decoding=\"async\" width=\"342\" height=\"241\" class=\"alignnone wp-image-255\" style=\"\" src=\"https:\/\/sisu.ut.ee\/wp-content\/uploads\/sites\/114\/7-3.png\" title=\"Allikas: https:\/\/www.dermatologyadvisor.com\/home\/decision-support-in-medicine\/dermatology\/neonatal-acne-acne-neonatal-and-infantile\/\" alt=\"3\" srcset=\"https:\/\/sisu.ut.ee\/wp-content\/uploads\/sites\/114\/7-3.png 342w, https:\/\/sisu.ut.ee\/wp-content\/uploads\/sites\/114\/7-3-300x211.png 300w\" sizes=\"auto, (max-width: 342px) 100vw, 342px\"><\/p><\/div><input type=\"hidden\" name=\"question_id[]\" id=\"qID_2\" value=\"64\" class=\"watupro-question-id\"><input type=\"hidden\" id=\"answerType64\" class=\"answerTypeCnt2\" value=\"radio\"><input type=\"hidden\" id=\"watupro-required-question-64\"><!-- end question-content--><\/div><div class=\"question-choices watupro-choices-columns \" id=\"questionChoices64\"><div class=\"watupro-question-choice  \" dir=\"auto\"><input type=\"radio\" name=\"answer-64[]\" id=\"answer-id-328\" class=\"answer   answerof-64 \" value=\"328\"><label for=\"answer-id-328\" id=\"answer-label-328\" class=\" answer\"><span><p>L\u00fchike keelekida<\/p><\/span><\/label><\/div><div class=\"watupro-question-choice  \" dir=\"auto\"><input type=\"radio\" name=\"answer-64[]\" id=\"answer-id-327\" class=\"answer   answerof-64 \" value=\"327\"><label for=\"answer-id-327\" id=\"answer-label-327\" class=\" answer\"><span><p>Infantiilne neelamise t\u00fc\u00fcp<\/p><\/span><\/label><\/div><div class=\"watupro-question-choice  \" dir=\"auto\"><input type=\"radio\" name=\"answer-64[]\" id=\"answer-id-329\" class=\"answer   answerof-64 \" value=\"329\"><label for=\"answer-id-329\" id=\"answer-label-329\" class=\" answer\"><span><p>Valesti l\u00f5ikunud piimahammas<\/p><\/span><\/label><\/div><!-- end question-choices--><\/div><!-- end questionWrap--><\/div><\/div><div class=\"watu-question \" id=\"question-3\" style=\";\"><div id=\"questionWrap-3\" class=\"  watupro-required-63 watupro-question-id-63\">\n\t\t\t<div class=\"question-content\"><div><p>Kumb keele asend on \u00f5ige (puhkeasendis)?<\/p><p><img loading=\"lazy\" decoding=\"async\" width=\"509\" height=\"232\" class=\"alignnone wp-image-254\" style=\"\" src=\"https:\/\/sisu.ut.ee\/wp-content\/uploads\/sites\/114\/7-2.png\" title=\"Allikas: https:\/\/www.resetera.com\/threads\/personally-where-does-your-tongue-rest-in-your-mouth.15554\/\" alt=\"2\" srcset=\"https:\/\/sisu.ut.ee\/wp-content\/uploads\/sites\/114\/7-2.png 509w, https:\/\/sisu.ut.ee\/wp-content\/uploads\/sites\/114\/7-2-300x137.png 300w\" sizes=\"auto, (max-width: 509px) 100vw, 509px\"><\/p><\/div><input type=\"hidden\" name=\"question_id[]\" id=\"qID_3\" value=\"63\" class=\"watupro-question-id\"><input type=\"hidden\" id=\"answerType63\" class=\"answerTypeCnt3\" value=\"radio\"><input type=\"hidden\" id=\"watupro-required-question-63\"><!-- end question-content--><\/div><div class=\"question-choices watupro-choices-columns \" id=\"questionChoices63\"><div class=\"watupro-question-choice  \" dir=\"auto\"><input type=\"radio\" name=\"answer-63[]\" id=\"answer-id-325\" class=\"answer   answerof-63 \" value=\"325\"><label for=\"answer-id-325\" id=\"answer-label-325\" class=\" answer\"><span><p>A<\/p><\/span><\/label><\/div><div class=\"watupro-question-choice  \" dir=\"auto\"><input type=\"radio\" name=\"answer-63[]\" id=\"answer-id-326\" class=\"answer   answerof-63 \" value=\"326\"><label for=\"answer-id-326\" id=\"answer-label-326\" class=\" answer\"><span><p>B<\/p><\/span><\/label><\/div><!-- end question-choices--><\/div><!-- end questionWrap--><\/div><\/div><div class=\"watu-question \" id=\"question-4\" style=\";\"><div id=\"questionWrap-4\" class=\"  watupro-required-65 watupro-question-id-65\">\n\t\t\t<div class=\"question-content\"><div><p>Milline probleem\/millised probleemid on fotol kujutatud poisil?<\/p><p><img loading=\"lazy\" decoding=\"async\" width=\"319\" height=\"316\" class=\"alignnone wp-image-256\" style=\"\" src=\"https:\/\/sisu.ut.ee\/wp-content\/uploads\/sites\/114\/7-4.png\" title=\"7-4.png\" alt=\"4\" srcset=\"https:\/\/sisu.ut.ee\/wp-content\/uploads\/sites\/114\/7-4.png 319w, https:\/\/sisu.ut.ee\/wp-content\/uploads\/sites\/114\/7-4-300x297.png 300w, https:\/\/sisu.ut.ee\/wp-content\/uploads\/sites\/114\/7-4-150x150.png 150w\" sizes=\"auto, (max-width: 319px) 100vw, 319px\"><\/p><\/div><input type=\"hidden\" name=\"question_id[]\" id=\"qID_4\" value=\"65\" class=\"watupro-question-id\"><input type=\"hidden\" id=\"answerType65\" class=\"answerTypeCnt4\" value=\"checkbox\"><input type=\"hidden\" id=\"watupro-required-question-65\"><!-- end question-content--><\/div><div class=\"question-choices watupro-choices-columns \" id=\"questionChoices65\"><div class=\"watupro-question-choice  \" dir=\"auto\"><input type=\"checkbox\" name=\"answer-65[]\" id=\"answer-id-332\" class=\"answer   answerof-65 \" value=\"332\"><label for=\"answer-id-332\" id=\"answer-label-332\" class=\" answer\"><span><p>Hambumusanomaalia<\/p><\/span><\/label><\/div><div class=\"watupro-question-choice  \" dir=\"auto\"><input type=\"checkbox\" name=\"answer-65[]\" id=\"answer-id-331\" class=\"answer   answerof-65 \" value=\"331\"><label for=\"answer-id-331\" id=\"answer-label-331\" class=\" answer\"><span><p>Promineeruvad esihambad<\/p><\/span><\/label><\/div><div class=\"watupro-question-choice  \" dir=\"auto\"><input type=\"checkbox\" name=\"answer-65[]\" id=\"answer-id-334\" class=\"answer   answerof-65 \" value=\"334\"><label for=\"answer-id-334\" id=\"answer-label-334\" class=\" answer\"><span><p>Pikenenud n\u00e4o keskmine kolmandik<\/p><\/span><\/label><\/div><div class=\"watupro-question-choice  \" dir=\"auto\"><input type=\"checkbox\" name=\"answer-65[]\" id=\"answer-id-330\" class=\"answer   answerof-65 \" value=\"330\"><label for=\"answer-id-330\" id=\"answer-label-330\" class=\" answer\"><span><p>Suuhingamine<\/p><\/span><\/label><\/div><div class=\"watupro-question-choice  \" dir=\"auto\"><input type=\"checkbox\" name=\"answer-65[]\" id=\"answer-id-333\" class=\"answer   answerof-65 \" value=\"333\"><label for=\"answer-id-333\" id=\"answer-label-333\" class=\" answer\"><span><p>R\u00fchih\u00e4ire<\/p><\/span><\/label><\/div><!-- end question-choices--><\/div><!-- end questionWrap--><\/div><\/div><div style=\"display:none\" id=\"question-5\">\n\t<div class=\"question-content\">\n\t\t<img loading=\"lazy\" decoding=\"async\" src=\"https:\/\/sisu.ut.ee\/wp-content\/plugins\/watupro\/img\/loading.gif\" width=\"16\" height=\"16\" alt=\"Loading...\" title=\"Loading...\">\u00a0Loading...\t<\/div>\n<\/div>\n\n<br>\n\t\n\t\t\t<div class=\"watupro_buttons flex \" id=\"watuPROButtons8\">\n\t\t  <div id=\"prev-question\" style=\"display:none;\"><input type=\"button\" value=\"&lt; Previous\" onclick=\"WatuPRO.nextQuestion(event, 'previous');\"><\/div>\t\t  \t\t  \t\t   \n\t\t   \t  \t\t<div><input type=\"button\" name=\"action\" class=\"watupro-submit-button\" onclick=\"WatuPRO.submitResult(event)\" id=\"action-button\" value=\"View Results\">\n\t\t<\/div>\n\t\t<\/div>\n\t\t\n\t<input type=\"hidden\" name=\"quiz_id\" value=\"8\" id=\"watuPROExamID\">\n\t<input type=\"hidden\" name=\"start_time\" id=\"startTime\" value=\"2026-04-16 05:55:00\">\n\t<input type=\"hidden\" name=\"start_timestamp\" id=\"startTimeStamp\" value=\"1776318900\">\n\t<input type=\"hidden\" name=\"question_ids\" value=\"\">\n\t<input type=\"hidden\" name=\"watupro_questions\" value=\"62:322,323,324 | 64:328,327,329 | 63:325,326 | 65:332,331,334,330,333\">\n\t<input type=\"hidden\" name=\"no_ajax\" value=\"0\">\t\t\t<\/form>\n\t<p>\u00a0<\/p>\n<\/div>\n\n<script type=\"text\/javascript\">\n\/\/jQuery(document).ready(function(){\ndocument.addEventListener(\"DOMContentLoaded\", function(event) { \t\nvar question_ids = \"62,64,63,65\";\nWatuPROSettings[8] = {};\nWatuPRO.qArr = question_ids.split(',');\nWatuPRO.exam_id = 8;\t    \nWatuPRO.post_id = 413;\nWatuPRO.store_progress = 0;\nWatuPRO.curCatPage = 1;\nWatuPRO.requiredIDs=\"0,62,64,63,65\".split(\",\");\nWatuPRO.hAppID = \"0.85517500 1776308100\";\nvar url = \"https:\/\/sisu.ut.ee\/wp-content\/plugins\/watupro\/show_exam.php\";\nWatuPRO.examMode = 1;\nWatuPRO.siteURL=\"https:\/\/sisu.ut.ee\/hammaste_anatoomia_oklusioon\/wp-admin\/admin-ajax.php\";\nWatuPRO.emailIsNotRequired = 0;\nWatuPRO.perDecade = 10;\nWatuPROIntel.init(8);\nWatuPRO.inCategoryPages=1;});    \t \n<\/script>\n\n","protected":false},"excerpt":{"rendered":"","protected":false},"author":9,"featured_media":0,"parent":0,"menu_order":0,"comment_status":"closed","ping_status":"closed","template":"","meta":{"_acf_changed":false,"inline_featured_image":false,"footnotes":""},"class_list":["post-413","page","type-page","status-publish","hentry"],"acf":[],"_links":{"self":[{"href":"https:\/\/sisu.ut.ee\/hammaste_anatoomia_oklusioon\/wp-json\/wp\/v2\/pages\/413","targetHints":{"allow":["GET"]}}],"collection":[{"href":"https:\/\/sisu.ut.ee\/hammaste_anatoomia_oklusioon\/wp-json\/wp\/v2\/pages"}],"about":[{"href":"https:\/\/sisu.ut.ee\/hammaste_anatoomia_oklusioon\/wp-json\/wp\/v2\/types\/page"}],"author":[{"embeddable":true,"href":"https:\/\/sisu.ut.ee\/hammaste_anatoomia_oklusioon\/wp-json\/wp\/v2\/users\/9"}],"replies":[{"embeddable":true,"href":"https:\/\/sisu.ut.ee\/hammaste_anatoomia_oklusioon\/wp-json\/wp\/v2\/comments?post=413"}],"version-history":[{"count":0,"href":"https:\/\/sisu.ut.ee\/hammaste_anatoomia_oklusioon\/wp-json\/wp\/v2\/pages\/413\/revisions"}],"wp:attachment":[{"href":"https:\/\/sisu.ut.ee\/hammaste_anatoomia_oklusioon\/wp-json\/wp\/v2\/media?parent=413"}],"curies":[{"name":"wp","href":"https:\/\/api.w.org\/{rel}","templated":true}]}}