{"id":41,"date":"2024-04-04T00:17:31","date_gmt":"2024-04-03T21:17:31","guid":{"rendered":"https:\/\/sisu.ut.ee\/hammaste_anatoomia_oklusioon\/palpatsioon\/"},"modified":"2024-04-11T08:18:29","modified_gmt":"2024-04-11T05:18:29","slug":"palpatsioon","status":"publish","type":"page","link":"https:\/\/sisu.ut.ee\/hammaste_anatoomia_oklusioon\/palpatsioon\/","title":{"rendered":"Palpatsioon"},"content":{"rendered":"<p>Patsiendi l\u00e4bivaatus hambaarsti juures algab <strong>v\u00e4lisvaatlusega<\/strong>. Palpeeritakse k\u00f5iki t\u00e4htsamaid lihaseid ja l\u00fcmfis\u00f5lmede kogumikke. <strong>Suu\u00f5\u00f5ne vaatlus <\/strong>toimub v\u00e4lisvaatluse j\u00e4rgselt, kuid enne hammaste kontrolli. Vaatlus toimub kindlas j\u00e4rjekorras, kasutades palpeerimiseks s\u00f5rmi ja vaatluseks suupeeglit ja head valgustust. Erilist t\u00e4helepanu p\u00f6\u00f6ratakse kohtadele, mis on peamisteks suu\u00f5\u00f5ne kasvajate asukohaks: suupohi ja keele servad ja suu\u00f5\u00f5ne tagumine osa.<\/p>\n<p>Eestikeelsest artiklist \u201cKuidas kontrollida\u2026.\u201d (<a href=\"http:\/\/www.hambaarst.ee\/artiklid\/254\/kuidas-kontrollida-suuvahi-olemasolu\/\" target=\"_blank\" rel=\"noopener\">http:\/\/www.hambaarst.ee\/artiklid\/254\/kuidas-kontrollida-suuvahi-olemasolu\/<\/a>) saad <strong>palpatsiooni juhendi<\/strong>.<\/p>\n<p>Sarnane juhend on inglisekeelne \u00f5ppevideo:<\/p>\n<p style=\"text-align: center;\"><\/p><div class=\"ratio ratio-16x9 mb-3\"><div class=\"video-placeholder-wrapper video-placeholder-wrapper--16x9\">\n\t\t\t    <div class=\"video-placeholder d-flex justify-content-center align-items-center\">\n\t\t\t        <div class=\"overlay text-white p-2 w-100 text-center d-block justify-content-center align-items-center\">\n\t\t\t            <div>Kolmandate osapoolte sisu n\u00e4gemiseks palun n\u00f5ustu k\u00fcpsistega.<\/div>\n\t\t\t            <button class=\"btn btn-secondary btn-sm mt-1 consent-change\">Muuda n\u00f5usolekut<\/button>\n\t\t\t        <\/div>\n\t\t\t    <\/div>\n\t\t\t<\/div>\n<\/div>\n<p style=\"text-align: center;\"><a href=\"https:\/\/www.youtube.com\/watch?v=yY9-7pOTROM\" target=\"_blank\" rel=\"noopener\">https:\/\/www.youtube.com\/watch?v=yY9-7pOTROM<\/a><\/p>\n","protected":false},"excerpt":{"rendered":"<p>Patsiendi l\u00e4bivaatus hambaarsti juures algab v\u00e4lisvaatlusega. Palpeeritakse k\u00f5iki t\u00e4htsamaid lihaseid ja l\u00fcmfis\u00f5lmede kogumikke. Suu\u00f5\u00f5ne vaatlus toimub v\u00e4lisvaatluse j\u00e4rgselt, kuid enne hammaste kontrolli. Vaatlus toimub kindlas j\u00e4rjekorras, kasutades palpeerimiseks s\u00f5rmi ja vaatluseks suupeeglit ja head valgustust. Erilist t\u00e4helepanu p\u00f6\u00f6ratakse kohtadele, mis &#8230;<\/p>\n","protected":false},"author":12,"featured_media":0,"parent":0,"menu_order":0,"comment_status":"closed","ping_status":"closed","template":"","meta":{"_acf_changed":false,"inline_featured_image":false,"footnotes":""},"class_list":["post-41","page","type-page","status-publish","hentry"],"acf":[],"_links":{"self":[{"href":"https:\/\/sisu.ut.ee\/hammaste_anatoomia_oklusioon\/wp-json\/wp\/v2\/pages\/41","targetHints":{"allow":["GET"]}}],"collection":[{"href":"https:\/\/sisu.ut.ee\/hammaste_anatoomia_oklusioon\/wp-json\/wp\/v2\/pages"}],"about":[{"href":"https:\/\/sisu.ut.ee\/hammaste_anatoomia_oklusioon\/wp-json\/wp\/v2\/types\/page"}],"author":[{"embeddable":true,"href":"https:\/\/sisu.ut.ee\/hammaste_anatoomia_oklusioon\/wp-json\/wp\/v2\/users\/12"}],"replies":[{"embeddable":true,"href":"https:\/\/sisu.ut.ee\/hammaste_anatoomia_oklusioon\/wp-json\/wp\/v2\/comments?post=41"}],"version-history":[{"count":2,"href":"https:\/\/sisu.ut.ee\/hammaste_anatoomia_oklusioon\/wp-json\/wp\/v2\/pages\/41\/revisions"}],"predecessor-version":[{"id":497,"href":"https:\/\/sisu.ut.ee\/hammaste_anatoomia_oklusioon\/wp-json\/wp\/v2\/pages\/41\/revisions\/497"}],"wp:attachment":[{"href":"https:\/\/sisu.ut.ee\/hammaste_anatoomia_oklusioon\/wp-json\/wp\/v2\/media?parent=41"}],"curies":[{"name":"wp","href":"https:\/\/api.w.org\/{rel}","templated":true}]}}