{"id":409,"date":"2024-04-10T16:06:46","date_gmt":"2024-04-10T13:06:46","guid":{"rendered":"https:\/\/sisu.ut.ee\/hammaste_anatoomia_oklusioon\/test-hambakaared-ja-hambumus\/"},"modified":"2024-04-10T16:06:46","modified_gmt":"2024-04-10T13:06:46","slug":"test-hambakaared-ja-hambumus","status":"publish","type":"page","link":"https:\/\/sisu.ut.ee\/hammaste_anatoomia_oklusioon\/test-hambakaared-ja-hambumus\/","title":{"rendered":"Test: hambakaared ja hambumus"},"content":{"rendered":"<div id=\"watupro_quiz\" class=\"quiz-area single-page-quiz\">\n<p id=\"submittingExam4\" style=\"display:none;text-align:center;\"><img loading=\"lazy\" decoding=\"async\" src=\"https:\/\/sisu.ut.ee\/wp-content\/plugins\/watupro\/img\/loading.gif\" width=\"16\" height=\"16\"><\/p>\n\n<div class=\"watupro-exam-description\" id=\"description-quiz-4\"><p>Vaata, kui edukalt uued teadmised hambumusest omandasid.<\/p>\n<p>Kas hambumuse m\u00e4\u00e4ramine on sinu jaoks keeruline? Pole p\u00f5hjust muretseda, hambumuse registreerimine ja hindamine\u00a0 kuulub hambaarsti igap\u00e4evase t\u00f6\u00f6 hulka ja vilumus tuleb ainult harjutamisega.<\/p>\n<\/div>\n\n<form action=\"\" method=\"post\" class=\"quiz-form\" id=\"quiz-4\" enctype=\"multipart\/form-data\">\n<div class=\"watu-question \" id=\"question-1\" style=\";\"><div id=\"questionWrap-1\" class=\"  watupro-required-23 watupro-question-id-23\">\n\t\t\t<div class=\"question-content\"><div><p>Millised tunnused loetulust iseloomustavad \u00fclemist hambakaart (v\u00f5rreldes alumisega)?<\/p><\/div><input type=\"hidden\" name=\"question_id[]\" id=\"qID_1\" value=\"23\" class=\"watupro-question-id\"><input type=\"hidden\" id=\"answerType23\" class=\"answerTypeCnt1\" value=\"checkbox\"><input type=\"hidden\" id=\"watupro-required-question-23\"><!-- end question-content--><\/div><div class=\"question-choices watupro-choices-columns \" id=\"questionChoices23\"><div class=\"watupro-question-choice  \" dir=\"auto\"><input type=\"checkbox\" name=\"answer-23[]\" id=\"answer-id-136\" class=\"answer   answerof-23 \" value=\"136\"><label for=\"answer-id-136\" id=\"answer-label-136\" class=\" answer\"><span><p>parabooli kujuline<\/p><\/span><\/label><\/div><div class=\"watupro-question-choice  \" dir=\"auto\"><input type=\"checkbox\" name=\"answer-23[]\" id=\"answer-id-133\" class=\"answer   answerof-23 \" value=\"133\"><label for=\"answer-id-133\" id=\"answer-label-133\" class=\" answer\"><span><p>ellipsoidne\u00a0<\/p><\/span><\/label><\/div><div class=\"watupro-question-choice  \" dir=\"auto\"><input type=\"checkbox\" name=\"answer-23[]\" id=\"answer-id-132\" class=\"answer   answerof-23 \" value=\"132\"><label for=\"answer-id-132\" id=\"answer-label-132\" class=\" answer\"><span><p>laiem<\/p><\/span><\/label><\/div><div class=\"watupro-question-choice  \" dir=\"auto\"><input type=\"checkbox\" name=\"answer-23[]\" id=\"answer-id-135\" class=\"answer   answerof-23 \" value=\"135\"><label for=\"answer-id-135\" id=\"answer-label-135\" class=\" answer\"><span><p>kitsam<\/p><\/span><\/label><\/div><div class=\"watupro-question-choice  \" dir=\"auto\"><input type=\"checkbox\" name=\"answer-23[]\" id=\"answer-id-137\" class=\"answer   answerof-23 \" value=\"137\"><label for=\"answer-id-137\" id=\"answer-label-137\" class=\" answer\"><span><p>l\u00fchem<\/p><\/span><\/label><\/div><div class=\"watupro-question-choice  \" dir=\"auto\"><input type=\"checkbox\" name=\"answer-23[]\" id=\"answer-id-134\" class=\"answer   answerof-23 \" value=\"134\"><label for=\"answer-id-134\" id=\"answer-label-134\" class=\" answer\"><span><p>pikem\u00a0<\/p><\/span><\/label><\/div><!-- end question-choices--><\/div><!-- end questionWrap--><\/div><\/div><div class=\"watu-question \" id=\"question-2\" style=\";\"><div id=\"questionWrap-2\" class=\"  watupro-required-24 watupro-question-id-24\">\n\t\t\t<div class=\"question-content\"><div><p>Milline on alumiste hammaste kalle?<\/p><\/div><input type=\"hidden\" name=\"question_id[]\" id=\"qID_2\" value=\"24\" class=\"watupro-question-id\"><input type=\"hidden\" id=\"answerType24\" class=\"answerTypeCnt2\" value=\"radio\"><input type=\"hidden\" id=\"watupro-required-question-24\"><!-- end question-content--><\/div><div class=\"question-choices watupro-choices-columns \" id=\"questionChoices24\"><div class=\"watupro-question-choice  \" dir=\"auto\"><input type=\"radio\" name=\"answer-24[]\" id=\"answer-id-138\" class=\"answer   answerof-24 \" value=\"138\"><label for=\"answer-id-138\" id=\"answer-label-138\" class=\" answer\"><span><p>sissepoole<\/p><\/span><\/label><\/div><div class=\"watupro-question-choice  \" dir=\"auto\"><input type=\"radio\" name=\"answer-24[]\" id=\"answer-id-139\" class=\"answer   answerof-24 \" value=\"139\"><label for=\"answer-id-139\" id=\"answer-label-139\" class=\" answer\"><span><p>v\u00e4ljapoole<\/p><\/span><\/label><\/div><div class=\"watupro-question-choice  \" dir=\"auto\"><input type=\"radio\" name=\"answer-24[]\" id=\"answer-id-140\" class=\"answer   answerof-24 \" value=\"140\"><label for=\"answer-id-140\" id=\"answer-label-140\" class=\" answer\"><span><p>tahapoole<\/p><\/span><\/label><\/div><!-- end question-choices--><\/div><!-- end questionWrap--><\/div><\/div><div class=\"watu-question \" id=\"question-3\" style=\";\"><div id=\"questionWrap-3\" class=\"  watupro-required-29 watupro-question-id-29\">\n\t\t\t<div class=\"question-content\"><div><p>M\u00e4\u00e4ra fotol olev hambumus Angle klassifikatsiooni kasutades.<\/p><p><img loading=\"lazy\" decoding=\"async\" width=\"500\" height=\"288\" class=\"alignnone wp-image-215\" style=\"\" src=\"https:\/\/sisu.ut.ee\/wp-content\/uploads\/sites\/114\/4test_hambakaar-1.png\" title=\"4test_hambakaar-1.png\" alt=\"4test_hambakaar-1.png\" srcset=\"https:\/\/sisu.ut.ee\/wp-content\/uploads\/sites\/114\/4test_hambakaar-1.png 500w, https:\/\/sisu.ut.ee\/wp-content\/uploads\/sites\/114\/4test_hambakaar-1-300x173.png 300w\" sizes=\"auto, (max-width: 500px) 100vw, 500px\"><\/p><\/div><input type=\"hidden\" name=\"question_id[]\" id=\"qID_3\" value=\"29\" class=\"watupro-question-id\"><input type=\"hidden\" id=\"answerType29\" class=\"answerTypeCnt3\" value=\"radio\"><input type=\"hidden\" id=\"watupro-required-question-29\"><!-- end question-content--><\/div><div class=\"question-choices watupro-choices-columns \" id=\"questionChoices29\"><div class=\"watupro-question-choice  \" dir=\"auto\"><input type=\"radio\" name=\"answer-29[]\" id=\"answer-id-160\" class=\"answer   answerof-29 \" value=\"160\"><label for=\"answer-id-160\" id=\"answer-label-160\" class=\" answer\"><span><p>Angle I<\/p><\/span><\/label><\/div><div class=\"watupro-question-choice  \" dir=\"auto\"><input type=\"radio\" name=\"answer-29[]\" id=\"answer-id-162\" class=\"answer   answerof-29 \" value=\"162\"><label for=\"answer-id-162\" id=\"answer-label-162\" class=\" answer\"><span><p>Angle III<\/p><\/span><\/label><\/div><div class=\"watupro-question-choice  \" dir=\"auto\"><input type=\"radio\" name=\"answer-29[]\" id=\"answer-id-161\" class=\"answer   answerof-29 \" value=\"161\"><label for=\"answer-id-161\" id=\"answer-label-161\" class=\" answer\"><span><p>Angle II<\/p><\/span><\/label><\/div><div class=\"watupro-question-choice  \" dir=\"auto\"><input type=\"radio\" name=\"answer-29[]\" id=\"answer-id-159\" class=\"answer   answerof-29 \" value=\"159\"><label for=\"answer-id-159\" id=\"answer-label-159\" class=\" answer\"><span><p>f\u00fcsioloogiline ehk ortognaatne hambumus<\/p><\/span><\/label><\/div><!-- end question-choices--><\/div><!-- end questionWrap--><\/div><\/div><div class=\"watu-question \" id=\"question-4\" style=\";\"><div id=\"questionWrap-4\" class=\"  watupro-required-25 watupro-question-id-25\">\n\t\t\t<div class=\"question-content\"><div><p>Millised hambad kontakteeruvad vaid \u00fche vastasl\u00f5ualuu hambaga?<\/p><\/div><input type=\"hidden\" name=\"question_id[]\" id=\"qID_4\" value=\"25\" class=\"watupro-question-id\"><input type=\"hidden\" id=\"answerType25\" class=\"answerTypeCnt4\" value=\"checkbox\"><input type=\"hidden\" id=\"watupro-required-question-25\"><!-- end question-content--><\/div><div class=\"question-choices watupro-choices-columns \" id=\"questionChoices25\"><div class=\"watupro-question-choice  \" dir=\"auto\"><input type=\"checkbox\" name=\"answer-25[]\" id=\"answer-id-141\" class=\"answer   answerof-25 \" value=\"141\"><label for=\"answer-id-141\" id=\"answer-label-141\" class=\" answer\"><span><p>alumine tentraalne intsisiiv<\/p><\/span><\/label><\/div><div class=\"watupro-question-choice  \" dir=\"auto\"><input type=\"checkbox\" name=\"answer-25[]\" id=\"answer-id-142\" class=\"answer   answerof-25 \" value=\"142\"><label for=\"answer-id-142\" id=\"answer-label-142\" class=\" answer\"><span><p>\u00fclemine kolmas molaar<\/p><\/span><\/label><\/div><div class=\"watupro-question-choice  \" dir=\"auto\"><input type=\"checkbox\" name=\"answer-25[]\" id=\"answer-id-147\" class=\"answer   answerof-25 \" value=\"147\"><label for=\"answer-id-147\" id=\"answer-label-147\" class=\" answer\"><span><p>alumine kolmas molaar<\/p><\/span><\/label><\/div><div class=\"watupro-question-choice  \" dir=\"auto\"><input type=\"checkbox\" name=\"answer-25[]\" id=\"answer-id-144\" class=\"answer   answerof-25 \" value=\"144\"><label for=\"answer-id-144\" id=\"answer-label-144\" class=\" answer\"><span><p>\u00fclemine kaniin<\/p><\/span><\/label><\/div><div class=\"watupro-question-choice  \" dir=\"auto\"><input type=\"checkbox\" name=\"answer-25[]\" id=\"answer-id-145\" class=\"answer   answerof-25 \" value=\"145\"><label for=\"answer-id-145\" id=\"answer-label-145\" class=\" answer\"><span><p>alumine kaniin<\/p><\/span><\/label><\/div><div class=\"watupro-question-choice  \" dir=\"auto\"><input type=\"checkbox\" name=\"answer-25[]\" id=\"answer-id-146\" class=\"answer   answerof-25 \" value=\"146\"><label for=\"answer-id-146\" id=\"answer-label-146\" class=\" answer\"><span><p>\u00fclemine esimene molaar<\/p><\/span><\/label><\/div><div class=\"watupro-question-choice  \" dir=\"auto\"><input type=\"checkbox\" name=\"answer-25[]\" id=\"answer-id-143\" class=\"answer   answerof-25 \" value=\"143\"><label for=\"answer-id-143\" id=\"answer-label-143\" class=\" answer\"><span><p>\u00fclemine tsentraalne intsisiiv<\/p><\/span><\/label><\/div><!-- end question-choices--><\/div><!-- end questionWrap--><\/div><\/div><div class=\"watu-question \" id=\"question-5\" style=\";\"><div id=\"questionWrap-5\" class=\"  watupro-required-26 watupro-question-id-26\">\n\t\t\t<div class=\"question-content\"><div><p>Millise \u00fclemise esimese molaari k\u00f6bru j\u00e4rgi m\u00e4\u00e4ratakse hambumust?<\/p><\/div><input type=\"hidden\" name=\"question_id[]\" id=\"qID_5\" value=\"26\" class=\"watupro-question-id\"><input type=\"hidden\" id=\"answerType26\" class=\"answerTypeCnt5\" value=\"radio\"><input type=\"hidden\" id=\"watupro-required-question-26\"><!-- end question-content--><\/div><div class=\"question-choices watupro-choices-columns \" id=\"questionChoices26\"><div class=\"watupro-question-choice  \" dir=\"auto\"><input type=\"radio\" name=\"answer-26[]\" id=\"answer-id-148\" class=\"answer   answerof-26 \" value=\"148\"><label for=\"answer-id-148\" id=\"answer-label-148\" class=\" answer\"><span><p>mesiobukaalne\u00a0<\/p><\/span><\/label><\/div><div class=\"watupro-question-choice  \" dir=\"auto\"><input type=\"radio\" name=\"answer-26[]\" id=\"answer-id-149\" class=\"answer   answerof-26 \" value=\"149\"><label for=\"answer-id-149\" id=\"answer-label-149\" class=\" answer\"><span><p>mesiolingvaalne\u00a0<\/p><\/span><\/label><\/div><div class=\"watupro-question-choice  \" dir=\"auto\"><input type=\"radio\" name=\"answer-26[]\" id=\"answer-id-150\" class=\"answer   answerof-26 \" value=\"150\"><label for=\"answer-id-150\" id=\"answer-label-150\" class=\" answer\"><span><p>distobukaalne<\/p><\/span><\/label><\/div><div class=\"watupro-question-choice  \" dir=\"auto\"><input type=\"radio\" name=\"answer-26[]\" id=\"answer-id-151\" class=\"answer   answerof-26 \" value=\"151\"><label for=\"answer-id-151\" id=\"answer-label-151\" class=\" answer\"><span><p>distolingvaalne<\/p><\/span><\/label><\/div><!-- end question-choices--><\/div><!-- end questionWrap--><\/div><\/div><div class=\"watu-question \" id=\"question-6\" style=\";\"><div id=\"questionWrap-6\" class=\"  watupro-required-30 watupro-question-id-30\">\n\t\t\t<div class=\"question-content\"><div><p>M\u00e4\u00e4ra fotol olev hambumus Angle klassifikatsiooni kasutades.<\/p><p><img loading=\"lazy\" decoding=\"async\" width=\"500\" height=\"299\" class=\"alignnone wp-image-216\" style=\"\" src=\"https:\/\/sisu.ut.ee\/wp-content\/uploads\/sites\/114\/4test_hambakaar-2.png\" title=\"4test_hambakaar-2.png\" alt=\"4test_hambakaar-2.png\" srcset=\"https:\/\/sisu.ut.ee\/wp-content\/uploads\/sites\/114\/4test_hambakaar-2.png 500w, https:\/\/sisu.ut.ee\/wp-content\/uploads\/sites\/114\/4test_hambakaar-2-300x179.png 300w\" sizes=\"auto, (max-width: 500px) 100vw, 500px\"><\/p><\/div><input type=\"hidden\" name=\"question_id[]\" id=\"qID_6\" value=\"30\" class=\"watupro-question-id\"><input type=\"hidden\" id=\"answerType30\" class=\"answerTypeCnt6\" value=\"radio\"><input type=\"hidden\" id=\"watupro-required-question-30\"><!-- end question-content--><\/div><div class=\"question-choices watupro-choices-columns \" id=\"questionChoices30\"><div class=\"watupro-question-choice  \" dir=\"auto\"><input type=\"radio\" name=\"answer-30[]\" id=\"answer-id-166\" class=\"answer   answerof-30 \" value=\"166\"><label for=\"answer-id-166\" id=\"answer-label-166\" class=\" answer\"><span><p>Angle III<\/p><\/span><\/label><\/div><div class=\"watupro-question-choice  \" dir=\"auto\"><input type=\"radio\" name=\"answer-30[]\" id=\"answer-id-163\" class=\"answer   answerof-30 \" value=\"163\"><label for=\"answer-id-163\" id=\"answer-label-163\" class=\" answer\"><span><p>f\u00fcsioloogiline ehk ortognaatne hambumus<\/p><\/span><\/label><\/div><div class=\"watupro-question-choice  \" dir=\"auto\"><input type=\"radio\" name=\"answer-30[]\" id=\"answer-id-165\" class=\"answer   answerof-30 \" value=\"165\"><label for=\"answer-id-165\" id=\"answer-label-165\" class=\" answer\"><span><p>Angle II<\/p><\/span><\/label><\/div><div class=\"watupro-question-choice  \" dir=\"auto\"><input type=\"radio\" name=\"answer-30[]\" id=\"answer-id-164\" class=\"answer   answerof-30 \" value=\"164\"><label for=\"answer-id-164\" id=\"answer-label-164\" class=\" answer\"><span><p>Angle I<\/p><\/span><\/label><\/div><!-- end question-choices--><\/div><!-- end questionWrap--><\/div><\/div><div class=\"watu-question \" id=\"question-7\" style=\";\"><div id=\"questionWrap-7\" class=\"  watupro-required-28 watupro-question-id-28\">\n\t\t\t<div class=\"question-content\"><div><p>Kus asub \u00fclemise kaniini tipp f\u00fcsioloogilise hambumuse korral?<\/p><\/div><input type=\"hidden\" name=\"question_id[]\" id=\"qID_7\" value=\"28\" class=\"watupro-question-id\"><input type=\"hidden\" id=\"answerType28\" class=\"answerTypeCnt7\" value=\"radio\"><input type=\"hidden\" id=\"watupro-required-question-28\"><!-- end question-content--><\/div><div class=\"question-choices watupro-choices-columns \" id=\"questionChoices28\"><div class=\"watupro-question-choice  \" dir=\"auto\"><input type=\"radio\" name=\"answer-28[]\" id=\"answer-id-158\" class=\"answer   answerof-28 \" value=\"158\"><label for=\"answer-id-158\" id=\"answer-label-158\" class=\" answer\"><span><p>alumise kaniini ja alumise lateraalse intsisiivi vahel<\/p><\/span><\/label><\/div><div class=\"watupro-question-choice  \" dir=\"auto\"><input type=\"radio\" name=\"answer-28[]\" id=\"answer-id-157\" class=\"answer   answerof-28 \" value=\"157\"><label for=\"answer-id-157\" id=\"answer-label-157\" class=\" answer\"><span><p>alumiste premolaaride vahel<\/p><\/span><\/label><\/div><div class=\"watupro-question-choice  \" dir=\"auto\"><input type=\"radio\" name=\"answer-28[]\" id=\"answer-id-156\" class=\"answer   answerof-28 \" value=\"156\"><label for=\"answer-id-156\" id=\"answer-label-156\" class=\" answer\"><span><p>alumise kaniini ja alumise esimese premolaari vahel<\/p><\/span><\/label><\/div><!-- end question-choices--><\/div><!-- end questionWrap--><\/div><\/div><div class=\"watu-question \" id=\"question-8\" style=\";\"><div id=\"questionWrap-8\" class=\"  watupro-required-31 watupro-question-id-31\">\n\t\t\t<div class=\"question-content\"><div><p>M\u00e4\u00e4ra fotol olev hambumus Angle klassifikatsiooni kasutades.<\/p><p><img loading=\"lazy\" decoding=\"async\" width=\"498\" height=\"296\" class=\"alignnone wp-image-217\" style=\"\" src=\"https:\/\/sisu.ut.ee\/wp-content\/uploads\/sites\/114\/4test_hambakaar-3.png\" title=\"4test_hambakaar-3.png\" alt=\"4test_hambakaar-3.png\" srcset=\"https:\/\/sisu.ut.ee\/wp-content\/uploads\/sites\/114\/4test_hambakaar-3.png 498w, https:\/\/sisu.ut.ee\/wp-content\/uploads\/sites\/114\/4test_hambakaar-3-300x178.png 300w\" sizes=\"auto, (max-width: 498px) 100vw, 498px\"><\/p><\/div><input type=\"hidden\" name=\"question_id[]\" id=\"qID_8\" value=\"31\" class=\"watupro-question-id\"><input type=\"hidden\" id=\"answerType31\" class=\"answerTypeCnt8\" value=\"radio\"><input type=\"hidden\" id=\"watupro-required-question-31\"><!-- end question-content--><\/div><div class=\"question-choices watupro-choices-columns \" id=\"questionChoices31\"><div class=\"watupro-question-choice  \" dir=\"auto\"><input type=\"radio\" name=\"answer-31[]\" id=\"answer-id-170\" class=\"answer   answerof-31 \" value=\"170\"><label for=\"answer-id-170\" id=\"answer-label-170\" class=\" answer\"><span><p>Angle III<\/p><\/span><\/label><\/div><div class=\"watupro-question-choice  \" dir=\"auto\"><input type=\"radio\" name=\"answer-31[]\" id=\"answer-id-169\" class=\"answer   answerof-31 \" value=\"169\"><label for=\"answer-id-169\" id=\"answer-label-169\" class=\" answer\"><span><p>Angle II<\/p><\/span><\/label><\/div><div class=\"watupro-question-choice  \" dir=\"auto\"><input type=\"radio\" name=\"answer-31[]\" id=\"answer-id-168\" class=\"answer   answerof-31 \" value=\"168\"><label for=\"answer-id-168\" id=\"answer-label-168\" class=\" answer\"><span><p>Angle I<\/p><\/span><\/label><\/div><div class=\"watupro-question-choice  \" dir=\"auto\"><input type=\"radio\" name=\"answer-31[]\" id=\"answer-id-167\" class=\"answer   answerof-31 \" value=\"167\"><label for=\"answer-id-167\" id=\"answer-label-167\" class=\" answer\"><span><p>f\u00fcsioloogiline ehk ortognaatne hambumus<\/p><\/span><\/label><\/div><!-- end question-choices--><\/div><!-- end questionWrap--><\/div><\/div><div class=\"watu-question \" id=\"question-9\" style=\";\"><div id=\"questionWrap-9\" class=\"  watupro-required-27 watupro-question-id-27\">\n\t\t\t<div class=\"question-content\"><div><p>Kus peab f\u00fcsioloogilise hambumuse korral paiknema \u00fclemise esimese molaari\u00a0 eelnimetatud k\u00f6ber alumisel molaaril?<\/p><\/div><input type=\"hidden\" name=\"question_id[]\" id=\"qID_9\" value=\"27\" class=\"watupro-question-id\"><input type=\"hidden\" id=\"answerType27\" class=\"answerTypeCnt9\" value=\"checkbox\"><input type=\"hidden\" id=\"watupro-required-question-27\"><!-- end question-content--><\/div><div class=\"question-choices watupro-choices-columns \" id=\"questionChoices27\"><div class=\"watupro-question-choice  \" dir=\"auto\"><input type=\"checkbox\" name=\"answer-27[]\" id=\"answer-id-152\" class=\"answer   answerof-27 \" value=\"152\"><label for=\"answer-id-152\" id=\"answer-label-152\" class=\" answer\"><span><p>bukaalses ristifissuuris<\/p><\/span><\/label><\/div><div class=\"watupro-question-choice  \" dir=\"auto\"><input type=\"checkbox\" name=\"answer-27[]\" id=\"answer-id-153\" class=\"answer   answerof-27 \" value=\"153\"><label for=\"answer-id-153\" id=\"answer-label-153\" class=\" answer\"><span><p>pikifissuuris<\/p><\/span><\/label><\/div><div class=\"watupro-question-choice  \" dir=\"auto\"><input type=\"checkbox\" name=\"answer-27[]\" id=\"answer-id-154\" class=\"answer   answerof-27 \" value=\"154\"><label for=\"answer-id-154\" id=\"answer-label-154\" class=\" answer\"><span><p>mesiobukaalse k\u00f6bruga kohakuti<\/p><\/span><\/label><\/div><div class=\"watupro-question-choice  \" dir=\"auto\"><input type=\"checkbox\" name=\"answer-27[]\" id=\"answer-id-155\" class=\"answer   answerof-27 \" value=\"155\"><label for=\"answer-id-155\" id=\"answer-label-155\" class=\" answer\"><span><p>distobukaalse k\u00f6bruga kohakuti<\/p><\/span><\/label><\/div><!-- end question-choices--><\/div><!-- end questionWrap--><\/div><\/div><div style=\"display:none\" id=\"question-10\">\n\t<div class=\"question-content\">\n\t\t<img loading=\"lazy\" decoding=\"async\" src=\"https:\/\/sisu.ut.ee\/wp-content\/plugins\/watupro\/img\/loading.gif\" width=\"16\" height=\"16\" alt=\"Loading...\" title=\"Loading...\">\u00a0Loading...\t<\/div>\n<\/div>\n\n<br>\n\t\n\t\t\t<div class=\"watupro_buttons flex \" id=\"watuPROButtons4\">\n\t\t  <div id=\"prev-question\" style=\"display:none;\"><input type=\"button\" value=\"&lt; Previous\" onclick=\"WatuPRO.nextQuestion(event, 'previous');\"><\/div>\t\t  \t\t  \t\t   \n\t\t   \t  \t\t<div><input type=\"button\" name=\"action\" class=\"watupro-submit-button\" onclick=\"WatuPRO.submitResult(event)\" id=\"action-button\" value=\"View Results\">\n\t\t<\/div>\n\t\t<\/div>\n\t\t\n\t<input type=\"hidden\" name=\"quiz_id\" value=\"4\" id=\"watuPROExamID\">\n\t<input type=\"hidden\" name=\"start_time\" id=\"startTime\" value=\"2026-04-16 04:24:48\">\n\t<input type=\"hidden\" name=\"start_timestamp\" id=\"startTimeStamp\" value=\"1776313488\">\n\t<input type=\"hidden\" name=\"question_ids\" value=\"\">\n\t<input type=\"hidden\" name=\"watupro_questions\" value=\"23:136,133,132,135,137,134 | 24:138,139,140 | 29:160,162,161,159 | 25:141,142,147,144,145,146,143 | 26:148,149,150,151 | 30:166,163,165,164 | 28:158,157,156 | 31:170,169,168,167 | 27:152,153,154,155\">\n\t<input type=\"hidden\" name=\"no_ajax\" value=\"0\">\t\t\t<\/form>\n\t<p>\u00a0<\/p>\n<\/div>\n\n<script type=\"text\/javascript\">\n\/\/jQuery(document).ready(function(){\ndocument.addEventListener(\"DOMContentLoaded\", function(event) { \t\nvar question_ids = \"23,24,29,25,26,30,28,31,27\";\nWatuPROSettings[4] = {};\nWatuPRO.qArr = question_ids.split(',');\nWatuPRO.exam_id = 4;\t    \nWatuPRO.post_id = 409;\nWatuPRO.store_progress = 0;\nWatuPRO.curCatPage = 1;\nWatuPRO.requiredIDs=\"0,23,24,29,25,26,30,28,31,27\".split(\",\");\nWatuPRO.hAppID = \"0.73676400 1776302688\";\nvar url = \"https:\/\/sisu.ut.ee\/wp-content\/plugins\/watupro\/show_exam.php\";\nWatuPRO.examMode = 1;\nWatuPRO.siteURL=\"https:\/\/sisu.ut.ee\/hammaste_anatoomia_oklusioon\/wp-admin\/admin-ajax.php\";\nWatuPRO.emailIsNotRequired = 0;\nWatuPRO.perDecade = 10;\nWatuPROIntel.init(4);\nWatuPRO.inCategoryPages=1;});    \t \n<\/script>\n\n","protected":false},"excerpt":{"rendered":"","protected":false},"author":9,"featured_media":0,"parent":0,"menu_order":0,"comment_status":"closed","ping_status":"closed","template":"","meta":{"_acf_changed":false,"inline_featured_image":false,"footnotes":""},"class_list":["post-409","page","type-page","status-publish","hentry"],"acf":[],"_links":{"self":[{"href":"https:\/\/sisu.ut.ee\/hammaste_anatoomia_oklusioon\/wp-json\/wp\/v2\/pages\/409","targetHints":{"allow":["GET"]}}],"collection":[{"href":"https:\/\/sisu.ut.ee\/hammaste_anatoomia_oklusioon\/wp-json\/wp\/v2\/pages"}],"about":[{"href":"https:\/\/sisu.ut.ee\/hammaste_anatoomia_oklusioon\/wp-json\/wp\/v2\/types\/page"}],"author":[{"embeddable":true,"href":"https:\/\/sisu.ut.ee\/hammaste_anatoomia_oklusioon\/wp-json\/wp\/v2\/users\/9"}],"replies":[{"embeddable":true,"href":"https:\/\/sisu.ut.ee\/hammaste_anatoomia_oklusioon\/wp-json\/wp\/v2\/comments?post=409"}],"version-history":[{"count":0,"href":"https:\/\/sisu.ut.ee\/hammaste_anatoomia_oklusioon\/wp-json\/wp\/v2\/pages\/409\/revisions"}],"wp:attachment":[{"href":"https:\/\/sisu.ut.ee\/hammaste_anatoomia_oklusioon\/wp-json\/wp\/v2\/media?parent=409"}],"curies":[{"name":"wp","href":"https:\/\/api.w.org\/{rel}","templated":true}]}}