{"id":38,"date":"2024-04-04T00:17:31","date_gmt":"2024-04-03T21:17:31","guid":{"rendered":"https:\/\/sisu.ut.ee\/hammaste_anatoomia_oklusioon\/suupohi\/"},"modified":"2024-04-11T08:16:39","modified_gmt":"2024-04-11T05:16:39","slug":"suupohi","status":"publish","type":"page","link":"https:\/\/sisu.ut.ee\/hammaste_anatoomia_oklusioon\/suupohi\/","title":{"rendered":"Suup\u00f5hi"},"content":{"rendered":"<p><strong>Suup\u00f5hja<\/strong> <em>(fundus oris) <\/em>piirab eest ja k\u00fclgedelt alveolaarj\u00e4tke, taga ja k\u00fclgedel l\u00e4heb suupohi \u00fcle keeleks. <strong>Suup\u00f5hi koosneb lihastest<\/strong>, milledest olulisem on lai \u00f5huke lihasplaat, nn suup\u00f5hja diafragma \u2013 l\u00f5ua-keeleluu lihas <em>(musculus mylohyoideus)<\/em>, mis jaotab suup\u00f5hja \u00fclemiseks ja alumiseks osaks. Suup\u00f5hja lihased liiguvad neelamisel koos keeleluuga kaasa.<\/p>\n<p>Suup\u00f5hja eesosas, keskjoonel paikneb <strong>keelekida <\/strong><em>(frenulum linguae)<\/em>, mille k\u00f5rvale j\u00e4\u00e4b paariline <strong>keelealune lihake <\/strong>ehk<strong> sublingvaalne papill<\/strong> <em>(caruncula sublingualis)<\/em>, mis on<strong> alal\u00f5uaaluse s\u00fcljen\u00e4\u00e4rmejuha<\/strong> <em>(glandula submandibularis) <\/em>suubumiskoht. Sellest j\u00e4\u00e4b diagonaalsuunaliselt paiknev <strong>keelealune kurd <\/strong>ehk<strong> -volt <\/strong><em>(plica sublingualis)<\/em>, mis on tingitud <strong>keelealusest s\u00fcljen\u00e4\u00e4rmest<\/strong><em> (glandula sublingualis)<\/em>.<\/p>\n<p><img loading=\"lazy\" decoding=\"async\" width=\"524\" height=\"266\" class=\"alignnone wp-image-138 aligncenter\" style=\"margin-left: auto; margin-right: auto;\" title=\"suupohi2.png\" src=\"https:\/\/sisu.ut.ee\/wp-content\/uploads\/sites\/114\/suupohi2.png\" alt=\"suupohi2.png\" srcset=\"https:\/\/sisu.ut.ee\/wp-content\/uploads\/sites\/114\/suupohi2.png 524w, https:\/\/sisu.ut.ee\/wp-content\/uploads\/sites\/114\/suupohi2-300x152.png 300w\" sizes=\"auto, (max-width: 524px) 100vw, 524px\"><\/p>\n","protected":false},"excerpt":{"rendered":"<p>Suup\u00f5hja (fundus oris) piirab eest ja k\u00fclgedelt alveolaarj\u00e4tke, taga ja k\u00fclgedel l\u00e4heb suupohi \u00fcle keeleks. Suup\u00f5hi koosneb lihastest, milledest olulisem on lai \u00f5huke lihasplaat, nn suup\u00f5hja diafragma \u2013 l\u00f5ua-keeleluu lihas (musculus mylohyoideus), mis jaotab suup\u00f5hja \u00fclemiseks ja alumiseks osaks. Suup\u00f5hja &#8230;<\/p>\n","protected":false},"author":12,"featured_media":0,"parent":0,"menu_order":0,"comment_status":"closed","ping_status":"closed","template":"","meta":{"_acf_changed":false,"inline_featured_image":false,"footnotes":""},"class_list":["post-38","page","type-page","status-publish","hentry"],"acf":[],"_links":{"self":[{"href":"https:\/\/sisu.ut.ee\/hammaste_anatoomia_oklusioon\/wp-json\/wp\/v2\/pages\/38","targetHints":{"allow":["GET"]}}],"collection":[{"href":"https:\/\/sisu.ut.ee\/hammaste_anatoomia_oklusioon\/wp-json\/wp\/v2\/pages"}],"about":[{"href":"https:\/\/sisu.ut.ee\/hammaste_anatoomia_oklusioon\/wp-json\/wp\/v2\/types\/page"}],"author":[{"embeddable":true,"href":"https:\/\/sisu.ut.ee\/hammaste_anatoomia_oklusioon\/wp-json\/wp\/v2\/users\/12"}],"replies":[{"embeddable":true,"href":"https:\/\/sisu.ut.ee\/hammaste_anatoomia_oklusioon\/wp-json\/wp\/v2\/comments?post=38"}],"version-history":[{"count":2,"href":"https:\/\/sisu.ut.ee\/hammaste_anatoomia_oklusioon\/wp-json\/wp\/v2\/pages\/38\/revisions"}],"predecessor-version":[{"id":492,"href":"https:\/\/sisu.ut.ee\/hammaste_anatoomia_oklusioon\/wp-json\/wp\/v2\/pages\/38\/revisions\/492"}],"wp:attachment":[{"href":"https:\/\/sisu.ut.ee\/hammaste_anatoomia_oklusioon\/wp-json\/wp\/v2\/media?parent=38"}],"curies":[{"name":"wp","href":"https:\/\/api.w.org\/{rel}","templated":true}]}}