{"id":36,"date":"2024-04-04T00:17:31","date_gmt":"2024-04-03T21:17:31","guid":{"rendered":"https:\/\/sisu.ut.ee\/hammaste_anatoomia_oklusioon\/nao-valised-orientiirid\/"},"modified":"2024-04-11T08:14:38","modified_gmt":"2024-04-11T05:14:38","slug":"nao-valised-orientiirid","status":"publish","type":"page","link":"https:\/\/sisu.ut.ee\/hammaste_anatoomia_oklusioon\/nao-valised-orientiirid\/","title":{"rendered":"N\u00e4o v\u00e4lised orientiirid"},"content":{"rendered":"<p>N\u00e4o silmatorkavad osad v\u00f5imaldavad kirjeldada kliiniliste leidude paiknemist.<\/p>\n<ul>\n<li><strong>\u00dclahuulevagu <\/strong>ehk<strong> filtrum<\/strong> <em>(philtrum) <\/em>on vertikaalne s\u00fcvend nina ja \u00fclahuule vahel.<\/li>\n<li><strong>Huulepuna <\/strong>on huulte punakas v\u00e4lispind.<\/li>\n<li><strong>Huulepuna ehk vermillioni piir <\/strong>on huulte punakalt v\u00e4rvunud v\u00e4line osa, kus nahk l\u00e4heb \u00fcle limaskestaks. Punakas v\u00e4rvus tuleneb \u00f5hukesest epiteelist l\u00e4bi kumavatest kapillaaridest.<\/li>\n<li><strong>Nina-huule vagu (nasolabiaalvolt)<\/strong> <em>(sulcus nasolabialis) <\/em>on joonekujuline madalam ala mis kulgeb ninatiiva kinnituskohast huule v\u00e4lisnurgani.<\/li>\n<li><strong>Suunurk ehk komissuur<\/strong> <em>(angulus oris) <\/em>on kahe huule kokkupuutekoht.<\/li>\n<li><strong>Alal\u00f5ua nurk<\/strong> <em>(angulus mandibula) <\/em>on v\u00e4ljendunud ala l\u00f5ualuu keha ja \u00fclaneva haru \u00fchinemiskohas.<\/li>\n<li><strong>L\u00f5uats<\/strong> <em>(mentum) <\/em>on k\u00f5rgem ala ala\u00f5ua eesmises keskmises osas.<\/li>\n<li><strong>L\u00f5uatsi-huule volt<\/strong> <em>(sulcus mentolabialis)<\/em> on l\u00f5uatsi ja alahuule vahele j\u00e4\u00e4v madalam ala.<\/li>\n<li><strong>P\u00f5sesarn<\/strong> on n\u00e4o keskmises k\u00fclgmises osas paiknev k\u00f5rgem ala, mille moodustab sarnaluu.<\/li>\n<li><strong>Sarnakaar<\/strong> <em>(arcus zygomaticus) <\/em>on sarnaluult k\u00f5rva poole suunduv k\u00f5rgem ala, mille moodustab luuline sarnakaar.<\/li>\n<li><strong>P\u00f5sk<\/strong> <em>(bucca) <\/em>on n\u00e4o k\u00fclgmine osa, j\u00e4\u00e4b allapoole sarna piirkonda. Sisaldab rohkesti rasvkude.<\/li>\n<li><strong>Traagus ehk k\u00f5rvalesta nukk<\/strong> <em>(tragus) <\/em>on kuulmek\u00e4igu eesosas olev moodustis, mis katab osaliselt kuulmek\u00e4iku.<\/li>\n<\/ul>\n<p><img loading=\"lazy\" decoding=\"async\" width=\"500\" height=\"334\" class=\"alignnone wp-image-136 aligncenter\" style=\"margin-left: auto; margin-right: auto;\" title=\"nao_orientiirid.png\" src=\"https:\/\/sisu.ut.ee\/wp-content\/uploads\/sites\/114\/nao_orientiirid.png\" alt=\"nao_orientiirid.png\" srcset=\"https:\/\/sisu.ut.ee\/wp-content\/uploads\/sites\/114\/nao_orientiirid.png 500w, https:\/\/sisu.ut.ee\/wp-content\/uploads\/sites\/114\/nao_orientiirid-300x200.png 300w\" sizes=\"auto, (max-width: 500px) 100vw, 500px\"><\/p>\n","protected":false},"excerpt":{"rendered":"<p>N\u00e4o silmatorkavad osad v\u00f5imaldavad kirjeldada kliiniliste leidude paiknemist. \u00dclahuulevagu ehk filtrum (philtrum) on vertikaalne s\u00fcvend nina ja \u00fclahuule vahel. Huulepuna on huulte punakas v\u00e4lispind. Huulepuna ehk vermillioni piir on huulte punakalt v\u00e4rvunud v\u00e4line osa, kus nahk l\u00e4heb \u00fcle limaskestaks. Punakas &#8230;<\/p>\n","protected":false},"author":12,"featured_media":0,"parent":0,"menu_order":0,"comment_status":"closed","ping_status":"closed","template":"","meta":{"_acf_changed":false,"inline_featured_image":false,"footnotes":""},"class_list":["post-36","page","type-page","status-publish","hentry"],"acf":[],"_links":{"self":[{"href":"https:\/\/sisu.ut.ee\/hammaste_anatoomia_oklusioon\/wp-json\/wp\/v2\/pages\/36","targetHints":{"allow":["GET"]}}],"collection":[{"href":"https:\/\/sisu.ut.ee\/hammaste_anatoomia_oklusioon\/wp-json\/wp\/v2\/pages"}],"about":[{"href":"https:\/\/sisu.ut.ee\/hammaste_anatoomia_oklusioon\/wp-json\/wp\/v2\/types\/page"}],"author":[{"embeddable":true,"href":"https:\/\/sisu.ut.ee\/hammaste_anatoomia_oklusioon\/wp-json\/wp\/v2\/users\/12"}],"replies":[{"embeddable":true,"href":"https:\/\/sisu.ut.ee\/hammaste_anatoomia_oklusioon\/wp-json\/wp\/v2\/comments?post=36"}],"version-history":[{"count":2,"href":"https:\/\/sisu.ut.ee\/hammaste_anatoomia_oklusioon\/wp-json\/wp\/v2\/pages\/36\/revisions"}],"predecessor-version":[{"id":488,"href":"https:\/\/sisu.ut.ee\/hammaste_anatoomia_oklusioon\/wp-json\/wp\/v2\/pages\/36\/revisions\/488"}],"wp:attachment":[{"href":"https:\/\/sisu.ut.ee\/hammaste_anatoomia_oklusioon\/wp-json\/wp\/v2\/media?parent=36"}],"curies":[{"name":"wp","href":"https:\/\/api.w.org\/{rel}","templated":true}]}}