{"id":33,"date":"2024-04-04T00:17:31","date_gmt":"2024-04-03T21:17:31","guid":{"rendered":"https:\/\/sisu.ut.ee\/hammaste_anatoomia_oklusioon\/ajutiste-ehk-piimahammaste-erinevused-vorreldes-jaavhammastega\/"},"modified":"2024-04-04T00:18:18","modified_gmt":"2024-04-03T21:18:18","slug":"ajutiste-ehk-piimahammaste-erinevused-vorreldes-jaavhammastega","status":"publish","type":"page","link":"https:\/\/sisu.ut.ee\/hammaste_anatoomia_oklusioon\/ajutiste-ehk-piimahammaste-erinevused-vorreldes-jaavhammastega\/","title":{"rendered":"Ajutiste hammaste erinevused v\u00f5rreldes j\u00e4\u00e4vhammastega"},"content":{"rendered":"<p><strong>Ajutised ehk piimahambad<\/strong> <em>(dentes decidui) <\/em>erinevad <strong>j\u00e4\u00e4vhammastest<\/strong> <em>(dentes permanentes) <\/em>m\u00f5ningate tunnuste osas, mis aitab vahelduvas hammaskonnas eristada, kumba hammaskonda hammas kuulub.<\/p>\n<p>Piimahambad:<\/p>\n<ul>\n<li>on v\u00e4rvuselt piimjasvalged, j\u00e4\u00e4vhambad kollakamad;<\/li>\n<li>on m\u00f5\u00f5tmetelt v\u00e4iksemad;<\/li>\n<li>k\u00f5vakudede paksus on v\u00e4iksem;<\/li>\n<li>pulbi\u00f5\u00f5s on avaram ja pulbisarved ulatuvad k\u00f5rgemale;<\/li>\n<li>juurekanalid on avaramad;<\/li>\n<li>molaaride juured on sihvakamad ja enam harali kui j\u00e4\u00e4vhammastel.<\/li>\n<\/ul>\n<p style=\"text-align: center\"><img loading=\"lazy\" decoding=\"async\" width=\"605\" height=\"414\" class=\"alignnone wp-image-133\" style=\"margin-left: auto;margin-right: auto\" src=\"https:\/\/sisu.ut.ee\/wp-content\/uploads\/sites\/114\/vordlus.png\" title=\"Allikas: [val=http:\/\/medind.nic.in\/jao\/t10\/i2\/JIndianSocPedodPrevDent_2010_28_2_116_66753_u5.jpg href=http:\/\/medind.nic.in\/jao\/t10\/i2\/JIndianSocPedodPrevDent_2010_28_2_116_66753_u5.jpg]\" alt=\"Allikas: [val=http:\/\/medind.nic.in\/jao\/t10\/i2\/JIndianSocPedodPrevDent_2010_28_2_116_66753_u5.jpg href=http:\/\/medind.nic.in\/jao\/t10\/i2\/JIndianSocPedodPrevDent_2010_28_2_116_66753_u5.jpg]\" srcset=\"https:\/\/sisu.ut.ee\/wp-content\/uploads\/sites\/114\/vordlus.png 605w, https:\/\/sisu.ut.ee\/wp-content\/uploads\/sites\/114\/vordlus-300x205.png 300w\" sizes=\"auto, (max-width: 605px) 100vw, 605px\"><\/p>\n<p>R\u00f6ntgen\u00fclesv\u00f5ttel on n\u00e4ha veel l\u00f5ikumata j\u00e4\u00e4vhammaste alged (D33, 34, 35 ja 37). J\u00e4\u00e4vpremolaaride kroonid on nihkunud piimamolaaride juurte vahele. Esimene j\u00e4\u00e4vmolaar (D36) on l\u00f5ikunud oklusiooni tasapinda, kuid juuretipu moodustumine kestab.\u00a0<\/p>\n","protected":false},"excerpt":{"rendered":"<p>Ajutised ehk piimahambad (dentes decidui) erinevad j\u00e4\u00e4vhammastest (dentes permanentes) m\u00f5ningate tunnuste osas, mis aitab vahelduvas hammaskonnas eristada, kumba hammaskonda hammas kuulub. Piimahambad: on v\u00e4rvuselt piimjasvalged, j\u00e4\u00e4vhambad kollakamad; on m\u00f5\u00f5tmetelt v\u00e4iksemad; k\u00f5vakudede paksus on v\u00e4iksem; pulbi\u00f5\u00f5s on avaram ja pulbisarved ulatuvad &#8230;<\/p>\n","protected":false},"author":12,"featured_media":0,"parent":0,"menu_order":0,"comment_status":"closed","ping_status":"closed","template":"","meta":{"_acf_changed":false,"inline_featured_image":false,"footnotes":""},"class_list":["post-33","page","type-page","status-publish","hentry"],"acf":[],"_links":{"self":[{"href":"https:\/\/sisu.ut.ee\/hammaste_anatoomia_oklusioon\/wp-json\/wp\/v2\/pages\/33","targetHints":{"allow":["GET"]}}],"collection":[{"href":"https:\/\/sisu.ut.ee\/hammaste_anatoomia_oklusioon\/wp-json\/wp\/v2\/pages"}],"about":[{"href":"https:\/\/sisu.ut.ee\/hammaste_anatoomia_oklusioon\/wp-json\/wp\/v2\/types\/page"}],"author":[{"embeddable":true,"href":"https:\/\/sisu.ut.ee\/hammaste_anatoomia_oklusioon\/wp-json\/wp\/v2\/users\/12"}],"replies":[{"embeddable":true,"href":"https:\/\/sisu.ut.ee\/hammaste_anatoomia_oklusioon\/wp-json\/wp\/v2\/comments?post=33"}],"version-history":[{"count":1,"href":"https:\/\/sisu.ut.ee\/hammaste_anatoomia_oklusioon\/wp-json\/wp\/v2\/pages\/33\/revisions"}],"predecessor-version":[{"id":363,"href":"https:\/\/sisu.ut.ee\/hammaste_anatoomia_oklusioon\/wp-json\/wp\/v2\/pages\/33\/revisions\/363"}],"wp:attachment":[{"href":"https:\/\/sisu.ut.ee\/hammaste_anatoomia_oklusioon\/wp-json\/wp\/v2\/media?parent=33"}],"curies":[{"name":"wp","href":"https:\/\/api.w.org\/{rel}","templated":true}]}}