{"id":30,"date":"2024-04-04T00:17:31","date_gmt":"2024-04-03T21:17:31","guid":{"rendered":"https:\/\/sisu.ut.ee\/hammaste_anatoomia_oklusioon\/hambumusanomaaliad-angle-klassifikatsiooni-jargi\/"},"modified":"2024-04-10T17:20:45","modified_gmt":"2024-04-10T14:20:45","slug":"hambumusanomaaliad-angle-klassifikatsiooni-jargi","status":"publish","type":"page","link":"https:\/\/sisu.ut.ee\/hammaste_anatoomia_oklusioon\/hambumusanomaaliad-angle-klassifikatsiooni-jargi\/","title":{"rendered":"Hambumusanomaaliad Angle klassifikatsiooni j\u00e4rgi"},"content":{"rendered":"<p>T\u00e4nap\u00e4eval kasutatakse hambumusanomaaliate kirjeldamiseks <strong>Angle klassifikatsiooni<\/strong>. See jaotus vaatab hambumust <strong>ainult sagitaaltasapinnas<\/strong> (nagu seda on l\u00f5ua liigutamine ette-taha suunas). Muutuseid teistes tasapindades tuleb kirjeldada vabatekstina, kusjuures nihkumised m\u00f5\u00f5detakse ja registreeritakse millimeetrites.<\/p>\n<p>Peamiseid hambumusanomaaliaid kirjeldab \u00f5piobjekt <em>Hambaarst m\u00e4rkab hambumusanomaaliat<\/em> (autorid dr N\u00f5mmela ja dr Jagom\u00e4gi) <a href=\"https:\/\/sisu.ut.ee\/hambumusanomaalia\/hambumusanomaaliad\" target=\"_blank\" rel=\"noopener\">https:\/\/sisu.ut.ee\/hambumusanomaalia\/hambumusanomaaliad<\/a>.<\/p>\n<p><a href=\"https:\/\/sisu.ut.ee\/hambumusanomaalia\/hambumusanomaaliad\" target=\"_blank\" rel=\"noopener\"><img loading=\"lazy\" decoding=\"async\" width=\"717\" height=\"533\" class=\"alignnone wp-image-129 aligncenter\" style=\"margin-left: auto; margin-right: auto; border: 1px solid #E0C5AD;\" title=\"hambumus4.png\" src=\"https:\/\/sisu.ut.ee\/wp-content\/uploads\/sites\/114\/hambumus4.png\" alt=\"hambumus4.png\" srcset=\"https:\/\/sisu.ut.ee\/wp-content\/uploads\/sites\/114\/hambumus4.png 717w, https:\/\/sisu.ut.ee\/wp-content\/uploads\/sites\/114\/hambumus4-300x223.png 300w\" sizes=\"auto, (max-width: 717px) 100vw, 717px\"><\/a><\/p>\n<h6><strong>\u00dclesanne.<\/strong> Pese k\u00e4ed ja p\u00fc\u00fca peeglit kasutades m\u00e4\u00e4rata, kas sinu hambumus on normaalne v\u00f5i esineb k\u00f5rvalekaldeid. Alusta v\u00f5tmehammastest \u2013 esimestest molaaridest ja kaniinidest. J\u00e4lgi, et kogu hambarea ulatuses oleks hammaste vahel kontakt ning \u00fclemine hambakaar oleks veidi laiem \u2013 \u00fclemised hambad paikneksid poole k\u00f6bru v\u00f5rra bukaalsemal ja labiaalsemal. \u00c4ra muretse kui leiad v\u00e4ikeseid k\u00f5rvalekaldeid \u2013 ideaalset, \u00f5pikutes kirjeldatud hambumust, on \u00fcksikutel, suuremal enamusel inimestest esineb m\u00f5ningased k\u00f5rvalekalded, mis enamjaolt ravi ei vaja.<\/h6>\n","protected":false},"excerpt":{"rendered":"<p>T\u00e4nap\u00e4eval kasutatakse hambumusanomaaliate kirjeldamiseks Angle klassifikatsiooni. See jaotus vaatab hambumust ainult sagitaaltasapinnas (nagu seda on l\u00f5ua liigutamine ette-taha suunas). Muutuseid teistes tasapindades tuleb kirjeldada vabatekstina, kusjuures nihkumised m\u00f5\u00f5detakse ja registreeritakse millimeetrites. Peamiseid hambumusanomaaliaid kirjeldab \u00f5piobjekt Hambaarst m\u00e4rkab hambumusanomaaliat (autorid dr &#8230;<\/p>\n","protected":false},"author":12,"featured_media":0,"parent":0,"menu_order":0,"comment_status":"closed","ping_status":"closed","template":"","meta":{"_acf_changed":false,"inline_featured_image":false,"footnotes":""},"class_list":["post-30","page","type-page","status-publish","hentry"],"acf":[],"_links":{"self":[{"href":"https:\/\/sisu.ut.ee\/hammaste_anatoomia_oklusioon\/wp-json\/wp\/v2\/pages\/30","targetHints":{"allow":["GET"]}}],"collection":[{"href":"https:\/\/sisu.ut.ee\/hammaste_anatoomia_oklusioon\/wp-json\/wp\/v2\/pages"}],"about":[{"href":"https:\/\/sisu.ut.ee\/hammaste_anatoomia_oklusioon\/wp-json\/wp\/v2\/types\/page"}],"author":[{"embeddable":true,"href":"https:\/\/sisu.ut.ee\/hammaste_anatoomia_oklusioon\/wp-json\/wp\/v2\/users\/12"}],"replies":[{"embeddable":true,"href":"https:\/\/sisu.ut.ee\/hammaste_anatoomia_oklusioon\/wp-json\/wp\/v2\/comments?post=30"}],"version-history":[{"count":2,"href":"https:\/\/sisu.ut.ee\/hammaste_anatoomia_oklusioon\/wp-json\/wp\/v2\/pages\/30\/revisions"}],"predecessor-version":[{"id":464,"href":"https:\/\/sisu.ut.ee\/hammaste_anatoomia_oklusioon\/wp-json\/wp\/v2\/pages\/30\/revisions\/464"}],"wp:attachment":[{"href":"https:\/\/sisu.ut.ee\/hammaste_anatoomia_oklusioon\/wp-json\/wp\/v2\/media?parent=30"}],"curies":[{"name":"wp","href":"https:\/\/api.w.org\/{rel}","templated":true}]}}