{"id":3,"date":"2024-04-04T00:17:29","date_gmt":"2024-04-03T21:17:29","guid":{"rendered":"https:\/\/sisu.ut.ee\/hammaste_anatoomia_oklusioon\/7-suuoone-fusioloogia\/"},"modified":"2025-02-06T14:40:05","modified_gmt":"2025-02-06T12:40:05","slug":"7-suuoone-fusioloogia","status":"publish","type":"page","link":"https:\/\/sisu.ut.ee\/hammaste_anatoomia_oklusioon\/7-suuoone-fusioloogia\/","title":{"rendered":"7. Suu\u00f5\u00f5ne f\u00fcsioloogia"},"content":{"rendered":"<p class=\"has-text-align-right\"><strong>Autor:\u00a0 Riina Runnel<\/strong><\/p>\n\n\n\n<figure class=\"wp-block-image alignright wp-image-69 size-full\"><img loading=\"lazy\" decoding=\"async\" width=\"454\" height=\"340\" src=\"https:\/\/sisu.ut.ee\/wp-content\/uploads\/sites\/114\/physiology.jpg\" alt=\"\" class=\"wp-image-69\" srcset=\"https:\/\/sisu.ut.ee\/wp-content\/uploads\/sites\/114\/physiology.jpg 454w, https:\/\/sisu.ut.ee\/wp-content\/uploads\/sites\/114\/physiology-300x225.jpg 300w\" sizes=\"auto, (max-width: 454px) 100vw, 454px\"><figcaption class=\"wp-element-caption\">Allikas: http:\/\/www.smarteach.com\/wp-content\/uploads\/2015\/02\/Physiology.jpg<\/figcaption><\/figure>\n\n\n\n<p>F\u00fcsioloogia on teadus keha funktsioonidest. Suu\u00f5\u00f5ne f\u00fcsioloogia keskendub suu\u00f5\u00f5ne-, n\u00e4o- ja l\u00f5ualuude piirkonna bioloogilistele protsessidele nagu n\u00e4iteks:<\/p>\n\n\n\n<ul class=\"wp-block-list\">\n<li>m\u00e4lumine;<\/li>\n\n\n\n<li>tundlikkus, sealhulgas maitsetundlikkus;<\/li>\n\n\n\n<li>s\u00fclje funktsioonid;<\/li>\n\n\n\n<li>h\u00e4\u00e4le tekitamine ehk artikulatsioon.<\/li>\n<\/ul>\n","protected":false},"excerpt":{"rendered":"<p>Autor:\u00a0 Riina Runnel F\u00fcsioloogia on teadus keha funktsioonidest. Suu\u00f5\u00f5ne f\u00fcsioloogia keskendub suu\u00f5\u00f5ne-, n\u00e4o- ja l\u00f5ualuude piirkonna bioloogilistele protsessidele nagu n\u00e4iteks:<\/p>\n","protected":false},"author":12,"featured_media":0,"parent":0,"menu_order":0,"comment_status":"closed","ping_status":"closed","template":"","meta":{"_acf_changed":false,"inline_featured_image":false,"footnotes":""},"class_list":["post-3","page","type-page","status-publish","hentry"],"acf":[],"_links":{"self":[{"href":"https:\/\/sisu.ut.ee\/hammaste_anatoomia_oklusioon\/wp-json\/wp\/v2\/pages\/3","targetHints":{"allow":["GET"]}}],"collection":[{"href":"https:\/\/sisu.ut.ee\/hammaste_anatoomia_oklusioon\/wp-json\/wp\/v2\/pages"}],"about":[{"href":"https:\/\/sisu.ut.ee\/hammaste_anatoomia_oklusioon\/wp-json\/wp\/v2\/types\/page"}],"author":[{"embeddable":true,"href":"https:\/\/sisu.ut.ee\/hammaste_anatoomia_oklusioon\/wp-json\/wp\/v2\/users\/12"}],"replies":[{"embeddable":true,"href":"https:\/\/sisu.ut.ee\/hammaste_anatoomia_oklusioon\/wp-json\/wp\/v2\/comments?post=3"}],"version-history":[{"count":4,"href":"https:\/\/sisu.ut.ee\/hammaste_anatoomia_oklusioon\/wp-json\/wp\/v2\/pages\/3\/revisions"}],"predecessor-version":[{"id":594,"href":"https:\/\/sisu.ut.ee\/hammaste_anatoomia_oklusioon\/wp-json\/wp\/v2\/pages\/3\/revisions\/594"}],"wp:attachment":[{"href":"https:\/\/sisu.ut.ee\/hammaste_anatoomia_oklusioon\/wp-json\/wp\/v2\/media?parent=3"}],"curies":[{"name":"wp","href":"https:\/\/api.w.org\/{rel}","templated":true}]}}