{"id":29,"date":"2024-04-04T00:17:31","date_gmt":"2024-04-03T21:17:31","guid":{"rendered":"https:\/\/sisu.ut.ee\/hammaste_anatoomia_oklusioon\/fusioloogiline-hambumus\/"},"modified":"2024-04-10T17:18:06","modified_gmt":"2024-04-10T14:18:06","slug":"fusioloogiline-hambumus","status":"publish","type":"page","link":"https:\/\/sisu.ut.ee\/hammaste_anatoomia_oklusioon\/fusioloogiline-hambumus\/","title":{"rendered":"F\u00fcsioloogiline hambumus"},"content":{"rendered":"<p><strong>Hambumust <\/strong>m\u00e4\u00e4ratakse tsentraalses oklusioonis. <strong>Tsentraalne hambumus<\/strong> ehk <strong>oklusioon <\/strong>ehk hammaste sulusseis on olukord, kus kontakt m\u00f5lema l\u00f5ualuu hammaste k\u00f6prude vahel on maksimaalne.<\/p>\n<p><img loading=\"lazy\" decoding=\"async\" width=\"434\" height=\"436\" class=\"alignnone wp-image-127 aligncenter\" style=\"margin-left: auto; margin-right: auto;\" title=\"Frasaco mudel\" src=\"https:\/\/sisu.ut.ee\/wp-content\/uploads\/sites\/114\/hambumus1.png\" alt=\"Frasaco mudel\" srcset=\"https:\/\/sisu.ut.ee\/wp-content\/uploads\/sites\/114\/hambumus1.png 434w, https:\/\/sisu.ut.ee\/wp-content\/uploads\/sites\/114\/hambumus1-300x300.png 300w, https:\/\/sisu.ut.ee\/wp-content\/uploads\/sites\/114\/hambumus1-150x150.png 150w\" sizes=\"auto, (max-width: 434px) 100vw, 434px\"><\/p>\n<h6><strong>Pane t\u00e4hele!<\/strong> Normaalses hammaskonnas kontakteerub iga hammas kahe vastasl\u00f5ualuu hambaga: \u00fclemine hammas alumise samanimelise hamba ja sellest tahapoole j\u00e4\u00e4va hambaga.<\/h6>\n<p>* erandiks on \u00fclemine kolmas molaar ja alumine esimene intsisiiv, mis kumbki kontakteeruvad vaid \u00fche hambaga (vt joonis).<\/p>\n<p><img loading=\"lazy\" decoding=\"async\" width=\"352\" height=\"93\" class=\"alignnone wp-image-128 aligncenter\" style=\"margin-left: auto; margin-right: auto;\" title=\"hambumus2.png\" src=\"https:\/\/sisu.ut.ee\/wp-content\/uploads\/sites\/114\/hambumus2.png\" alt=\"hambumus2.png\" srcset=\"https:\/\/sisu.ut.ee\/wp-content\/uploads\/sites\/114\/hambumus2.png 352w, https:\/\/sisu.ut.ee\/wp-content\/uploads\/sites\/114\/hambumus2-300x79.png 300w\" sizes=\"auto, (max-width: 352px) 100vw, 352px\"><\/p>\n<div class=\"wysiwyg-placeholder media-element file-default\" style=\"margin-left: auto; margin-right: auto;\" data-file_info=\"%7B%22fid%22:%227833%22,%22view_mode%22:%22default%22,%22type%22:%22media%22%7D\">\n<div class=\"field-items\">\n<div class=\"field-item even\"><\/div>\n<\/div>\n<\/div>\n<p style=\"text-align: center;\"><\/p><div class=\"ratio ratio-16x9 mb-3\"><div class=\"video-placeholder-wrapper video-placeholder-wrapper--16x9\">\n\t\t\t    <div class=\"video-placeholder d-flex justify-content-center align-items-center\">\n\t\t\t        <div class=\"overlay text-white p-2 w-100 text-center d-block justify-content-center align-items-center\">\n\t\t\t            <div>Kolmandate osapoolte sisu n\u00e4gemiseks palun n\u00f5ustu k\u00fcpsistega.<\/div>\n\t\t\t            <button class=\"btn btn-secondary btn-sm mt-1 consent-change\">Muuda n\u00f5usolekut<\/button>\n\t\t\t        <\/div>\n\t\t\t    <\/div>\n\t\t\t<\/div>\n<\/div>\n<p style=\"text-align: center;\"><a href=\"https:\/\/www.youtube.com\/watch?v=fxgD7Zxu1XA\" target=\"_blank\" rel=\"noopener\">https:\/\/www.youtube.com\/watch?v=fxgD7Zxu1XA<\/a><\/p>\n<p><strong>Ideaalset, f\u00fcsioloogilist hambumust<\/strong> iseloomustab:<\/p>\n<ul>\n<li>hambad on joondatud nii, et m\u00e4lumisr\u00f5hk jaguneks v\u00f5imalikult \u00fchtlaselt ja kanduks l\u00f5ualuudele m\u00f6\u00f6da hammaste pikitelgi;<\/li>\n<li>m\u00e4lumisliigutused on v\u00f5imalikud bilateraalselt ehk m\u00f5lemapoolselt, kusjuures l\u00f5ualuu k\u00fclgliikumine toimub vabalt, ilma takistusteta (blokeeringuteta);<\/li>\n<li>puhkeasendis (l\u00f5\u00f5gastunud asendis) on \u00fclemiste ja alumiste hammaste vahel vaba ruum (paar millimeetrit).<\/li>\n<\/ul>\n<h6><strong>\u00dclesanne<\/strong>. Proovi n\u00e4olihased maksimaalselt l\u00f5dvestada, hoides siiski huuled koos. Kas \u00fclemiste ja alumiste hammaste vahele j\u00e4\u00e4b t\u00fchja ruumi? Proovi n\u00fc\u00fcd hambad kergelt kokku suruda \u2013 kas tunned kogu hambakaares \u00fchtlast survet? Katseta edasi: proovi (ilma hambaid liigselt nihutamata) kanda survet \u00fchele ja teisele poolele, esihammastele. Isegi v\u00e4ikesed muutused muudavad surve asukohta. Harjutamise l\u00f5ppedes ava suu (nagu haigutades), see venitab ja l\u00f5\u00f5gastab taas sinu m\u00e4lumislihased.<\/h6>\n","protected":false},"excerpt":{"rendered":"<p>Hambumust m\u00e4\u00e4ratakse tsentraalses oklusioonis. Tsentraalne hambumus ehk oklusioon ehk hammaste sulusseis on olukord, kus kontakt m\u00f5lema l\u00f5ualuu hammaste k\u00f6prude vahel on maksimaalne. Pane t\u00e4hele! Normaalses hammaskonnas kontakteerub iga hammas kahe vastasl\u00f5ualuu hambaga: \u00fclemine hammas alumise samanimelise hamba ja sellest tahapoole &#8230;<\/p>\n","protected":false},"author":12,"featured_media":0,"parent":0,"menu_order":0,"comment_status":"closed","ping_status":"closed","template":"","meta":{"_acf_changed":false,"inline_featured_image":false,"footnotes":""},"class_list":["post-29","page","type-page","status-publish","hentry"],"acf":[],"_links":{"self":[{"href":"https:\/\/sisu.ut.ee\/hammaste_anatoomia_oklusioon\/wp-json\/wp\/v2\/pages\/29","targetHints":{"allow":["GET"]}}],"collection":[{"href":"https:\/\/sisu.ut.ee\/hammaste_anatoomia_oklusioon\/wp-json\/wp\/v2\/pages"}],"about":[{"href":"https:\/\/sisu.ut.ee\/hammaste_anatoomia_oklusioon\/wp-json\/wp\/v2\/types\/page"}],"author":[{"embeddable":true,"href":"https:\/\/sisu.ut.ee\/hammaste_anatoomia_oklusioon\/wp-json\/wp\/v2\/users\/12"}],"replies":[{"embeddable":true,"href":"https:\/\/sisu.ut.ee\/hammaste_anatoomia_oklusioon\/wp-json\/wp\/v2\/comments?post=29"}],"version-history":[{"count":2,"href":"https:\/\/sisu.ut.ee\/hammaste_anatoomia_oklusioon\/wp-json\/wp\/v2\/pages\/29\/revisions"}],"predecessor-version":[{"id":461,"href":"https:\/\/sisu.ut.ee\/hammaste_anatoomia_oklusioon\/wp-json\/wp\/v2\/pages\/29\/revisions\/461"}],"wp:attachment":[{"href":"https:\/\/sisu.ut.ee\/hammaste_anatoomia_oklusioon\/wp-json\/wp\/v2\/media?parent=29"}],"curies":[{"name":"wp","href":"https:\/\/api.w.org\/{rel}","templated":true}]}}