{"id":28,"date":"2024-04-04T00:17:31","date_gmt":"2024-04-03T21:17:31","guid":{"rendered":"https:\/\/sisu.ut.ee\/hammaste_anatoomia_oklusioon\/hammaste-kalded\/"},"modified":"2024-04-10T17:32:23","modified_gmt":"2024-04-10T14:32:23","slug":"hammaste-kalded","status":"publish","type":"page","link":"https:\/\/sisu.ut.ee\/hammaste_anatoomia_oklusioon\/hammaste-kalded\/","title":{"rendered":"Hammaste kalded"},"content":{"rendered":"<p>Hambad paiknevad tihedalt \u00fcksteise k\u00f5rval, puutudes naaberhambaga kokku <strong>kontaktpunktis <\/strong>ja tsentraalses oklusioonis ja m\u00e4lumisel vastasl\u00f5ualuul paiknevate hammastega.<\/p>\n<p>\u00dclemiste hammaste <strong>kalle<\/strong> on v\u00e4ljapoole, alumistel hammastel veidi sissepoole.<\/p>\n<h6><strong>Kas tead?<\/strong> Hammast aitavad hambareas paigal p\u00fcsida naaberhambad, vastasl\u00f5ualuu hambad ning alveolaarluu. Kui need j\u00f5ud on tasakaalustatud, p\u00fcsib hammas oma kohal hambareas. Muutunud olukorras v\u00f5ib hammas nihkuda ja sellist puuduvat hammast on hiljem raske proteetiliselt asendada.<\/h6>\n<p><img loading=\"lazy\" decoding=\"async\" class=\"alignnone size-medium wp-image-125 aligncenter\" src=\"https:\/\/sisu.ut.ee\/wp-content\/uploads\/sites\/114\/hambakaar7-300x251.png\" alt=\"\" width=\"300\" height=\"251\" srcset=\"https:\/\/sisu.ut.ee\/wp-content\/uploads\/sites\/114\/hambakaar7-300x251.png 300w, https:\/\/sisu.ut.ee\/wp-content\/uploads\/sites\/114\/hambakaar7.png 342w\" sizes=\"auto, (max-width: 300px) 100vw, 300px\"><\/p>\n<h6><strong>Kas tead?<\/strong> Millist probleemi fotol n\u00e4ed? <a href=\"#\" data-bs-toggle=\"modal\" data-bs-target=\"#popup-modal\" data-title=\"(Vastus)\" data-content=\"Eesmiste j\u00e4\u00e4vhammaste ruumipuudus v\u00f5ib laheneda iseenesest kui laps ja tema l\u00f5ualuud kasvavad. Suurem probleem on varakult eemaldatud \u00fclemine parempoolne teine piimamolaar. Esimene j\u00e4\u00e4vmolaar on nihkunud mesiaalsele - v\u00f5rdle t\u00fchja ruumi vastaspoolse teise piimamolaari m\u00f5\u00f5tmetega - erinevus on m\u00e4rgatav ja tulevikus v\u00f5ib teise (j\u00e4\u00e4v)premolaari l\u00f5ikumine olla takistatud.\">(Vastus)<\/a><\/h6>\n<p><img loading=\"lazy\" decoding=\"async\" width=\"500\" height=\"382\" class=\"alignnone wp-image-126 aligncenter\" style=\"margin-left: auto; margin-right: auto;\" title=\"hambakaar8.png\" src=\"https:\/\/sisu.ut.ee\/wp-content\/uploads\/sites\/114\/hambakaar8.png\" alt=\"hambakaar8.png\" srcset=\"https:\/\/sisu.ut.ee\/wp-content\/uploads\/sites\/114\/hambakaar8.png 500w, https:\/\/sisu.ut.ee\/wp-content\/uploads\/sites\/114\/hambakaar8-300x229.png 300w\" sizes=\"auto, (max-width: 500px) 100vw, 500px\"><\/p>\n","protected":false},"excerpt":{"rendered":"<p>Hambad paiknevad tihedalt \u00fcksteise k\u00f5rval, puutudes naaberhambaga kokku kontaktpunktis ja tsentraalses oklusioonis ja m\u00e4lumisel vastasl\u00f5ualuul paiknevate hammastega. \u00dclemiste hammaste kalle on v\u00e4ljapoole, alumistel hammastel veidi sissepoole. Kas tead? Hammast aitavad hambareas paigal p\u00fcsida naaberhambad, vastasl\u00f5ualuu hambad ning alveolaarluu. Kui need &#8230;<\/p>\n","protected":false},"author":12,"featured_media":0,"parent":0,"menu_order":0,"comment_status":"closed","ping_status":"closed","template":"","meta":{"_acf_changed":false,"inline_featured_image":false,"footnotes":""},"class_list":["post-28","page","type-page","status-publish","hentry"],"acf":[],"_links":{"self":[{"href":"https:\/\/sisu.ut.ee\/hammaste_anatoomia_oklusioon\/wp-json\/wp\/v2\/pages\/28","targetHints":{"allow":["GET"]}}],"collection":[{"href":"https:\/\/sisu.ut.ee\/hammaste_anatoomia_oklusioon\/wp-json\/wp\/v2\/pages"}],"about":[{"href":"https:\/\/sisu.ut.ee\/hammaste_anatoomia_oklusioon\/wp-json\/wp\/v2\/types\/page"}],"author":[{"embeddable":true,"href":"https:\/\/sisu.ut.ee\/hammaste_anatoomia_oklusioon\/wp-json\/wp\/v2\/users\/12"}],"replies":[{"embeddable":true,"href":"https:\/\/sisu.ut.ee\/hammaste_anatoomia_oklusioon\/wp-json\/wp\/v2\/comments?post=28"}],"version-history":[{"count":2,"href":"https:\/\/sisu.ut.ee\/hammaste_anatoomia_oklusioon\/wp-json\/wp\/v2\/pages\/28\/revisions"}],"predecessor-version":[{"id":460,"href":"https:\/\/sisu.ut.ee\/hammaste_anatoomia_oklusioon\/wp-json\/wp\/v2\/pages\/28\/revisions\/460"}],"wp:attachment":[{"href":"https:\/\/sisu.ut.ee\/hammaste_anatoomia_oklusioon\/wp-json\/wp\/v2\/media?parent=28"}],"curies":[{"name":"wp","href":"https:\/\/api.w.org\/{rel}","templated":true}]}}