{"id":25,"date":"2024-04-04T00:17:31","date_gmt":"2024-04-03T21:17:31","guid":{"rendered":"https:\/\/sisu.ut.ee\/hammaste_anatoomia_oklusioon\/jaavhammaste-moodustumine-ja-loikumine\/"},"modified":"2024-04-10T17:06:40","modified_gmt":"2024-04-10T14:06:40","slug":"jaavhammaste-moodustumine-ja-loikumine","status":"publish","type":"page","link":"https:\/\/sisu.ut.ee\/hammaste_anatoomia_oklusioon\/jaavhammaste-moodustumine-ja-loikumine\/","title":{"rendered":"J\u00e4\u00e4vhammaste moodustumine ja l\u00f5ikumine"},"content":{"rendered":"<p>J\u00e4\u00e4vhammaste algete <strong>areng algab 12. rasedusn\u00e4dalal<\/strong> ja kestab kogu lapseea. <strong>S\u00fcndides<\/strong> on l\u00f5ualuudes olemas <strong>16 j\u00e4\u00e4vhamba alged <\/strong>(8 kummaski l\u00f5ualuus). \u00dclej\u00e4\u00e4nud j\u00e4\u00e4vhammaste alged tekivad ja mineraliseeruvad v\u00e4ikelapseeas.<\/p>\n<p>Piimahammaste asendumine j\u00e4\u00e4vhammastega ehk <strong>hammaste vahetumine algab<\/strong> enamasti <strong>6. eluaastal<\/strong> alumise esimese intsisiivi asendumisega ja <strong>l\u00f5peb<\/strong> (v\u00e4lja arvatud kolmandad molaarid, mis l\u00f5ikuvad noorukieas) <strong>puberteedieas, 12. eluaasta paiku<\/strong>, teise j\u00e4\u00e4vmolaari l\u00f5ikumisel hambarea l\u00f5ppu.<\/p>\n<p>Esimese j\u00e4\u00e4vhambana l\u00f5ikub<strong> 6 aastaselt <\/strong>suhu <strong>6. hammas<\/strong> ehk esimene j\u00e4\u00e4vmolaar. Sellele j\u00e4rgneb alumiste esimeste j\u00e4\u00e4vintsisiivide l\u00f5ikumine, enne mida peaksid eemalduma samanimelised piimaintsisiivid.<\/p>\n<p>J\u00e4\u00e4vhammaste l\u00f5ikumise aeg:<\/p>\n<p><img loading=\"lazy\" decoding=\"async\" width=\"613\" height=\"425\" class=\"alignnone wp-image-117 aligncenter\" style=\"margin-left: auto; margin-right: auto;\" title=\"hammaskond9.png\" src=\"https:\/\/sisu.ut.ee\/wp-content\/uploads\/sites\/114\/hammaskond9.png\" alt=\"hammaskond9.png\" srcset=\"https:\/\/sisu.ut.ee\/wp-content\/uploads\/sites\/114\/hammaskond9.png 613w, https:\/\/sisu.ut.ee\/wp-content\/uploads\/sites\/114\/hammaskond9-300x208.png 300w\" sizes=\"auto, (max-width: 613px) 100vw, 613px\"><\/p>\n<h6><strong>Lisalugemiseks<\/strong>. Materjali kinnistamiseks v\u00f5id uuesti vaadata materjali, mis v\u00f5tab \u00f5pitu p\u00f5hipunktid \u00fclevaatlikult kokku\u00a0 <a title=\"\" href=\"https:\/\/www.hambaarst.ee\/robot\/76\" target=\"_blank\" rel=\"noopener\" data-url=\"https:\/\/www.hambaarst.ee\/robot\/76\">https:\/\/www.hambaarst.ee\/robot\/76<\/a><\/h6>\n<h6><strong>\u00dclesanne<\/strong>. Praktikumideks vajalikku p\u00f5hjalikumat informatsiooni hammaste arengust\u00a0ja l\u00f5ikumisest \u00f5pikust \u201cHammaste anatoomia, l\u00f5ualuude ja hambumuse areng\u00a0ning kasv\u201d (Saag jt, 2011) 2. peat\u00fckist \u201cHammaste areng ja l\u00f5ikumine\u201d\u00a0(lk 21-74) ja 4. peat\u00fckist \u201cHambumuse kujunemine\u201d (lk 151-164).<\/h6>\n","protected":false},"excerpt":{"rendered":"<p>J\u00e4\u00e4vhammaste algete areng algab 12. rasedusn\u00e4dalal ja kestab kogu lapseea. S\u00fcndides on l\u00f5ualuudes olemas 16 j\u00e4\u00e4vhamba alged (8 kummaski l\u00f5ualuus). \u00dclej\u00e4\u00e4nud j\u00e4\u00e4vhammaste alged tekivad ja mineraliseeruvad v\u00e4ikelapseeas. Piimahammaste asendumine j\u00e4\u00e4vhammastega ehk hammaste vahetumine algab enamasti 6. eluaastal alumise esimese intsisiivi &#8230;<\/p>\n","protected":false},"author":12,"featured_media":0,"parent":0,"menu_order":0,"comment_status":"closed","ping_status":"closed","template":"","meta":{"_acf_changed":false,"inline_featured_image":false,"footnotes":""},"class_list":["post-25","page","type-page","status-publish","hentry"],"acf":[],"_links":{"self":[{"href":"https:\/\/sisu.ut.ee\/hammaste_anatoomia_oklusioon\/wp-json\/wp\/v2\/pages\/25","targetHints":{"allow":["GET"]}}],"collection":[{"href":"https:\/\/sisu.ut.ee\/hammaste_anatoomia_oklusioon\/wp-json\/wp\/v2\/pages"}],"about":[{"href":"https:\/\/sisu.ut.ee\/hammaste_anatoomia_oklusioon\/wp-json\/wp\/v2\/types\/page"}],"author":[{"embeddable":true,"href":"https:\/\/sisu.ut.ee\/hammaste_anatoomia_oklusioon\/wp-json\/wp\/v2\/users\/12"}],"replies":[{"embeddable":true,"href":"https:\/\/sisu.ut.ee\/hammaste_anatoomia_oklusioon\/wp-json\/wp\/v2\/comments?post=25"}],"version-history":[{"count":3,"href":"https:\/\/sisu.ut.ee\/hammaste_anatoomia_oklusioon\/wp-json\/wp\/v2\/pages\/25\/revisions"}],"predecessor-version":[{"id":453,"href":"https:\/\/sisu.ut.ee\/hammaste_anatoomia_oklusioon\/wp-json\/wp\/v2\/pages\/25\/revisions\/453"}],"wp:attachment":[{"href":"https:\/\/sisu.ut.ee\/hammaste_anatoomia_oklusioon\/wp-json\/wp\/v2\/media?parent=25"}],"curies":[{"name":"wp","href":"https:\/\/api.w.org\/{rel}","templated":true}]}}