{"id":24,"date":"2024-04-04T00:17:30","date_gmt":"2024-04-03T21:17:30","guid":{"rendered":"https:\/\/sisu.ut.ee\/hammaste_anatoomia_oklusioon\/piimahammaste-moodustumine-ja-loikumine\/"},"modified":"2024-04-10T17:05:40","modified_gmt":"2024-04-10T14:05:40","slug":"piimahammaste-moodustumine-ja-loikumine","status":"publish","type":"page","link":"https:\/\/sisu.ut.ee\/hammaste_anatoomia_oklusioon\/piimahammaste-moodustumine-ja-loikumine\/","title":{"rendered":"Piimahammaste moodustumine ja l\u00f5ikumine"},"content":{"rendered":"<p>Ajutiste hammaste <strong>alged moodustuvad<\/strong> juba looteeas, <strong>6.-8. rasedusn\u00e4dala<\/strong> vahel. Lapse s\u00fcnnihetkeks on <strong>k\u00f5igi piimahammaste<\/strong> (ja osade j\u00e4\u00e4vhammaste) \u00a0<strong>alged l\u00f5ualuus olemas<\/strong>.<\/p>\n<p>Piimahammaste emaili ja teiste hamba k\u00f5vakudede <strong>moodustumine <\/strong>ehk mineraliseerumine <strong>algab 3.-4. lootekuul<\/strong>.<\/p>\n<p>Ajutiste hammaste <strong>l\u00f5ikumine<\/strong> algab <strong>6. elukuul<\/strong> ja kestab kuni <strong>2,5\u20263. eluaastani<\/strong>.<\/p>\n<h6><strong>Pane t\u00e4hele!<\/strong> Esimese ajutise hambana l\u00f5ikub\u00a06 kuuselt\u00a0alumine tsentraalne ajutine- ehk piimaintsisiiv.<\/h6>\n<p>Piimahammaste l\u00f5ikumise aeg:<\/p>\n<p><img loading=\"lazy\" decoding=\"async\" width=\"539\" height=\"226\" class=\"alignnone wp-image-116 aligncenter\" style=\"margin-left: auto; margin-right: auto;\" title=\"hammaskond8.png\" src=\"https:\/\/sisu.ut.ee\/wp-content\/uploads\/sites\/114\/hammaskond8.png\" alt=\"hammaskond8.png\" srcset=\"https:\/\/sisu.ut.ee\/wp-content\/uploads\/sites\/114\/hammaskond8.png 539w, https:\/\/sisu.ut.ee\/wp-content\/uploads\/sites\/114\/hammaskond8-300x126.png 300w\" sizes=\"auto, (max-width: 539px) 100vw, 539px\"><\/p>\n","protected":false},"excerpt":{"rendered":"<p>Ajutiste hammaste alged moodustuvad juba looteeas, 6.-8. rasedusn\u00e4dala vahel. Lapse s\u00fcnnihetkeks on k\u00f5igi piimahammaste (ja osade j\u00e4\u00e4vhammaste) \u00a0alged l\u00f5ualuus olemas. Piimahammaste emaili ja teiste hamba k\u00f5vakudede moodustumine ehk mineraliseerumine algab 3.-4. lootekuul. Ajutiste hammaste l\u00f5ikumine algab 6. elukuul ja kestab &#8230;<\/p>\n","protected":false},"author":12,"featured_media":0,"parent":0,"menu_order":0,"comment_status":"closed","ping_status":"closed","template":"","meta":{"_acf_changed":false,"inline_featured_image":false,"footnotes":""},"class_list":["post-24","page","type-page","status-publish","hentry"],"acf":[],"_links":{"self":[{"href":"https:\/\/sisu.ut.ee\/hammaste_anatoomia_oklusioon\/wp-json\/wp\/v2\/pages\/24","targetHints":{"allow":["GET"]}}],"collection":[{"href":"https:\/\/sisu.ut.ee\/hammaste_anatoomia_oklusioon\/wp-json\/wp\/v2\/pages"}],"about":[{"href":"https:\/\/sisu.ut.ee\/hammaste_anatoomia_oklusioon\/wp-json\/wp\/v2\/types\/page"}],"author":[{"embeddable":true,"href":"https:\/\/sisu.ut.ee\/hammaste_anatoomia_oklusioon\/wp-json\/wp\/v2\/users\/12"}],"replies":[{"embeddable":true,"href":"https:\/\/sisu.ut.ee\/hammaste_anatoomia_oklusioon\/wp-json\/wp\/v2\/comments?post=24"}],"version-history":[{"count":2,"href":"https:\/\/sisu.ut.ee\/hammaste_anatoomia_oklusioon\/wp-json\/wp\/v2\/pages\/24\/revisions"}],"predecessor-version":[{"id":451,"href":"https:\/\/sisu.ut.ee\/hammaste_anatoomia_oklusioon\/wp-json\/wp\/v2\/pages\/24\/revisions\/451"}],"wp:attachment":[{"href":"https:\/\/sisu.ut.ee\/hammaste_anatoomia_oklusioon\/wp-json\/wp\/v2\/media?parent=24"}],"curies":[{"name":"wp","href":"https:\/\/api.w.org\/{rel}","templated":true}]}}