{"id":23,"date":"2024-04-04T00:17:30","date_gmt":"2024-04-03T21:17:30","guid":{"rendered":"https:\/\/sisu.ut.ee\/hammaste_anatoomia_oklusioon\/jaavhammaskond\/"},"modified":"2024-04-10T17:05:11","modified_gmt":"2024-04-10T14:05:11","slug":"jaavhammaskond","status":"publish","type":"page","link":"https:\/\/sisu.ut.ee\/hammaste_anatoomia_oklusioon\/jaavhammaskond\/","title":{"rendered":"J\u00e4\u00e4vhammaskond"},"content":{"rendered":"<p>Algab kui k\u00f5ik j\u00e4\u00e4vhambad (v\u00e4lja arvatud 3. molaar) on suhu l\u00f5ikunud. <strong>J\u00e4\u00e4vhammaste<\/strong> valem on 2I 1C 2P 3M ehk igas sektoris on 2 intsisiivi, 1 kaniin, 2 premolaari ja 3 molaari.<\/p>\n<p><img loading=\"lazy\" decoding=\"async\" width=\"198\" height=\"62\" class=\"alignnone wp-image-114\" style=\"margin-left: auto; margin-right: auto;\" title=\"hammaskond7.png\" src=\"https:\/\/sisu.ut.ee\/wp-content\/uploads\/sites\/114\/hammaskond7.png\" alt=\"hammaskond7.png\"><\/p>\n<p><span style=\"color: #ff0000;\"><img loading=\"lazy\" decoding=\"async\" width=\"509\" height=\"425\" class=\"alignnone wp-image-115 aligncenter\" style=\"margin-left: auto; margin-right: auto;\" title=\"hammaste_nimetused.png\" src=\"https:\/\/sisu.ut.ee\/wp-content\/uploads\/sites\/114\/hammaste_nimetused.png\" alt=\"hammaste_nimetused.png\" srcset=\"https:\/\/sisu.ut.ee\/wp-content\/uploads\/sites\/114\/hammaste_nimetused.png 509w, https:\/\/sisu.ut.ee\/wp-content\/uploads\/sites\/114\/hammaste_nimetused-300x250.png 300w\" sizes=\"auto, (max-width: 509px) 100vw, 509px\"><\/span><\/p>\n<p>J\u00e4\u00e4vhammaskonda kuulub koos kolmandate molaaride ehk tarkusehammastega 32 hammast.<\/p>\n<p>* tarkusehammaste puudumist ei loeta patoloogiaks, tegemist on evolutsiooni jooksul aset leidva hambumuse lihtsustumisega.<\/p>\n","protected":false},"excerpt":{"rendered":"<p>Algab kui k\u00f5ik j\u00e4\u00e4vhambad (v\u00e4lja arvatud 3. molaar) on suhu l\u00f5ikunud. J\u00e4\u00e4vhammaste valem on 2I 1C 2P 3M ehk igas sektoris on 2 intsisiivi, 1 kaniin, 2 premolaari ja 3 molaari. J\u00e4\u00e4vhammaskonda kuulub koos kolmandate molaaride ehk tarkusehammastega 32 hammast. &#8230;<\/p>\n","protected":false},"author":12,"featured_media":0,"parent":0,"menu_order":0,"comment_status":"closed","ping_status":"closed","template":"","meta":{"_acf_changed":false,"inline_featured_image":false,"footnotes":""},"class_list":["post-23","page","type-page","status-publish","hentry"],"acf":[],"_links":{"self":[{"href":"https:\/\/sisu.ut.ee\/hammaste_anatoomia_oklusioon\/wp-json\/wp\/v2\/pages\/23","targetHints":{"allow":["GET"]}}],"collection":[{"href":"https:\/\/sisu.ut.ee\/hammaste_anatoomia_oklusioon\/wp-json\/wp\/v2\/pages"}],"about":[{"href":"https:\/\/sisu.ut.ee\/hammaste_anatoomia_oklusioon\/wp-json\/wp\/v2\/types\/page"}],"author":[{"embeddable":true,"href":"https:\/\/sisu.ut.ee\/hammaste_anatoomia_oklusioon\/wp-json\/wp\/v2\/users\/12"}],"replies":[{"embeddable":true,"href":"https:\/\/sisu.ut.ee\/hammaste_anatoomia_oklusioon\/wp-json\/wp\/v2\/comments?post=23"}],"version-history":[{"count":2,"href":"https:\/\/sisu.ut.ee\/hammaste_anatoomia_oklusioon\/wp-json\/wp\/v2\/pages\/23\/revisions"}],"predecessor-version":[{"id":450,"href":"https:\/\/sisu.ut.ee\/hammaste_anatoomia_oklusioon\/wp-json\/wp\/v2\/pages\/23\/revisions\/450"}],"wp:attachment":[{"href":"https:\/\/sisu.ut.ee\/hammaste_anatoomia_oklusioon\/wp-json\/wp\/v2\/media?parent=23"}],"curies":[{"name":"wp","href":"https:\/\/api.w.org\/{rel}","templated":true}]}}