{"id":22,"date":"2024-04-04T00:17:30","date_gmt":"2024-04-03T21:17:30","guid":{"rendered":"https:\/\/sisu.ut.ee\/hammaste_anatoomia_oklusioon\/vahelduv-hammaskond\/"},"modified":"2024-04-10T17:04:48","modified_gmt":"2024-04-10T14:04:48","slug":"vahelduv-hammaskond","status":"publish","type":"page","link":"https:\/\/sisu.ut.ee\/hammaste_anatoomia_oklusioon\/vahelduv-hammaskond\/","title":{"rendered":"Vahelduv hammaskond"},"content":{"rendered":"<p>Sellist olukorda, kus suus on nii piima- kui j\u00e4\u00e4vhambad, nimetatakse <strong>vahelduvaks hammaskonnaks<\/strong>.<\/p>\n<p>Vahelduv hammaskond algab umbes 6.eluaastal kas esimese j\u00e4\u00e4vmolaari v\u00f5i alumise\u00a0 tsentraalse j\u00e4\u00e4vintsisiivi suhu l\u00f5ikumisega ja l\u00f5peb viimase piimahamba \u00e4ra tulemisega umbes 12.-13. eluaastal.<\/p>\n<p>Tegelikult toimub hammaste vahetumine <strong>kahe lainena<\/strong>: esmalt vahetuvad <strong>6\u20268. eluaastal<\/strong> intsisiivid (ja l\u00f5ikub esimene j\u00e4\u00e4vmolaar), siis on <strong>paariaastane paus<\/strong> ja seej\u00e4rel vahetuvad k\u00fcllalt l\u00fchikese aja jooksul (<strong>umbes 10\u202612. eluaastal<\/strong>) ka piimakaniinid ja -molaarid j\u00e4\u00e4vkaniinide ja -premolaaride vastu.<\/p>\n<h6><strong>Kas tead?<\/strong> Hammaste areng langeb kokku keha intensiivse kasvuperioodidega. Esimese j\u00e4\u00e4vmolaari suhu l\u00f5ikumine on m\u00e4rk lapse kiirest f\u00fc\u00fcsilist arengust enne kooli. Seep\u00e4rast kutsutakse seda hammast vahel ka \u201ckoolilapse hambaks\u201d mis n\u00e4itab lapse koolik\u00fcpsuse saabumist.<\/h6>\n<h6><strong>Pane t\u00e4hele!\u00a0<\/strong>Esimene j\u00e4\u00e4vmolaar l\u00f5ikub piimahammaste taha, hambarea l\u00f5ppu, ilma et \u00fckski piimahammas eemalduks. Seet\u00f5ttu j\u00e4\u00e4b selle hamba l\u00f5ikumine vanemate poolt sageli m\u00e4rkamata ja seda peetakse ekslikult piimahambaks.<\/h6>\n<p><img loading=\"lazy\" decoding=\"async\" width=\"600\" height=\"399\" class=\"alignnone wp-image-110 aligncenter\" style=\"margin-left: auto; margin-right: auto;\" title=\"hammaskond3.png\" src=\"https:\/\/sisu.ut.ee\/wp-content\/uploads\/sites\/114\/hammaskond3.png\" alt=\"hammaskond3.png\" srcset=\"https:\/\/sisu.ut.ee\/wp-content\/uploads\/sites\/114\/hammaskond3.png 600w, https:\/\/sisu.ut.ee\/wp-content\/uploads\/sites\/114\/hammaskond3-300x200.png 300w\" sizes=\"auto, (max-width: 600px) 100vw, 600px\"><\/p>\n<p>8-aastase lapse \u00fclemine hambakaar (foto on tehtud suupeeglit kasutades). Selles vanuses on vahetunud intsisiivid ning hambarea l\u00f5pus asuvad esimesed j\u00e4\u00e4vmolaarid, mis sarnanevad oma kujult teise piimamolaariga, kuid on veidi suuremad. Kas n\u00e4ed kaniinide tipul kollakat lohku? Tegemist on f\u00fcsioloogilisest kulumisest tingitud dentiini paljastumisega, sellest kollakam v\u00e4rvus.<\/p>\n<p style=\"text-align: center;\"><img loading=\"lazy\" decoding=\"async\" width=\"500\" height=\"396\" class=\"alignnone wp-image-111\" style=\"margin-left: auto; margin-right: auto;\" title=\"Allikas: [val=http:\/\/rickwilsondmd.typepad.com\/rick_wilson_dmds_blog\/2011\/01\/dental-pulp-calcification-and-changes-with-age.html href=http:\/\/rickwilsondmd.typepad.com\/rick_wilson_dmds_blog\/2011\/01\/dental-pulp-calcification-and-changes-with-age.html]\" src=\"https:\/\/sisu.ut.ee\/wp-content\/uploads\/sites\/114\/hammaskond4.png\" alt=\"Allikas: [val=http:\/\/rickwilsondmd.typepad.com\/rick_wilson_dmds_blog\/2011\/01\/dental-pulp-calcification-and-changes-with-age.html href=http:\/\/rickwilsondmd.typepad.com\/rick_wilson_dmds_blog\/2011\/01\/dental-pulp-calcification-and-changes-with-age.html]\" srcset=\"https:\/\/sisu.ut.ee\/wp-content\/uploads\/sites\/114\/hammaskond4.png 500w, https:\/\/sisu.ut.ee\/wp-content\/uploads\/sites\/114\/hammaskond4-300x238.png 300w\" sizes=\"auto, (max-width: 500px) 100vw, 500px\"><\/p>\n<p>Fotol on n\u00e4ha samas vanuses lapse hammaste r\u00f6tgen\u00fclesv\u00f5ttel piimamolaarid (vasakpoolne nool), millede all on moodustumas (j\u00e4\u00e4v)premolaaride alged. Samuti on (pildi paremas servas) n\u00e4ha l\u00f5ualuus oleva teise j\u00e4\u00e4vmolaari alge. Suhu on l\u00f5ikunud esimene j\u00e4\u00e4vmolaar (parempoolne nool), mille juured on oma l\u00f5pliku pikkuse saavutanud, kuid juuretippude moodustumine alles kestab (juuretipu piirkonna laiem lehtritaoline osa). <span style=\"font-size: xx-small;\"><br>\n<\/span><\/p>\n<p><img loading=\"lazy\" decoding=\"async\" width=\"160\" height=\"102\" class=\"alignnone wp-image-112\" style=\"float: left; margin-left: 10px; margin-right: 10px;\" title=\"hammaskond5.png\" src=\"https:\/\/sisu.ut.ee\/wp-content\/uploads\/sites\/114\/hammaskond5.png\" alt=\"hammaskond5.png\">Sellel fotol on n\u00e4ha sagedane kaebus, millega lapsevanemad hambaarsti juurde p\u00f6\u00f6rduvad: v\u00e4ikelapsel on suus kaks rida hambaid \u2013 eemaldumata piimaintsisiivid ja nende taha, lingvaalsele, l\u00f5ikunud j\u00e4\u00e4vintsisiivid.<\/p>\n<p>Kas m\u00e4rkasid, et fotol olevate piimahammaste vahele on tekkinud vahed ehk treemid? Selle p\u00f5hjuseks on laste l\u00f5ualuude intensiivne kasv enne j\u00e4\u00e4vhammaste l\u00f5ikumist \u2013 ettevalmistav periood hammaste vahetumiseks. Selline lisaruum on vajalik laiemate j\u00e4\u00e4vhammaste hambaritta mahutamiseks.<\/p>\n<h6><strong>Kas tead?<\/strong> Vaata eelnevat fotot, mis\u00a0 iseloomustab h\u00e4sti ajutiste ja j\u00e4\u00e4vhammaste erip\u00e4rasid. Milliseid erinevuseid m\u00e4rkad? <a href=\"#\" data-bs-toggle=\"modal\" data-bs-target=\"#popup-modal\" data-title=\"(Vastus)\" data-content=\"Piimahambad on v\u00e4iksemad, v\u00e4rvilt piimjad, valgemad, v\u00e4hem v\u00e4ljendunud reljeefsusega. J\u00e4\u00e4vhambad on suuremad, kollakamad, h\u00e4sti v\u00e4ljendunud anatoomiaga (fotol n\u00e4ha sakiline l\u00f5ikeserv \u2013 kulumata mamelonid).\">(Vastus)<\/a><\/h6>\n<p>Periood, kus piimakaniinid ja -molaarid asenduvad j\u00e4\u00e4vkaniinide ja -premolaaridega, on vajadusel v\u00e4ga sobiv ortodontilise ravi l\u00e4biviimiseks.<\/p>\n<p style=\"text-align: center;\"><img loading=\"lazy\" decoding=\"async\" width=\"600\" height=\"326\" class=\"alignnone wp-image-113\" style=\"margin-left: auto; margin-right: auto;\" title=\"Allikas: [val=http:\/\/www.archwired.com\/phpbb2\/viewtopic.php?f=9&amp;t=41597&amp;start=15 href=http:\/\/www.archwired.com\/phpbb2\/viewtopic.php?f=9&amp;t=41597&amp;start=15]\" src=\"https:\/\/sisu.ut.ee\/wp-content\/uploads\/sites\/114\/hammaskond6.png\" alt=\"Allikas: [val=http:\/\/www.archwired.com\/phpbb2\/viewtopic.php?f=9&amp;t=41597&amp;start=15 href=http:\/\/www.archwired.com\/phpbb2\/viewtopic.php?f=9&amp;t=41597&amp;start=15]\" srcset=\"https:\/\/sisu.ut.ee\/wp-content\/uploads\/sites\/114\/hammaskond6.png 600w, https:\/\/sisu.ut.ee\/wp-content\/uploads\/sites\/114\/hammaskond6-300x163.png 300w\" sizes=\"auto, (max-width: 600px) 100vw, 600px\"><\/p>\n<p>Fotol on n\u00e4ha esimestele j\u00e4\u00e4vmolaaridele asetatud v\u00f5rud ja hammastele fikseeritud kaar, mille abil luuakse ruumi palatinaalse asetusega lateraalsetele intsisiividele.<\/p>\n<h6><strong>Kas tead?<\/strong> M\u00f5nikord on ruumi saamiseks vaja m\u00f5ned hambad eemaldada. Vaata fotot \u2013 kas oskad arvata, millised hambad on eemaldatud? <a href=\"#\" data-bs-toggle=\"modal\" data-bs-target=\"#popup-modal\" data-title=\"(Vastus)\" data-content=\"K\u00f5ige sagedamini eemaldatakse ortodontilistel n\u00e4idustustel \u00fclal\u00f5uas teised premolaarid ning alal\u00f5uas m\u00f5ni intsisiiv.\">(Vastus)<\/a><\/h6>\n","protected":false},"excerpt":{"rendered":"<p>Sellist olukorda, kus suus on nii piima- kui j\u00e4\u00e4vhambad, nimetatakse vahelduvaks hammaskonnaks. Vahelduv hammaskond algab umbes 6.eluaastal kas esimese j\u00e4\u00e4vmolaari v\u00f5i alumise\u00a0 tsentraalse j\u00e4\u00e4vintsisiivi suhu l\u00f5ikumisega ja l\u00f5peb viimase piimahamba \u00e4ra tulemisega umbes 12.-13. eluaastal. Tegelikult toimub hammaste vahetumine kahe &#8230;<\/p>\n","protected":false},"author":12,"featured_media":0,"parent":0,"menu_order":0,"comment_status":"closed","ping_status":"closed","template":"","meta":{"_acf_changed":false,"inline_featured_image":false,"footnotes":""},"class_list":["post-22","page","type-page","status-publish","hentry"],"acf":[],"_links":{"self":[{"href":"https:\/\/sisu.ut.ee\/hammaste_anatoomia_oklusioon\/wp-json\/wp\/v2\/pages\/22","targetHints":{"allow":["GET"]}}],"collection":[{"href":"https:\/\/sisu.ut.ee\/hammaste_anatoomia_oklusioon\/wp-json\/wp\/v2\/pages"}],"about":[{"href":"https:\/\/sisu.ut.ee\/hammaste_anatoomia_oklusioon\/wp-json\/wp\/v2\/types\/page"}],"author":[{"embeddable":true,"href":"https:\/\/sisu.ut.ee\/hammaste_anatoomia_oklusioon\/wp-json\/wp\/v2\/users\/12"}],"replies":[{"embeddable":true,"href":"https:\/\/sisu.ut.ee\/hammaste_anatoomia_oklusioon\/wp-json\/wp\/v2\/comments?post=22"}],"version-history":[{"count":2,"href":"https:\/\/sisu.ut.ee\/hammaste_anatoomia_oklusioon\/wp-json\/wp\/v2\/pages\/22\/revisions"}],"predecessor-version":[{"id":449,"href":"https:\/\/sisu.ut.ee\/hammaste_anatoomia_oklusioon\/wp-json\/wp\/v2\/pages\/22\/revisions\/449"}],"wp:attachment":[{"href":"https:\/\/sisu.ut.ee\/hammaste_anatoomia_oklusioon\/wp-json\/wp\/v2\/media?parent=22"}],"curies":[{"name":"wp","href":"https:\/\/api.w.org\/{rel}","templated":true}]}}