{"id":18,"date":"2024-04-04T00:17:30","date_gmt":"2024-04-03T21:17:30","guid":{"rendered":"https:\/\/sisu.ut.ee\/hammaste_anatoomia_oklusioon\/hammaste-mineraliseerumise-ja-loikumise-aeg\/"},"modified":"2024-04-04T00:18:18","modified_gmt":"2024-04-03T21:18:18","slug":"hammaste-mineraliseerumise-ja-loikumise-aeg","status":"publish","type":"page","link":"https:\/\/sisu.ut.ee\/hammaste_anatoomia_oklusioon\/hammaste-mineraliseerumise-ja-loikumise-aeg\/","title":{"rendered":"Hammaste mineraliseerumise ja l\u00f5ikumise aeg"},"content":{"rendered":"<p>Hambaalge <strong>areneb ja kasvab<\/strong> alveolaarluus ning<strong> l\u00f5ikub<\/strong> l\u00e4bi luu ja igeme suu\u00f5\u00f5nde.<\/p>\n<p><strong>Esmalt moodustub<\/strong> l\u00f5ualuus <strong>krooniosa<\/strong>, alles seej\u00e4rel tekivad juured. Hambakroon mineraliseerub ja saavutab esmase tugevuse arenemise k\u00e4igus. <strong>Hamba juured arenevad<\/strong> m\u00f5nda aega edasi ka p\u00e4rast seda kui hammas on suhu l\u00f5ikunud.<\/p>\n<p>Hambutuna s\u00fcndiva <strong>vasts\u00fcndinu<\/strong> \u00fches l\u00f5ualuus on <strong>10 piimahamba- ja 8 j\u00e4\u00e4vhamba alget<\/strong>, kummaski l\u00f5ualuus 18 hambaalget.<\/p>\n","protected":false},"excerpt":{"rendered":"<p>Hambaalge areneb ja kasvab alveolaarluus ning l\u00f5ikub l\u00e4bi luu ja igeme suu\u00f5\u00f5nde. Esmalt moodustub l\u00f5ualuus krooniosa, alles seej\u00e4rel tekivad juured. Hambakroon mineraliseerub ja saavutab esmase tugevuse arenemise k\u00e4igus. Hamba juured arenevad m\u00f5nda aega edasi ka p\u00e4rast seda kui hammas on &#8230;<\/p>\n","protected":false},"author":12,"featured_media":0,"parent":0,"menu_order":0,"comment_status":"closed","ping_status":"closed","template":"","meta":{"_acf_changed":false,"inline_featured_image":false,"footnotes":""},"class_list":["post-18","page","type-page","status-publish","hentry"],"acf":[],"_links":{"self":[{"href":"https:\/\/sisu.ut.ee\/hammaste_anatoomia_oklusioon\/wp-json\/wp\/v2\/pages\/18","targetHints":{"allow":["GET"]}}],"collection":[{"href":"https:\/\/sisu.ut.ee\/hammaste_anatoomia_oklusioon\/wp-json\/wp\/v2\/pages"}],"about":[{"href":"https:\/\/sisu.ut.ee\/hammaste_anatoomia_oklusioon\/wp-json\/wp\/v2\/types\/page"}],"author":[{"embeddable":true,"href":"https:\/\/sisu.ut.ee\/hammaste_anatoomia_oklusioon\/wp-json\/wp\/v2\/users\/12"}],"replies":[{"embeddable":true,"href":"https:\/\/sisu.ut.ee\/hammaste_anatoomia_oklusioon\/wp-json\/wp\/v2\/comments?post=18"}],"version-history":[{"count":1,"href":"https:\/\/sisu.ut.ee\/hammaste_anatoomia_oklusioon\/wp-json\/wp\/v2\/pages\/18\/revisions"}],"predecessor-version":[{"id":378,"href":"https:\/\/sisu.ut.ee\/hammaste_anatoomia_oklusioon\/wp-json\/wp\/v2\/pages\/18\/revisions\/378"}],"wp:attachment":[{"href":"https:\/\/sisu.ut.ee\/hammaste_anatoomia_oklusioon\/wp-json\/wp\/v2\/media?parent=18"}],"curies":[{"name":"wp","href":"https:\/\/api.w.org\/{rel}","templated":true}]}}