{"id":17,"date":"2024-04-04T00:17:30","date_gmt":"2024-04-03T21:17:30","guid":{"rendered":"https:\/\/sisu.ut.ee\/hammaste_anatoomia_oklusioon\/piima-ja-jaavhammaskond\/"},"modified":"2024-04-10T17:01:11","modified_gmt":"2024-04-10T14:01:11","slug":"piima-ja-jaavhammaskond","status":"publish","type":"page","link":"https:\/\/sisu.ut.ee\/hammaste_anatoomia_oklusioon\/piima-ja-jaavhammaskond\/","title":{"rendered":"Piima- ja j\u00e4\u00e4vhammaskond"},"content":{"rendered":"<p>Lapse s\u00fcnnist kuni esimese hamba l\u00f5ikumiseni ( umbes 6.-8. elukuuni) kestab <strong>hambutu suu<\/strong> periood. Elu jooksul on inimesel kaks hammaskonda: esmaselt <strong>ajutised <\/strong>ehk<strong> piimahambad<\/strong> (<em>dentes decidui<\/em>) ning teiseselt <strong>p\u00fcsi- <\/strong>ehk<strong> j\u00e4\u00e4vhambad<\/strong> (<em>dentes permanentes<\/em>). Nende kahe hammaskonna vahele j\u00e4\u00e4b <strong>vahelduva hammaskonna<\/strong> aeg, mil suus on korraga nii piima- kui j\u00e4\u00e4vhambad. <a href=\"#\" data-bs-toggle=\"modal\" data-bs-target=\"#popup-modal\" data-title=\"***\" data-content=\"Hambaproteese valmistavad arstid usuvad ka kolmandasse ehk kunsthammaskonda.\">***<\/a><\/p>\n<h6><span style=\"line-height: 21px;\"><strong>Kas tead?<\/strong> Miks on \u00e4sja suhu l\u00f5ikunud hammas kaariest p\u00f5hjustavatest bakteritest kergemini kahjustatav?<br>\nFotol on n\u00e4ha esimesel j\u00e4\u00e4vmolaaril paiknev hambakatt (valkjas ala igeme servas). Samal ajal on piimamolaarid katuvabad. <a href=\"#\" data-bs-toggle=\"modal\" data-bs-target=\"#popup-modal\" data-title=\"(Vastus)\" data-content=\"\u00c4sja suhu l\u00f5ikunud hamba email on poorsem, karedama pealispinnaga, mis ei ole veel saavutanud oma l\u00f5plikku tugevust. Alles s\u00fcljes olevate mineraalide toimel tugevneb hambaemail peale hamba suhu l\u00f5ikumist ja saavutab oma l\u00f5pliku tugevuse umbes aasta jooksul.\">(Vastus)<\/a><\/span><\/h6>\n<p><img loading=\"lazy\" decoding=\"async\" width=\"600\" height=\"399\" class=\"alignnone wp-image-102 aligncenter\" style=\"margin-left: auto; margin-right: auto;\" title=\"2-1.png\" src=\"https:\/\/sisu.ut.ee\/wp-content\/uploads\/sites\/114\/2-1.png\" alt=\"2-1.png\" srcset=\"https:\/\/sisu.ut.ee\/wp-content\/uploads\/sites\/114\/2-1.png 600w, https:\/\/sisu.ut.ee\/wp-content\/uploads\/sites\/114\/2-1-300x200.png 300w\" sizes=\"auto, (max-width: 600px) 100vw, 600px\"><\/p>\n","protected":false},"excerpt":{"rendered":"<p>Lapse s\u00fcnnist kuni esimese hamba l\u00f5ikumiseni ( umbes 6.-8. elukuuni) kestab hambutu suu periood. Elu jooksul on inimesel kaks hammaskonda: esmaselt ajutised ehk piimahambad (dentes decidui) ning teiseselt p\u00fcsi- ehk j\u00e4\u00e4vhambad (dentes permanentes). Nende kahe hammaskonna vahele j\u00e4\u00e4b vahelduva hammaskonna &#8230;<\/p>\n","protected":false},"author":12,"featured_media":0,"parent":0,"menu_order":0,"comment_status":"closed","ping_status":"closed","template":"","meta":{"_acf_changed":false,"inline_featured_image":false,"footnotes":""},"class_list":["post-17","page","type-page","status-publish","hentry"],"acf":[],"_links":{"self":[{"href":"https:\/\/sisu.ut.ee\/hammaste_anatoomia_oklusioon\/wp-json\/wp\/v2\/pages\/17","targetHints":{"allow":["GET"]}}],"collection":[{"href":"https:\/\/sisu.ut.ee\/hammaste_anatoomia_oklusioon\/wp-json\/wp\/v2\/pages"}],"about":[{"href":"https:\/\/sisu.ut.ee\/hammaste_anatoomia_oklusioon\/wp-json\/wp\/v2\/types\/page"}],"author":[{"embeddable":true,"href":"https:\/\/sisu.ut.ee\/hammaste_anatoomia_oklusioon\/wp-json\/wp\/v2\/users\/12"}],"replies":[{"embeddable":true,"href":"https:\/\/sisu.ut.ee\/hammaste_anatoomia_oklusioon\/wp-json\/wp\/v2\/comments?post=17"}],"version-history":[{"count":6,"href":"https:\/\/sisu.ut.ee\/hammaste_anatoomia_oklusioon\/wp-json\/wp\/v2\/pages\/17\/revisions"}],"predecessor-version":[{"id":446,"href":"https:\/\/sisu.ut.ee\/hammaste_anatoomia_oklusioon\/wp-json\/wp\/v2\/pages\/17\/revisions\/446"}],"wp:attachment":[{"href":"https:\/\/sisu.ut.ee\/hammaste_anatoomia_oklusioon\/wp-json\/wp\/v2\/media?parent=17"}],"curies":[{"name":"wp","href":"https:\/\/api.w.org\/{rel}","templated":true}]}}