{"id":12,"date":"2024-04-04T00:17:30","date_gmt":"2024-04-03T21:17:30","guid":{"rendered":"https:\/\/sisu.ut.ee\/hammaste_anatoomia_oklusioon\/4-hammaste-juurte-ja-juurekanalite-anatoomia\/"},"modified":"2024-04-10T17:21:11","modified_gmt":"2024-04-10T14:21:11","slug":"4-hammaste-juurte-ja-juurekanalite-anatoomia","status":"publish","type":"page","link":"https:\/\/sisu.ut.ee\/hammaste_anatoomia_oklusioon\/4-hammaste-juurte-ja-juurekanalite-anatoomia\/","title":{"rendered":"4. Hammaste juurte ja juurekanalite anatoomia"},"content":{"rendered":"<p style=\"text-align: right;\"><strong>Autor: Anne-Ly Elhi<\/strong><\/p>\n<p>Hambaarsti eesm\u00e4rgiks on hammaste haigusseisundite ennetamine ja ravimine ning hammaste tervise s\u00e4ilitamine\u00a0 aja jooksul. See eeldab v\u00e4ga head hammaste anatoomia, f\u00fcsioloogia ning patoloogiliste seisundite tundmist.<\/p>\n<p>Erinevate <strong>endodontiliste<\/strong> ehk <strong>juureravi protseduuride<\/strong> l\u00e4biviimiseks on vajalik hamba pulbiruumi ja juurekanalite anatoomia tundmine, et v\u00e4ltida erinevate probleemide teket ravi jooksul ning toetada hammast s\u00e4\u00e4stvat ravi. R\u00f6ntgenoloogiliselt pole tihti v\u00f5imalik n\u00e4ha juurekanalite arvu hambas, kuna tegu on 2-dimensionaalsete \u00fclesv\u00f5tetega hammastest. T\u00e4htsad on eelk\u00f5ige <strong>teadmised juurte ning eeldatavate kanalite arvust<\/strong> ja erinevatest <strong>v\u00f5imalikest variatsioonidest<\/strong> hammastel.<\/p>\n<p><img loading=\"lazy\" decoding=\"async\" class=\"aligncenter\" style=\"margin-left: auto; margin-right: auto;\" title=\"Periapikaalsel r\u00f6ntgen\u00fclesv\u00f5ttel on n\u00e4ha hambad 36 ja 37 intaktsete juurekanalitega.  Tegu on 2-dimensionaalse \u00fclesv\u00f5ttega, kus eesmise ehk mesiaalse juure juurekanalid j\u00e4\u00e4vad r\u00f6ntgen\u00fclesv\u00f5ttel \u00fcksteise taha ning j\u00e4tavad eksliku mulje, et hambal on vaid 2 juurekanalit  (\u00fcks mesiaalses ja \u00fcks distaalses juures) tavap\u00e4rase 3 juurekanali asemel.\" src=\"https:\/\/sisu.ut.ee\/hammaste_anatoomia_oklusioon\/files\/pa36bsellik.jpg?itok=1XoUMGMM\" width=\"600\" height=\"450\" data-file_info=\"%7B%22fid%22:%2210864%22,%22view_mode%22:%22default%22,%22type%22:%22media%22%7D\"><\/p>\n<p style=\"text-align: center;\">\n<\/p>","protected":false},"excerpt":{"rendered":"<p>Autor: Anne-Ly Elhi Hambaarsti eesm\u00e4rgiks on hammaste haigusseisundite ennetamine ja ravimine ning hammaste tervise s\u00e4ilitamine\u00a0 aja jooksul. See eeldab v\u00e4ga head hammaste anatoomia, f\u00fcsioloogia ning patoloogiliste seisundite tundmist. Erinevate endodontiliste ehk juureravi protseduuride l\u00e4biviimiseks on vajalik hamba pulbiruumi ja juurekanalite &#8230;<\/p>\n","protected":false},"author":12,"featured_media":0,"parent":0,"menu_order":0,"comment_status":"closed","ping_status":"closed","template":"","meta":{"_acf_changed":false,"inline_featured_image":false,"footnotes":""},"class_list":["post-12","page","type-page","status-publish","hentry"],"acf":[],"_links":{"self":[{"href":"https:\/\/sisu.ut.ee\/hammaste_anatoomia_oklusioon\/wp-json\/wp\/v2\/pages\/12","targetHints":{"allow":["GET"]}}],"collection":[{"href":"https:\/\/sisu.ut.ee\/hammaste_anatoomia_oklusioon\/wp-json\/wp\/v2\/pages"}],"about":[{"href":"https:\/\/sisu.ut.ee\/hammaste_anatoomia_oklusioon\/wp-json\/wp\/v2\/types\/page"}],"author":[{"embeddable":true,"href":"https:\/\/sisu.ut.ee\/hammaste_anatoomia_oklusioon\/wp-json\/wp\/v2\/users\/12"}],"replies":[{"embeddable":true,"href":"https:\/\/sisu.ut.ee\/hammaste_anatoomia_oklusioon\/wp-json\/wp\/v2\/comments?post=12"}],"version-history":[{"count":2,"href":"https:\/\/sisu.ut.ee\/hammaste_anatoomia_oklusioon\/wp-json\/wp\/v2\/pages\/12\/revisions"}],"predecessor-version":[{"id":465,"href":"https:\/\/sisu.ut.ee\/hammaste_anatoomia_oklusioon\/wp-json\/wp\/v2\/pages\/12\/revisions\/465"}],"wp:attachment":[{"href":"https:\/\/sisu.ut.ee\/hammaste_anatoomia_oklusioon\/wp-json\/wp\/v2\/media?parent=12"}],"curies":[{"name":"wp","href":"https:\/\/api.w.org\/{rel}","templated":true}]}}