{"id":11,"date":"2024-04-04T00:17:30","date_gmt":"2024-04-03T21:17:30","guid":{"rendered":"https:\/\/sisu.ut.ee\/hammaste_anatoomia_oklusioon\/3-hambakaared-ja-hambumus\/"},"modified":"2024-04-10T17:10:49","modified_gmt":"2024-04-10T14:10:49","slug":"3-hambakaared-ja-hambumus","status":"publish","type":"page","link":"https:\/\/sisu.ut.ee\/hammaste_anatoomia_oklusioon\/3-hambakaared-ja-hambumus\/","title":{"rendered":"3. Hambakaared ja hambumus"},"content":{"rendered":"<p style=\"text-align: right;\"><strong>Autor:\u00a0 Riina Runnel<\/strong><\/p>\n<p>Lisaks eelmistes peat\u00fckkides tutvustatud \u00f5igele arengule ja suhul\u00f5ikumisele peaksid hambad ka kenasti hambakaarde mahtuma.<\/p>\n<p>Hammaskonna f\u00fcsioloogilise toimimise jaoks on olulised f\u00fcsioloogilised kurvid,\u00a0 hammaste paiknemine\u00a0 hambakaares, vastasl\u00f5ualuude hammaste asetus teineteise suhtes ja palju muid tegureid, mis v\u00f5imaldavad l\u00f5ualuudel vabalt liikuda ja tagavad m\u00e4lumisfunktsiooni.<\/p>\n<p><img loading=\"lazy\" decoding=\"async\" width=\"581\" height=\"225\" class=\"alignnone wp-image-84 aligncenter\" style=\"margin-left: auto; margin-right: auto;\" title=\"hambakaar0.png\" src=\"https:\/\/sisu.ut.ee\/wp-content\/uploads\/sites\/114\/hambakaar0.png\" alt=\"hambakaar0.png\" srcset=\"https:\/\/sisu.ut.ee\/wp-content\/uploads\/sites\/114\/hambakaar0.png 581w, https:\/\/sisu.ut.ee\/wp-content\/uploads\/sites\/114\/hambakaar0-300x116.png 300w\" sizes=\"auto, (max-width: 581px) 100vw, 581px\"><\/p>\n<h6><strong>Lisalugemiseks<\/strong>.\u00a0Kui sul on s\u00fcgavam huvi hambumusanomaaliate tekkep\u00f5hjuste ja nende ennetamise v\u00f5imaluste vastu, k\u00fclasta lehte\u00a0\u00a0<a title=\"\" href=\"https:\/\/sisu.ut.ee\/hambumusanomaalia\/elu-ja-haiguseanamnees\" target=\"_blank\" rel=\"noopener\" data-url=\"https:\/\/sisu.ut.ee\/hambumusanomaalia\/elu-ja-haiguseanamnees\">https:\/\/sisu.ut.ee\/hambumusanomaalia\/elu-ja-haiguseanamnees<\/a>.<\/h6>\n","protected":false},"excerpt":{"rendered":"<p>Autor:\u00a0 Riina Runnel Lisaks eelmistes peat\u00fckkides tutvustatud \u00f5igele arengule ja suhul\u00f5ikumisele peaksid hambad ka kenasti hambakaarde mahtuma. Hammaskonna f\u00fcsioloogilise toimimise jaoks on olulised f\u00fcsioloogilised kurvid,\u00a0 hammaste paiknemine\u00a0 hambakaares, vastasl\u00f5ualuude hammaste asetus teineteise suhtes ja palju muid tegureid, mis v\u00f5imaldavad l\u00f5ualuudel &#8230;<\/p>\n","protected":false},"author":12,"featured_media":0,"parent":0,"menu_order":0,"comment_status":"closed","ping_status":"closed","template":"","meta":{"_acf_changed":false,"inline_featured_image":false,"footnotes":""},"class_list":["post-11","page","type-page","status-publish","hentry"],"acf":[],"_links":{"self":[{"href":"https:\/\/sisu.ut.ee\/hammaste_anatoomia_oklusioon\/wp-json\/wp\/v2\/pages\/11","targetHints":{"allow":["GET"]}}],"collection":[{"href":"https:\/\/sisu.ut.ee\/hammaste_anatoomia_oklusioon\/wp-json\/wp\/v2\/pages"}],"about":[{"href":"https:\/\/sisu.ut.ee\/hammaste_anatoomia_oklusioon\/wp-json\/wp\/v2\/types\/page"}],"author":[{"embeddable":true,"href":"https:\/\/sisu.ut.ee\/hammaste_anatoomia_oklusioon\/wp-json\/wp\/v2\/users\/12"}],"replies":[{"embeddable":true,"href":"https:\/\/sisu.ut.ee\/hammaste_anatoomia_oklusioon\/wp-json\/wp\/v2\/comments?post=11"}],"version-history":[{"count":2,"href":"https:\/\/sisu.ut.ee\/hammaste_anatoomia_oklusioon\/wp-json\/wp\/v2\/pages\/11\/revisions"}],"predecessor-version":[{"id":456,"href":"https:\/\/sisu.ut.ee\/hammaste_anatoomia_oklusioon\/wp-json\/wp\/v2\/pages\/11\/revisions\/456"}],"wp:attachment":[{"href":"https:\/\/sisu.ut.ee\/hammaste_anatoomia_oklusioon\/wp-json\/wp\/v2\/media?parent=11"}],"curies":[{"name":"wp","href":"https:\/\/api.w.org\/{rel}","templated":true}]}}