{"id":78,"date":"2024-04-15T15:44:47","date_gmt":"2024-04-15T12:44:47","guid":{"rendered":"https:\/\/sisu.ut.ee\/hammaste-hooldus\/kokkuvote-ja-test\/"},"modified":"2024-04-15T15:44:47","modified_gmt":"2024-04-15T12:44:47","slug":"kokkuvote-ja-test","status":"publish","type":"page","link":"https:\/\/sisu.ut.ee\/hammaste-hooldus\/kokkuvote-ja-test\/","title":{"rendered":"Kokkuv\u00f5te ja test"},"content":{"rendered":"<div id=\"timeNag\">\n\t\t    <div class=\"watupro-exam-description\" id=\"description-quiz-1\"><p>L\u00f5petan kursuse ikka sama moodsa vanas\u00f5naga \u201eAita ennast ise, siis aitab sind ka hambaarst\".<\/p>\n<p>Sageli aitavad k\u00f5ige enam v\u00e4ga lihtsad asjad:<\/p>\n<ul>\n<li>peske hambaid,<\/li>\n<li>toituge tervislikult,<\/li>\n<li>kuulake hambaarsti n\u00f5uandeid.<\/li>\n<\/ul>\n<p>K\u00f5ik see peaks kasv\u00f5i veidi teie raha, aega ja n\u00e4rve s\u00e4\u00e4stma.<\/p>\n<p>Minikursus l\u00f5peb testiga, milles on 20 valikvastustega k\u00fcsimust. Testi l\u00f5pus saad vaadata \u00f5igeid vastuseid v\u00f5i sooritada testi uuesti. Testi saab sooritada soovitud arv kordi.<\/p>\n<p>\u00a0<\/p>\n<\/div><span id=\"timeNagText\">This quiz must be completed in 1200 minutes.<\/span> <a href=\"#\" onclick=\"WatuPRO.InitializeTimer(72000, 1, 1);return false;\">Click here to start the quiz<\/a>\t\t   \n\t    <\/div>\n\t    <div id=\"timerDiv\" style=\"display:none;\"> 72000<\/div>\n<script type=\"text\/javascript\">\ndocument.addEventListener(\"DOMContentLoaded\", function(event) { \nif(!window.jQuery) alert(\"The important jQuery library is not properly loaded in your site. Your WordPress theme is probably missing the essential wp_head() call. You can switch to another theme and you will see that the plugin works fine and this notice disappears. If you are still not sure what to do you can contact us for help.\");\n});\n<\/script>  \n  \n<div style=\"display:none;\" id=\"watupro_quiz\" class=\"quiz-area single-page-quiz\">\n<p id=\"submittingExam1\" style=\"display:none;text-align:center;\"><img loading=\"lazy\" decoding=\"async\" src=\"https:\/\/sisu.ut.ee\/wp-content\/plugins\/watupro\/img\/loading.gif\" width=\"16\" height=\"16\"><\/p>\n\n<div class=\"watupro-exam-description\" id=\"description-quiz-1\"><p>L\u00f5petan kursuse ikka sama moodsa vanas\u00f5naga \u201eAita ennast ise, siis aitab sind ka hambaarst\".<\/p>\n<p>Sageli aitavad k\u00f5ige enam v\u00e4ga lihtsad asjad:<\/p>\n<ul>\n<li>peske hambaid,<\/li>\n<li>toituge tervislikult,<\/li>\n<li>kuulake hambaarsti n\u00f5uandeid.<\/li>\n<\/ul>\n<p>K\u00f5ik see peaks kasv\u00f5i veidi teie raha, aega ja n\u00e4rve s\u00e4\u00e4stma.<\/p>\n<p>Minikursus l\u00f5peb testiga, milles on 20 valikvastustega k\u00fcsimust. Testi l\u00f5pus saad vaadata \u00f5igeid vastuseid v\u00f5i sooritada testi uuesti. Testi saab sooritada soovitud arv kordi.<\/p>\n<p>\u00a0<\/p>\n<\/div>\n\n<form action=\"\" method=\"post\" class=\"quiz-form\" id=\"quiz-1\" enctype=\"multipart\/form-data\">\n<div style=\"display:none\" id=\"question-1\">\n\t<div class=\"question-content\">\n\t\t<img loading=\"lazy\" decoding=\"async\" src=\"https:\/\/sisu.ut.ee\/wp-content\/plugins\/watupro\/img\/loading.gif\" width=\"16\" height=\"16\" alt=\"Loading...\" title=\"Loading...\">\u00a0Loading...\t<\/div>\n<\/div>\n\n<br>\n\t\n\t\t\t<div class=\"watupro_buttons flex \" id=\"watuPROButtons1\">\n\t\t  <div id=\"prev-question\" style=\"display:none;\"><input type=\"button\" value=\"&lt; Previous\" onclick=\"WatuPRO.nextQuestion(event, 'previous');\"><\/div>\t\t  \t\t  \t\t   \n\t\t   \t  \t\t<div><input type=\"button\" name=\"action\" class=\"watupro-submit-button\" onclick=\"WatuPRO.submitResult(event)\" id=\"action-button\" value=\"View Results\">\n\t\t<\/div>\n\t\t<\/div>\n\t\t\n\t<input type=\"hidden\" name=\"quiz_id\" value=\"1\" id=\"watuPROExamID\">\n\t<input type=\"hidden\" name=\"start_time\" id=\"startTime\" value=\"2026-05-10 01:20:10\">\n\t<input type=\"hidden\" name=\"start_timestamp\" id=\"startTimeStamp\" value=\"1778376010\">\n\t<input type=\"hidden\" name=\"question_ids\" value=\"\">\n\t<input type=\"hidden\" name=\"watupro_questions\" value=\"1:1 | 2:2,3,4 | 3:5,6 | 4:7,8,9 | 5:10,11,12 | 6:13,14 | 7:15,16,17 | 8:18,19 | 9:20,21 | 10:22,23,24 | 11:25,26 | 12:27,28 | 13:29,30 | 14:31,32 | 15:33,34 | 16:35,36 | 17:37,38 | 18:39,40,41 | 19:42,43 | 20:44,45 | 21:46,47\">\n\t<input type=\"hidden\" name=\"no_ajax\" value=\"0\">\t\t\t<\/form>\n\t<p>\u00a0<\/p>\n<\/div>\n\n<form method=\"post\" id=\"watuproTimerForm1\">\n\t<!-- watupro-hidden-fields -->\n\t<input type=\"hidden\" name=\"watupro_start_timer\" value=\"0\">\n\t<input type=\"hidden\" name=\"watupro_taker_email\" value=\"\">\n\t<input type=\"hidden\" name=\"watupro_taker_name\" value=\"\">\n\t<input type=\"hidden\" name=\"watupro_taker_phone\" value=\"\">\n\t<input type=\"hidden\" name=\"watupro_taker_company\" value=\"\">\n\t<input type=\"hidden\" name=\"watupro_taker_field1\" value=\"\">\n\t<input type=\"hidden\" name=\"watupro_taker_field2\" value=\"\">\n\t<input type=\"hidden\" name=\"watupro_taker_checkbox\" value=\"1\">\n\t<input type=\"hidden\" name=\"watupro_diff_level\" value=\"\">\n<\/form>\n<script type=\"text\/javascript\">\n\/\/jQuery(document).ready(function(){\ndocument.addEventListener(\"DOMContentLoaded\", function(event) { \t\nvar question_ids = \"\";\nWatuPROSettings[1] = {};\nWatuPRO.qArr = question_ids.split(',');\nWatuPRO.exam_id = 1;\t    \nWatuPRO.post_id = 78;\nWatuPRO.store_progress = 0;\nWatuPRO.curCatPage = 1;\nWatuPRO.requiredIDs=\"0,1,2,3,4,5,6,7,8,9,10,11,12,13,14,15,16,17,18,19,20,21\".split(\",\");\nWatuPRO.hAppID = \"0.79919200 1778365210\";\nvar url = \"https:\/\/sisu.ut.ee\/wp-content\/plugins\/watupro\/show_exam.php\";\nWatuPRO.examMode = 1;\nWatuPRO.siteURL=\"https:\/\/sisu.ut.ee\/hammaste-hooldus\/wp-admin\/admin-ajax.php\";\nWatuPRO.emailIsNotRequired = 0;\nWatuPRO.perDecade = 10;\nWatuPROIntel.init(1);\nWatuPRO.inCategoryPages=1;WatuPRO.secs=0;\nWatuPRO.timerID = null;\nWatuPRO.timerRunning = false;\t\t\nWatuPRO.TimerTurnsRed = 0;\nWatuPRO.fullTimeLimit = 72000;\nWatuPRO.currentTime = 1778376010;\n});    \t \n<\/script>\n\n","protected":false},"excerpt":{"rendered":"","protected":false},"author":9,"featured_media":0,"parent":0,"menu_order":0,"comment_status":"closed","ping_status":"closed","template":"","meta":{"_acf_changed":false,"inline_featured_image":false,"footnotes":""},"class_list":["post-78","page","type-page","status-publish","hentry"],"acf":[],"_links":{"self":[{"href":"https:\/\/sisu.ut.ee\/hammaste-hooldus\/wp-json\/wp\/v2\/pages\/78","targetHints":{"allow":["GET"]}}],"collection":[{"href":"https:\/\/sisu.ut.ee\/hammaste-hooldus\/wp-json\/wp\/v2\/pages"}],"about":[{"href":"https:\/\/sisu.ut.ee\/hammaste-hooldus\/wp-json\/wp\/v2\/types\/page"}],"author":[{"embeddable":true,"href":"https:\/\/sisu.ut.ee\/hammaste-hooldus\/wp-json\/wp\/v2\/users\/9"}],"replies":[{"embeddable":true,"href":"https:\/\/sisu.ut.ee\/hammaste-hooldus\/wp-json\/wp\/v2\/comments?post=78"}],"version-history":[{"count":0,"href":"https:\/\/sisu.ut.ee\/hammaste-hooldus\/wp-json\/wp\/v2\/pages\/78\/revisions"}],"wp:attachment":[{"href":"https:\/\/sisu.ut.ee\/hammaste-hooldus\/wp-json\/wp\/v2\/media?parent=78"}],"curies":[{"name":"wp","href":"https:\/\/api.w.org\/{rel}","templated":true}]}}