{"id":7,"date":"2024-04-04T07:15:27","date_gmt":"2024-04-04T04:15:27","guid":{"rendered":"https:\/\/sisu.ut.ee\/hammaste-hooldus\/beebi-hambad\/"},"modified":"2024-04-04T07:15:34","modified_gmt":"2024-04-04T04:15:34","slug":"beebi-hambad","status":"publish","type":"page","link":"https:\/\/sisu.ut.ee\/hammaste-hooldus\/beebi-hambad\/","title":{"rendered":"Beebi hambad"},"content":{"rendered":"<h2>\n\t<img decoding=\"async\" alt=\"Info\" data-file_info=\"%7B%22fid%22:62899,%22view_mode%22:%22default%22,%22type%22:%22media%22%7D\" src=\"https:\/\/sisu.ut.ee\/wp-content\/uploads\/sites\/497\/icon_tahelepanu.png\" style=\"width: 51px;height: 50px;float: left\" title=\"\">Hambahaiguste ennetamisega alustage kohe!<br>\n<\/h2>\n<p>\n\t<img loading=\"lazy\" decoding=\"async\" width=\"200\" height=\"200\" class=\"alignnone wp-image-31\" style=\"float: right;width: 150px;height: 150px;margin: 10px\" src=\"https:\/\/sisu.ut.ee\/wp-content\/uploads\/sites\/497\/beebi_smile.png\" title=\"beebi_smile.png\" alt=\"Smile\" srcset=\"https:\/\/sisu.ut.ee\/wp-content\/uploads\/sites\/497\/beebi_smile.png 200w, https:\/\/sisu.ut.ee\/wp-content\/uploads\/sites\/497\/beebi_smile-150x150.png 150w\" sizes=\"auto, (max-width: 200px) 100vw, 200px\">S\u00fcnnitusmajas kontrollitakse vasts\u00fcndinul keelekida kinnitust, vajadusel tehakse esimestel elup\u00e4evadel keelekida plastika, et laps saaks h\u00e4sti imeda. Imemine on beebi l\u00f5ualuude arengus v\u00e4ga oluline. Imemisel saab lapse alal\u00f5ug vajaliku koormuse, mis soodustab selle kasvu. Rinnaga toitmine on hamba-l\u00f5ualuude s\u00fcsteemi h\u00e4ireteta arenguks optimaalne.\n<\/p>\n<p>\n\tKunstliku toitmise korral on vaja tagada tingimused, mis oleksid l\u00e4hedased rinnaga toitmise puhkudele. Kunstlikul toitmisel tuleb kasutada erineva avasuurusega lutte. Laps hakkab p\u00f6ialt imema siis, kui toitmiskord on liiga l\u00fchike ja laps pole saanud piisavalt kaua imeda. Sellisel juhul on kasulikum pakkuda imemiseks t\u00fchja lutti, v\u00e4ltimaks p\u00f6idla imemist, mis deformeerib l\u00f5ualuud. L\u00f5ualuude vahekord peaks normaliseeruma piimahammaste l\u00f5ikumise alguseks, st 6.-8. elukuuks.\n<\/p>\n<p>\n\t6-8 kuu vanuselt l\u00f5ikuvad esimesed l\u00f5ikehambad. Vahetult enne hammaste l\u00f5ikumist suureneb s\u00fcljevool, laps p\u00fc\u00fcab n\u00e4rida s\u00f5rmi, rusikaid. Kaasneb rahutus ja laps on virilam.\n<\/p>\n<p>\n\tBeebi v\u00f5i v\u00e4ikelaste hammastele on ohtlik sage ja pikka aega v\u00e4ltav s\u00f6\u00f6mine ning varakult kaariest tekitavate mikroobide sattumine suu\u00f5\u00f5nde. Laps ei tohi j\u00e4\u00e4da magama, toit suus, seda aeg-ajalt imedes. Seega \u2013 \u00e4rge pange last voodisse lutipudeliga, samuti \u00e4rge laske tal sagedasti ja pikka aega rinda imeda. Magades on lapse s\u00fcljeeritus v\u00e4hene ja happeline keskkond hamba pinnal, mis p\u00f5hjustab hammaste lagunemist, v\u00f5ib kesta tunde. Ka magusa tee ja mahlade sage tarvitamine on hammastele kahjulik. Hambakaariest tekitava mikroobi v\u00f5ib laps saada emalt juba esimestel elukuudel seet\u00f5ttu, et ema pistab mahakukkunud luti enne endale ja siis lapsele suhu. V\u00e4ltimaks lapse nakatumist kaariest tekitava mikroobiga, \u00e4rge kasutage s\u00f6\u00f6misel lapsega ka \u00fchist lusikat, tassi v\u00f5i klaasi.\n<\/p>\n<p style=\"text-align: center\">\n\t<img loading=\"lazy\" decoding=\"async\" width=\"192\" height=\"118\" class=\"alignnone wp-image-32\" src=\"https:\/\/sisu.ut.ee\/wp-content\/uploads\/sites\/497\/lutipudelikaaries.jpeg\" title=\"lutipudelikaaries.jpeg\" alt=\"Pilt\">\n<\/p>\n<p style=\"text-align: center\">\n\t<em><strong>Lutipudelikaaries.<\/strong><\/em>\n<\/p>\n<p>\n\tV\u00e4ltimaks varast hambakaariesest kahjustatust, tuleks kohe p\u00e4rast hammaste l\u00f5ikumist alustada lapse hammaste pesemisega. Hambaid tuleks pesta kaks korda p\u00e4evas imikule m\u00f5eldud hambapasta ja -harjaga. Hiljem, kui laps oskab s\u00fclitada, v\u00f5ib kasutada lastele m\u00f5eldud hambapastat. Kui suudame lapse nakatumise \u00e4ra hoida enne kolmandat eluaastat, siis on tal edaspidi palju tervemad hambad.\n<\/p>\n<p>\n\tEsimese eluaasta jooksul p\u00f5etud haigused nagu rahhiit, nina-neelu- ja hingamiselundite haigused loovad soodsa fooni hambumusanomaaliate kujunemiseks, pidurdavad normaalset l\u00f5ualuude kasvu, takistavad nina kaudu hingamist ja \u00f5ige neelamisfunktsiooni v\u00e4ljakujunemist.\n<\/p>\n<p>\n\tVajalik on v\u00e4ltida hambumusanomaaliaid esilekutsuvaid kahjulikke harjumusi:\n<\/p>\n<ul>\n<li>\n\t\tharjumus imeda s\u00f5rmi, huuli, p\u00f5ski, keelt ja esemeid;\n\t<\/li>\n<li>\n\t\tsuuhingamine, raskendatud neelamine, h\u00e4iritud m\u00e4lumisfunktsioon;\n\t<\/li>\n<li>\n\t\tr\u00fchih\u00e4ired.\n\t<\/li>\n<\/ul>\n<p>\n\tKokkuv\u00f5tteks:\n<\/p>\n<ul>\n<li>\n\t\tHambaid hakake pesema kohe p\u00e4rast hammaste l\u00f5ikumist. Suu puhastamisest peab saama lapsele igap\u00e4evane meeldiv tava. V\u00e4ikelapse hambaid pesevad vanemad.\n\t<\/li>\n<li>\n\t\tLaps ei tohi j\u00e4\u00e4da magama lutipudeliga. \u00d6\u00f6siti \u00e4rge andke lapsele magusaid s\u00f6\u00f6ke (jogurt, keefir moosiga) ja jooke ( tee suhkruga, mahlad). Viimane, mis enne uinumist suhu v\u00f5ib j\u00e4\u00e4da, on puhas vesi.\n\t<\/li>\n<li>\n\t\t\u00c4rge s\u00f6\u00f6ge lapsega \u00fche ja sama lusikaga. Mahakukkunud lutti \u00e4rge pange kohe lapse suhu ega enne enda suhu.\n\t<\/li>\n<li>\n\t\tVajalik on v\u00e4ltida hambumusanomaaliaid esilekutsuvaid kahjulikke harjumusi: harjumus imeda s\u00f5rmi, huuli, p\u00f5ski, keelt ja mitmesuguseid esemeid.\n\t<\/li>\n<li>\n\t\tEsimest korda tuleb hambaarsti juurde minna 12-15-kuuse lapsega. \u00c4rge unustage, et ka piimahambad vajavad kontrolli ja ravi.\n\t<\/li>\n<\/ul>\n<p>\n\tLisaks uurige:\n<\/p>\n<ul>\n<li>\n\t\t<a data-url=\"https:\/\/sisu.ut.ee\/hambad\" href=\"https:\/\/sisu.ut.ee\/hambad\" target=\"_blank\" title=\"\" rel=\"noopener\">https:\/\/sisu.ut.ee\/hambad<\/a>\n\t<\/li>\n<li>\n\t\tPiimahammaste l\u00f5ikumise ajad ja j\u00e4rjekord \u2013 <a data-url=\"https:\/\/sisu.ut.ee\/hambad\/1-hammaste-areng-ja-suhu-l%C3%B5ikumine\" href=\"https:\/\/sisu.ut.ee\/hambad\/1-hammaste-areng-ja-suhu-l%C3%B5ikumine\" target=\"_blank\" title=\"\" rel=\"noopener\">https:\/\/sisu.ut.ee\/hambad\/1-hammaste-areng-ja-suhu-l\u00f5ikumine<\/a>\n\t<\/li>\n<li>\n\t\tKuidas ja millega pesta beebi ja v\u00e4ikelapse hambaid \u2013 <a data-url=\"https:\/\/sisu.ut.ee\/hambad\/4-suu%C3%B5%C3%B5ne-h%C3%BCgieen\" href=\"https:\/\/sisu.ut.ee\/hambad\/4-suu%C3%B5%C3%B5ne-h%C3%BCgieen\" target=\"_blank\" title=\"\" rel=\"noopener\">https:\/\/sisu.ut.ee\/hambad\/4-suu\u00f5\u00f5ne-h\u00fcgieen<\/a>\n\t<\/li>\n<\/ul>\n","protected":false},"excerpt":{"rendered":"<p>Hambahaiguste ennetamisega alustage kohe! S\u00fcnnitusmajas kontrollitakse vasts\u00fcndinul keelekida kinnitust, vajadusel tehakse esimestel elup\u00e4evadel keelekida plastika, et laps saaks h\u00e4sti imeda. Imemine on beebi l\u00f5ualuude arengus v\u00e4ga oluline. Imemisel saab lapse alal\u00f5ug vajaliku koormuse, mis soodustab selle kasvu. Rinnaga toitmine on &#8230;<\/p>\n","protected":false},"author":2,"featured_media":0,"parent":0,"menu_order":0,"comment_status":"closed","ping_status":"closed","template":"","meta":{"_acf_changed":false,"inline_featured_image":false,"footnotes":""},"class_list":["post-7","page","type-page","status-publish","hentry"],"acf":[],"_links":{"self":[{"href":"https:\/\/sisu.ut.ee\/hammaste-hooldus\/wp-json\/wp\/v2\/pages\/7","targetHints":{"allow":["GET"]}}],"collection":[{"href":"https:\/\/sisu.ut.ee\/hammaste-hooldus\/wp-json\/wp\/v2\/pages"}],"about":[{"href":"https:\/\/sisu.ut.ee\/hammaste-hooldus\/wp-json\/wp\/v2\/types\/page"}],"author":[{"embeddable":true,"href":"https:\/\/sisu.ut.ee\/hammaste-hooldus\/wp-json\/wp\/v2\/users\/2"}],"replies":[{"embeddable":true,"href":"https:\/\/sisu.ut.ee\/hammaste-hooldus\/wp-json\/wp\/v2\/comments?post=7"}],"version-history":[{"count":1,"href":"https:\/\/sisu.ut.ee\/hammaste-hooldus\/wp-json\/wp\/v2\/pages\/7\/revisions"}],"predecessor-version":[{"id":57,"href":"https:\/\/sisu.ut.ee\/hammaste-hooldus\/wp-json\/wp\/v2\/pages\/7\/revisions\/57"}],"wp:attachment":[{"href":"https:\/\/sisu.ut.ee\/hammaste-hooldus\/wp-json\/wp\/v2\/media?parent=7"}],"curies":[{"name":"wp","href":"https:\/\/api.w.org\/{rel}","templated":true}]}}