{"id":6,"date":"2024-04-04T07:15:27","date_gmt":"2024-04-04T04:15:27","guid":{"rendered":"https:\/\/sisu.ut.ee\/hammaste-hooldus\/lapsevanemale\/"},"modified":"2024-04-04T07:15:34","modified_gmt":"2024-04-04T04:15:34","slug":"lapsevanemale","status":"publish","type":"page","link":"https:\/\/sisu.ut.ee\/hammaste-hooldus\/lapsevanemale\/","title":{"rendered":"Lapsevanemale"},"content":{"rendered":"<h2>\n\t<img loading=\"lazy\" decoding=\"async\" width=\"100\" height=\"99\" class=\"alignnone wp-image-15\" style=\"width:51px;height:50px;float:left\" src=\"https:\/\/sisu.ut.ee\/wp-content\/uploads\/sites\/497\/icon_tahelepanu.png\" title=\"icon_tahelepanu.png\" alt=\"Info\">\u00a0Hambahaiguste ennetamisega tuleb alustada enne lapse s\u00fcndi!<br>\n<\/h2>\n<p>\n\tLapse piimahammaste algmed tekivad juba raseduse 2.-3. kuul ja seet\u00f5ttu on oluline teada, et lapse hammaste arenguks on olulised:\n<\/p>\n<ul>\n<li>\n\t\tmineraalained;\n\t<\/li>\n<li>\n\t\tvalgud;\n\t<\/li>\n<li>\n\t\tkaltsiumit ja fosforit sisaldavad piimatooted;\n\t<\/li>\n<li>\n\t\tvitamiin A \u2013 oluline hambaemaili arengu perioodil. Seda sisaldavad tumerohelised ja s\u00fcgavkollased k\u00f6\u00f6giviljad;\n\t<\/li>\n<li>\n\t\tvitamiin C \u2013 oluline hambaluu arengus. Seda sisaldavad tsitruselised;\n\t<\/li>\n<li>\n\t\tvitamiin D \u2013 vajalik kaltsiumi ja fosfori imendumisel.\n\t<\/li>\n<\/ul>\n<p>\n\tLapse tulevaste hammaste tervist v\u00f5ivad kahjustada ema ebaregulaarne ja \u00fchek\u00fclgne toitumine ning tugevatoimelised ravimid raseduse ajal.\n<\/p>\n<p>\n\tEt nii Teil endal kui ka lapsel l\u00e4heks k\u00f5ik h\u00e4sti, tuleb teha j\u00e4rgmist:\n<\/p>\n<ul>\n<li>\n\t\ts\u00fc\u00fca h\u00e4sti tasakaalustatud toitu, mis sisaldab valku, mineraalaineid, vitamiine A, C, D, kaltsiumit, fosforit ja foolhapet;\n\t<\/li>\n<li>\n\t\tv\u00e4ltida sagedast n\u00e4ksimist, mis tekitab suu\u00f5\u00f5nes happelise keskkonna;\n\t<\/li>\n<li>\n\t\tv\u00e4ltida igemep\u00f5letikku ja teisi infektsioone suu\u00f5\u00f5nes, sealhulgas hambast l\u00e4htunud m\u00e4dap\u00f5letikke.\n\t<\/li>\n<\/ul>\n<h2>\n\t<img loading=\"lazy\" decoding=\"async\" width=\"100\" height=\"99\" class=\"alignnone wp-image-15\" style=\"width:51px;height:50px;float:left\" src=\"https:\/\/sisu.ut.ee\/wp-content\/uploads\/sites\/497\/icon_tahelepanu.png\" title=\"icon_tahelepanu.png\" alt=\"Info\"> Raseduse ajal p\u00f6\u00f6rake erilist t\u00e4helepanu suuh\u00fcgieenile.<br>\n<\/h2>\n","protected":false},"excerpt":{"rendered":"<p>\u00a0Hambahaiguste ennetamisega tuleb alustada enne lapse s\u00fcndi! Lapse piimahammaste algmed tekivad juba raseduse 2.-3. kuul ja seet\u00f5ttu on oluline teada, et lapse hammaste arenguks on olulised: mineraalained; valgud; kaltsiumit ja fosforit sisaldavad piimatooted; vitamiin A \u2013 oluline hambaemaili arengu perioodil. &#8230;<\/p>\n","protected":false},"author":2,"featured_media":0,"parent":0,"menu_order":0,"comment_status":"closed","ping_status":"closed","template":"","meta":{"_acf_changed":false,"inline_featured_image":false,"footnotes":""},"class_list":["post-6","page","type-page","status-publish","hentry"],"acf":[],"_links":{"self":[{"href":"https:\/\/sisu.ut.ee\/hammaste-hooldus\/wp-json\/wp\/v2\/pages\/6","targetHints":{"allow":["GET"]}}],"collection":[{"href":"https:\/\/sisu.ut.ee\/hammaste-hooldus\/wp-json\/wp\/v2\/pages"}],"about":[{"href":"https:\/\/sisu.ut.ee\/hammaste-hooldus\/wp-json\/wp\/v2\/types\/page"}],"author":[{"embeddable":true,"href":"https:\/\/sisu.ut.ee\/hammaste-hooldus\/wp-json\/wp\/v2\/users\/2"}],"replies":[{"embeddable":true,"href":"https:\/\/sisu.ut.ee\/hammaste-hooldus\/wp-json\/wp\/v2\/comments?post=6"}],"version-history":[{"count":1,"href":"https:\/\/sisu.ut.ee\/hammaste-hooldus\/wp-json\/wp\/v2\/pages\/6\/revisions"}],"predecessor-version":[{"id":56,"href":"https:\/\/sisu.ut.ee\/hammaste-hooldus\/wp-json\/wp\/v2\/pages\/6\/revisions\/56"}],"wp:attachment":[{"href":"https:\/\/sisu.ut.ee\/hammaste-hooldus\/wp-json\/wp\/v2\/media?parent=6"}],"curies":[{"name":"wp","href":"https:\/\/api.w.org\/{rel}","templated":true}]}}