{"id":4,"date":"2024-04-04T07:15:26","date_gmt":"2024-04-04T04:15:26","guid":{"rendered":"https:\/\/sisu.ut.ee\/hammaste-hooldus\/ainult-rahast\/"},"modified":"2024-04-04T07:15:34","modified_gmt":"2024-04-04T04:15:34","slug":"ainult-rahast","status":"publish","type":"page","link":"https:\/\/sisu.ut.ee\/hammaste-hooldus\/ainult-rahast\/","title":{"rendered":"Ainult rahast"},"content":{"rendered":"<p>\n\tH\u00fcvitised ei ole suured, kuid ka neid on vaja kasutada, et veidigi parandada hammaste tervist.\n<\/p>\n<p>\n\tKehtivad h\u00fcvitised:\n<\/p>\n<ul>\n<li>\n\t\tAlates 1. jaanuarist 2018 saavad lapseootel naised ja alla \u00fcheaastaste laste emad hambaravih\u00fcvitist kuni 85 eurot aastas, kusjuures patsient ise tasub v\u00e4hemalt 15% arvest <a data-url=\"https:\/\/www.haigekassa.ee\/hambaravi\/patsiendile\/hambaravihuvitis\" href=\"https:\/\/www.haigekassa.ee\/hambaravi\/patsiendile\/hambaravihuvitis\" target=\"_blank\" title=\"\" rel=\"noopener\">https:\/\/www.haigekassa.ee\/hambaravi\/patsiendile\/hambaravihuvitis<\/a>\n\t<\/li>\n<li>\n\t\tAlates 1. jaanuarist 2018 saavad k\u00f5ik t\u00e4iskasvanud ravikindlustusega inimesed aastas 40 eurot hambaravih\u00fcvitist, kusjuures patsient ise tasub v\u00e4hemalt 50% arvest. <a data-url=\"https:\/\/www.haigekassa.ee\/hambaravi\/patsiendile\/hambaravihuvitis\" href=\"https:\/\/www.haigekassa.ee\/hambaravi\/patsiendile\/hambaravihuvitis\" target=\"_blank\" title=\"\" rel=\"noopener\">https:\/\/www.haigekassa.ee\/hambaravi\/patsiendile\/hambaravihuvitis<\/a>\n\t<\/li>\n<li>\n\t\tVanadus- ja t\u00f6\u00f6v\u00f5imetuspension\u00e4rid, osalise v\u00f5i puuduva t\u00f6\u00f6v\u00f5imega inimesed ja \u00fcle 63 aastased eakad saavad hambaravi jaoks h\u00fcvitist 85 eurot aastas, kusjuures patsient tasub ise v\u00e4hemalt 15% arvest. <a data-url=\"https:\/\/www.haigekassa.ee\/hambaravi\/patsiendile\/hambaravihuvitis\" href=\"https:\/\/www.haigekassa.ee\/hambaravi\/patsiendile\/hambaravihuvitis\" target=\"_blank\" title=\"\" rel=\"noopener\">https:\/\/www.haigekassa.ee\/hambaravi\/patsiendile\/hambaravihuvitis<\/a>\n\t<\/li>\n<li>\n\t\tAlates 1. jaanuarist 2018 saavad suurenenud hambaravi vajadusega patsiendid h\u00fcvitist kuni 85 eurot aastas, kusjuures patsient tasub v\u00e4hemalt 15% arvest ise.\n\t<\/li>\n<li>\n\t\tAlates 1. juulist 2017 on hambaproteeside h\u00fcvitise summa kolmeks aastaks 260 eurot. <a data-url=\"https:\/\/www.haigekassa.ee\/hambaravi\/patsiendile\/hambaproteeside-huvitis\" href=\"https:\/\/www.haigekassa.ee\/hambaravi\/patsiendile\/hambaproteeside-huvitis\" target=\"_blank\" title=\"\" rel=\"noopener\">https:\/\/www.haigekassa.ee\/hambaravi\/patsiendile\/hambaproteeside-huvitis<\/a>\n\t<\/li>\n<\/ul>\n<p>\n\tSamas, laste hammaste ravi eest kuni 19. eluaastani tasub Eesti Haigekassa ja ka seda suurep\u00e4rast v\u00f5imalust ei kasutata maksimaalselt. Lapsevanemad ei pea tasuma kuni 19-aastase lapse ortodontilise ravi eest j\u00e4rgmiste diagnooside korral:\n<\/p>\n<ol>\n<li>\n\t\tprognaatne hambumus sagitaalse lahiga 9 mm ja enam;\n\t<\/li>\n<li>\n\t\tprogeenne hambumus;\n\t<\/li>\n<li>\n\t\tlahihambumus, kui kontaktis on ainult molaarid;\n\t<\/li>\n<li>\n\t\tpeetunud j\u00e4\u00e4vintsisiivid v\u00f5i kaniinid;\n\t<\/li>\n<li>\n\t\tkui puudub intsisiiv, kaniin v\u00f5i rohkem kui \u00fcks hammas l\u00f5ualuu kummalgi poolel;\n\t<\/li>\n<li>\n\t\thuule-suulael\u00f5he ja muud n\u00e4o-l\u00f5ualuus\u00fcsteemi kaasas\u00fcndinud v\u00e4\u00e4rarengud;\n\t<\/li>\n<li>\n\t\thambumusanomaalia raske v\u00f5i keskmise raskusastmega obstruktiivse uneapnoe korral, juhul kui adenotonsillektoomia ja positiivne \u00f5hur\u00f5huravi (CPAP) on osutunud ebaefektiivseks;\n\t<\/li>\n<li>\n\t\ts\u00fcgav traumeeriv hambumus, mille korral alumised l\u00f5ikehambad on otseses kontaktis limaskestaga;\n\t<\/li>\n<li>\n\t\tk\u00fclgmine risthambumus kolme ja enama hamba ulatuses l\u00f5ualuu \u00fchel poolel, mille korral on oluliselt h\u00e4iritud n\u00e4o s\u00fcmmeetria ning l\u00f5ualuude areng ja kasv.\n\t<\/li>\n<\/ol>\n<p>\n\tLapsi, kellel on \u00fcks nendest diagnoosidest on suhteliselt v\u00e4he, umbes \u00fcks neljandik kooliealistest lastest.\n<\/p>\n<h2>\n\t<img loading=\"lazy\" decoding=\"async\" width=\"100\" height=\"99\" class=\"alignnone wp-image-15\" style=\"width: 51px;height: 50px;float: left\" src=\"https:\/\/sisu.ut.ee\/wp-content\/uploads\/sites\/497\/icon_tahelepanu.png\" title=\"icon_tahelepanu.png\" alt=\"Info\">Kindlasti tutvuge kehtivate seadustega!<br>\n<\/h2>\n<ul>\n<li>\n\t\tT\u00e4iskasvanute hambaraviteenuse h\u00fcvitise m\u00e4\u00e4rad ja maksmise kord \u2013 <a data-url=\"https:\/\/www.riigiteataja.ee\/akt\/123122010009\" href=\"https:\/\/www.riigiteataja.ee\/akt\/123122010009\" target=\"_blank\" title=\"\" rel=\"noopener\">https:\/\/www.riigiteataja.ee\/akt\/123122010009<\/a>\n\t<\/li>\n<li>\n\t\tEesti Haigekassa tervishoiuteenuste loetelu peat\u00fckk 10 l\u00f5pus on loetletud kuus diagnoosi, mille korral tasub alla 19-aastaste laste ortodontilise ravi eest Eesti Haigekassa <a data-url=\"https:\/\/www.riigiteataja.ee\/akt\/121062011024\" href=\"https:\/\/www.riigiteataja.ee\/akt\/121062011024\" target=\"_blank\" title=\"\" rel=\"noopener\">https:\/\/www.riigiteataja.ee\/akt\/121062011024<\/a>\n\t<\/li>\n<\/ul>\n","protected":false},"excerpt":{"rendered":"<p>H\u00fcvitised ei ole suured, kuid ka neid on vaja kasutada, et veidigi parandada hammaste tervist. Kehtivad h\u00fcvitised: Alates 1. jaanuarist 2018 saavad lapseootel naised ja alla \u00fcheaastaste laste emad hambaravih\u00fcvitist kuni 85 eurot aastas, kusjuures patsient ise tasub v\u00e4hemalt 15% &#8230;<\/p>\n","protected":false},"author":2,"featured_media":0,"parent":0,"menu_order":0,"comment_status":"closed","ping_status":"closed","template":"","meta":{"_acf_changed":false,"inline_featured_image":false,"footnotes":""},"class_list":["post-4","page","type-page","status-publish","hentry"],"acf":[],"_links":{"self":[{"href":"https:\/\/sisu.ut.ee\/hammaste-hooldus\/wp-json\/wp\/v2\/pages\/4","targetHints":{"allow":["GET"]}}],"collection":[{"href":"https:\/\/sisu.ut.ee\/hammaste-hooldus\/wp-json\/wp\/v2\/pages"}],"about":[{"href":"https:\/\/sisu.ut.ee\/hammaste-hooldus\/wp-json\/wp\/v2\/types\/page"}],"author":[{"embeddable":true,"href":"https:\/\/sisu.ut.ee\/hammaste-hooldus\/wp-json\/wp\/v2\/users\/2"}],"replies":[{"embeddable":true,"href":"https:\/\/sisu.ut.ee\/hammaste-hooldus\/wp-json\/wp\/v2\/comments?post=4"}],"version-history":[{"count":1,"href":"https:\/\/sisu.ut.ee\/hammaste-hooldus\/wp-json\/wp\/v2\/pages\/4\/revisions"}],"predecessor-version":[{"id":65,"href":"https:\/\/sisu.ut.ee\/hammaste-hooldus\/wp-json\/wp\/v2\/pages\/4\/revisions\/65"}],"wp:attachment":[{"href":"https:\/\/sisu.ut.ee\/hammaste-hooldus\/wp-json\/wp\/v2\/media?parent=4"}],"curies":[{"name":"wp","href":"https:\/\/api.w.org\/{rel}","templated":true}]}}