{"id":3,"date":"2024-04-04T07:15:26","date_gmt":"2024-04-04T04:15:26","guid":{"rendered":"https:\/\/sisu.ut.ee\/hammaste-hooldus\/avaleht\/"},"modified":"2024-04-15T15:38:44","modified_gmt":"2024-04-15T12:38:44","slug":"avaleht","status":"publish","type":"page","link":"https:\/\/sisu.ut.ee\/hammaste-hooldus\/","title":{"rendered":"Avaleht"},"content":{"rendered":"<p style=\"text-align: left;\"><strong>Autorid: Rita N\u00f5mmela, Mare Saag, Riina Runnel, Jana Olak<br>\n<\/strong><strong>T\u00dc stomatoloogia kliinik, 2011 (2021)<\/strong><\/p>\n<p>Teadmised hammaste hoolduse erip\u00e4ra kohta erinevatel eluperioodidel v\u00f5iksid olla igal inimesel, et hoolitseda enda ja oma l\u00e4hedaste eest.<\/p>\n<p>Lihtsustatud \u00fclevaade muutustest suu limaskestal v\u00f5i hammastel v\u00f5iks aidata inimestel j\u00f5uda kiiremini hambaarstile.<\/p>\n<p>V\u00e4iksemad mured \u2013 lihtsamad lahendused \u2013 v\u00e4ike arve hambaarsti poolt.<\/p>\n<p>Minikursuse (0,2 EAP) l\u00f5petanu:<\/p>\n<ul>\n<li>teab t\u00e4pselt, milliste hambaraviteenuiste eest tasub Eesti Haigekassa ja milliseid h\u00fcvitisi makstakse;<\/li>\n<li>teab hambahaiguste v\u00e4ltimise v\u00f5imalusi;<\/li>\n<li>teab rohkem hambaravi v\u00f5imalustest ja vajadustest eri eluperioodidel.<\/li>\n<\/ul>\n<h2><img loading=\"lazy\" decoding=\"async\" width=\"100\" height=\"99\" class=\"alignnone wp-image-14\" style=\"width: 51px; height: 50px; float: left;\" title=\"icon_reflection.png\" src=\"https:\/\/sisu.ut.ee\/wp-content\/uploads\/sites\/497\/icon_reflection.png\" alt=\"Smile\">Esimene m\u00f5tisklus ehk kui palju Teie hoolite oma hammastest.<\/h2>\n<ul>\n<li><strong>Mitu korda p\u00e4evas pesete hambaid?<\/strong><\/li>\n<li><strong>Mitu korda aastas k\u00e4ite hambaarsti vastuv\u00f5tul?<\/strong><\/li>\n<li><strong>Millal k\u00e4isite viimati hambaarsti vastuv\u00f5tul?<\/strong><\/li>\n<li><strong>Kas kardate hambaarsti vastuv\u00f5tule minna?<\/strong><\/li>\n<li><strong>Kas kasutate peale hambaharja ka muid suuhooldusvahendeid?<\/strong><\/li>\n<\/ul>\n<p>Kui Te ei osanud vastata m\u00f5nele k\u00fcsimusele siis on kasulik lugeda kursuse materjale. Kui teadsite k\u00f5iki vastuseid, siis uurige uudishimust, kas leiate uusi teadmisi.<\/p>\n","protected":false},"excerpt":{"rendered":"<p>Autorid: Rita N\u00f5mmela, Mare Saag, Riina Runnel, Jana Olak T\u00dc stomatoloogia kliinik, 2011 (2021) Teadmised hammaste hoolduse erip\u00e4ra kohta erinevatel eluperioodidel v\u00f5iksid olla igal inimesel, et hoolitseda enda ja oma l\u00e4hedaste eest. Lihtsustatud \u00fclevaade muutustest suu limaskestal v\u00f5i hammastel v\u00f5iks &#8230;<\/p>\n","protected":false},"author":2,"featured_media":0,"parent":0,"menu_order":0,"comment_status":"closed","ping_status":"closed","template":"","meta":{"_acf_changed":false,"inline_featured_image":false,"footnotes":""},"class_list":["post-3","page","type-page","status-publish","hentry"],"acf":[],"_links":{"self":[{"href":"https:\/\/sisu.ut.ee\/hammaste-hooldus\/wp-json\/wp\/v2\/pages\/3","targetHints":{"allow":["GET"]}}],"collection":[{"href":"https:\/\/sisu.ut.ee\/hammaste-hooldus\/wp-json\/wp\/v2\/pages"}],"about":[{"href":"https:\/\/sisu.ut.ee\/hammaste-hooldus\/wp-json\/wp\/v2\/types\/page"}],"author":[{"embeddable":true,"href":"https:\/\/sisu.ut.ee\/hammaste-hooldus\/wp-json\/wp\/v2\/users\/2"}],"replies":[{"embeddable":true,"href":"https:\/\/sisu.ut.ee\/hammaste-hooldus\/wp-json\/wp\/v2\/comments?post=3"}],"version-history":[{"count":2,"href":"https:\/\/sisu.ut.ee\/hammaste-hooldus\/wp-json\/wp\/v2\/pages\/3\/revisions"}],"predecessor-version":[{"id":72,"href":"https:\/\/sisu.ut.ee\/hammaste-hooldus\/wp-json\/wp\/v2\/pages\/3\/revisions\/72"}],"wp:attachment":[{"href":"https:\/\/sisu.ut.ee\/hammaste-hooldus\/wp-json\/wp\/v2\/media?parent=3"}],"curies":[{"name":"wp","href":"https:\/\/api.w.org\/{rel}","templated":true}]}}