{"id":10,"date":"2024-04-04T07:15:27","date_gmt":"2024-04-04T04:15:27","guid":{"rendered":"https:\/\/sisu.ut.ee\/hammaste-hooldus\/jaavhammaskonnaga-13-18-aastane-nooruk\/"},"modified":"2024-04-04T07:15:34","modified_gmt":"2024-04-04T04:15:34","slug":"jaavhammaskonnaga-13-18-aastane-nooruk","status":"publish","type":"page","link":"https:\/\/sisu.ut.ee\/hammaste-hooldus\/jaavhammaskonnaga-13-18-aastane-nooruk\/","title":{"rendered":"J\u00e4\u00e4vhammaskonnaga 13-18-aastane nooruk"},"content":{"rendered":"<p>\n\t<img loading=\"lazy\" decoding=\"async\" width=\"150\" height=\"150\" class=\"alignnone wp-image-34\" style=\"width: 150px;height: 150px;margin: 10px;float: right\" src=\"https:\/\/sisu.ut.ee\/wp-content\/uploads\/sites\/497\/noor_smile.png\" title=\"noor_smile.png\" alt=\"Smile\">Kindlasti vajab ka nooruk lastevanemate abi just meeldetuletuste n\u00e4ol: \u201eKas sa ikka k\u00e4isid hambaarsti juures? Kas sa ikka pesed hambaid?\u201d\n<\/p>\n<p>\n\tSageli soovitavad ortodondid alustada l\u00f5ikunud j\u00e4\u00e4vhammaste asendite korrigeerimist selles vanuseperioodis.\n<\/p>\n<p>\n\tM\u00f5istlik on arutleda koos noorukiga enne ravi alustamist j\u00e4rgmistel teemadel:\n<\/p>\n<ul>\n<li>\n\t\travi kestab pikka aega \u2013 keskmiselt kaks aastat pluss kinnitusperiood \u2013 kas nooruk on valmis seda t\u00f6\u00f6d ette v\u00f5tma;\n\t<\/li>\n<li>\n\t\tsageli on n\u00e4idustatud breketravi, mis takistab hammaste korrektset puhastamist \u2013 kas nooruk saab korrektse hambapesuga hakkama;\n\t<\/li>\n<li>\n\t\travi maksab palju (k\u00fcsige t\u00e4pselt ortodondilt) ja seet\u00f5ttu tekitaks ravi katkestamine otsest rahalist kahju. Kas olete valmis ravi eest tasuma n\u00fc\u00fcd v\u00f5i l\u00fckkate ravi alustamise edasi paremate aegade saabumiseni.\n\t<\/li>\n<\/ul>\n<p>\n\tKui otsus alustada ravi on nii Teil kui Teie lapsel kindel, siis k\u00fcsige hilisemate arusaamatuste v\u00e4ltimiseks ortodondi k\u00e4est t\u00e4pselt ravi maksumust, raviplaani, v\u00f5imalikke riske.\n<\/p>\n<p>\n\tLisaks uurige:\n<\/p>\n<ul>\n<li>\n\t\tHambavahede puhastamine \u2013 <a data-url=\"https:\/\/sisu.ut.ee\/hambad\/4-suu\u00f5\u00f5ne-h\u00fcgieen\" href=\"https:\/\/sisu.ut.ee\/hambad\/4-suu%C3%B5%C3%B5ne-h%C3%BCgieen\" target=\"_blank\" title=\"\" rel=\"noopener\">https:\/\/sisu.ut.ee\/hambad\/4-suu\u00f5\u00f5ne-h\u00fcgieen<\/a>\n\t<\/li>\n<li>\n\t\tIgeme p\u00f5letik ehk gingiviit \u2013 <a data-url=\"https:\/\/sisu.ut.ee\/hambad\/5-parodondi-haigused\" href=\"https:\/\/sisu.ut.ee\/hambad\/5-parodondi-haigused\" target=\"_blank\" title=\"\" rel=\"noopener\">https:\/\/sisu.ut.ee\/hambad\/5-parodondi-haigused<\/a>\n\t<\/li>\n<\/ul>\n","protected":false},"excerpt":{"rendered":"<p>Kindlasti vajab ka nooruk lastevanemate abi just meeldetuletuste n\u00e4ol: \u201eKas sa ikka k\u00e4isid hambaarsti juures? Kas sa ikka pesed hambaid?\u201d Sageli soovitavad ortodondid alustada l\u00f5ikunud j\u00e4\u00e4vhammaste asendite korrigeerimist selles vanuseperioodis. M\u00f5istlik on arutleda koos noorukiga enne ravi alustamist j\u00e4rgmistel teemadel: &#8230;<\/p>\n","protected":false},"author":2,"featured_media":0,"parent":0,"menu_order":0,"comment_status":"closed","ping_status":"closed","template":"","meta":{"_acf_changed":false,"inline_featured_image":false,"footnotes":""},"class_list":["post-10","page","type-page","status-publish","hentry"],"acf":[],"_links":{"self":[{"href":"https:\/\/sisu.ut.ee\/hammaste-hooldus\/wp-json\/wp\/v2\/pages\/10","targetHints":{"allow":["GET"]}}],"collection":[{"href":"https:\/\/sisu.ut.ee\/hammaste-hooldus\/wp-json\/wp\/v2\/pages"}],"about":[{"href":"https:\/\/sisu.ut.ee\/hammaste-hooldus\/wp-json\/wp\/v2\/types\/page"}],"author":[{"embeddable":true,"href":"https:\/\/sisu.ut.ee\/hammaste-hooldus\/wp-json\/wp\/v2\/users\/2"}],"replies":[{"embeddable":true,"href":"https:\/\/sisu.ut.ee\/hammaste-hooldus\/wp-json\/wp\/v2\/comments?post=10"}],"version-history":[{"count":1,"href":"https:\/\/sisu.ut.ee\/hammaste-hooldus\/wp-json\/wp\/v2\/pages\/10\/revisions"}],"predecessor-version":[{"id":60,"href":"https:\/\/sisu.ut.ee\/hammaste-hooldus\/wp-json\/wp\/v2\/pages\/10\/revisions\/60"}],"wp:attachment":[{"href":"https:\/\/sisu.ut.ee\/hammaste-hooldus\/wp-json\/wp\/v2\/media?parent=10"}],"curies":[{"name":"wp","href":"https:\/\/api.w.org\/{rel}","templated":true}]}}