{"id":9,"date":"2024-04-03T23:07:33","date_gmt":"2024-04-03T20:07:33","guid":{"rendered":"https:\/\/sisu.ut.ee\/hambumusanomaalia\/nina-kuju\/"},"modified":"2024-04-03T23:08:01","modified_gmt":"2024-04-03T20:08:01","slug":"nina-kuju","status":"publish","type":"page","link":"https:\/\/sisu.ut.ee\/hambumusanomaalia\/nina-kuju\/","title":{"rendered":"Nina kuju"},"content":{"rendered":"<p>Uurides patsiendi, eriti lapse n\u00e4o kuju, vaadatakse ka <strong style=\"line-height: 1.6em\">nina kuju<\/strong>. Nina parem ja vasem s\u00f5\u00f5re on tavaliselt sarnased. Kui aga ei ole, siis v\u00f5ib olla tegemist nina k\u00f5verusega, mis takistab hingamist. J\u00e4rgmisel joonisel on n\u00e4ha vasemal s\u00fcmmeetriliste s\u00f5\u00f5rmetega ja paremal \u00fche l\u00e4bimatu s\u00f5\u00f5rmega nina.<\/p>\n<p style=\"text-align: center\"><img loading=\"lazy\" decoding=\"async\" width=\"212\" height=\"229\" class=\"alignnone wp-image-35\" style=\"margin-left: auto;margin-right: auto\" src=\"https:\/\/sisu.ut.ee\/wp-content\/uploads\/sites\/9\/vv15.png\" title=\"vv15.png\" alt=\"vv15.png\"><\/p>\n<p style=\"text-align: center\"><em>Joonis: Aide Eendra<\/em><\/p>\n<p>Nina kuju v\u00f5ib olla v\u00e4ga mitmesugune ja see annab n\u00e4ole omap\u00e4rase ilme, midagi patoloogilist seal pole seni, kuni inimene seda ise muuta ei taha. J\u00e4rgmisel joonisel on toredad ninad: sirge, kongus.\u00a0K\u00f5ver nina pole ilus, see raskendab ka hingamist.<\/p>\n<p><img loading=\"lazy\" decoding=\"async\" width=\"595\" height=\"468\" class=\"alignnone wp-image-36\" style=\"margin-left: auto;margin-right: auto\" src=\"https:\/\/sisu.ut.ee\/wp-content\/uploads\/sites\/9\/vv16.png\" title=\"vv16.png\" alt=\"vv16.png\" srcset=\"https:\/\/sisu.ut.ee\/wp-content\/uploads\/sites\/9\/vv16.png 595w, https:\/\/sisu.ut.ee\/wp-content\/uploads\/sites\/9\/vv16-300x236.png 300w\" sizes=\"auto, (max-width: 595px) 100vw, 595px\"><\/p>\n<p style=\"text-align: center\"><em><a href=\"http:\/\/www.penciljack.com\" target=\"_blank\" rel=\"noopener\">http:\/\/www.penciljack.com<\/a><a href=\"http:\/\/www.penciljack.com\/forum\/showthread.php?89085-Nose-profiles\"><\/a><\/em><\/p>\n","protected":false},"excerpt":{"rendered":"<p>Uurides patsiendi, eriti lapse n\u00e4o kuju, vaadatakse ka nina kuju. Nina parem ja vasem s\u00f5\u00f5re on tavaliselt sarnased. Kui aga ei ole, siis v\u00f5ib olla tegemist nina k\u00f5verusega, mis takistab hingamist. J\u00e4rgmisel joonisel on n\u00e4ha vasemal s\u00fcmmeetriliste s\u00f5\u00f5rmetega ja paremal &#8230;<\/p>\n","protected":false},"author":2,"featured_media":0,"parent":0,"menu_order":0,"comment_status":"closed","ping_status":"closed","template":"","meta":{"_acf_changed":false,"inline_featured_image":false,"footnotes":""},"class_list":["post-9","page","type-page","status-publish","hentry"],"acf":[],"_links":{"self":[{"href":"https:\/\/sisu.ut.ee\/hambumusanomaalia\/wp-json\/wp\/v2\/pages\/9","targetHints":{"allow":["GET"]}}],"collection":[{"href":"https:\/\/sisu.ut.ee\/hambumusanomaalia\/wp-json\/wp\/v2\/pages"}],"about":[{"href":"https:\/\/sisu.ut.ee\/hambumusanomaalia\/wp-json\/wp\/v2\/types\/page"}],"author":[{"embeddable":true,"href":"https:\/\/sisu.ut.ee\/hambumusanomaalia\/wp-json\/wp\/v2\/users\/2"}],"replies":[{"embeddable":true,"href":"https:\/\/sisu.ut.ee\/hambumusanomaalia\/wp-json\/wp\/v2\/comments?post=9"}],"version-history":[{"count":1,"href":"https:\/\/sisu.ut.ee\/hambumusanomaalia\/wp-json\/wp\/v2\/pages\/9\/revisions"}],"predecessor-version":[{"id":155,"href":"https:\/\/sisu.ut.ee\/hambumusanomaalia\/wp-json\/wp\/v2\/pages\/9\/revisions\/155"}],"wp:attachment":[{"href":"https:\/\/sisu.ut.ee\/hambumusanomaalia\/wp-json\/wp\/v2\/media?parent=9"}],"curies":[{"name":"wp","href":"https:\/\/api.w.org\/{rel}","templated":true}]}}