{"id":8,"date":"2024-04-03T23:07:33","date_gmt":"2024-04-03T20:07:33","guid":{"rendered":"https:\/\/sisu.ut.ee\/hambumusanomaalia\/parema-ja-vasaku-poole-summeetria\/"},"modified":"2024-04-03T23:08:01","modified_gmt":"2024-04-03T20:08:01","slug":"parema-ja-vasaku-poole-summeetria","status":"publish","type":"page","link":"https:\/\/sisu.ut.ee\/hambumusanomaalia\/parema-ja-vasaku-poole-summeetria\/","title":{"rendered":"Parema ja vasaku poole s\u00fcmmeetria"},"content":{"rendered":"<p>N\u00e4o proportsionaalsust hinnatakse ka <strong style=\"line-height: 1.6em\">n\u00e4o paremat ja vasakut poolt v\u00f5rreldes<\/strong>. Normaalseks peetakse, kui parem ja vasak n\u00e4opool on sarnased. J\u00e4rgmisel joonisel on n\u00e4ha alal\u00f5ua parema ja vasaku poole erinevusest p\u00f5hjustatud as\u00fcmmeetria.<\/p>\n<p><img loading=\"lazy\" decoding=\"async\" width=\"218\" height=\"342\" class=\"alignnone wp-image-33\" style=\"margin-left: auto;margin-right: auto\" src=\"https:\/\/sisu.ut.ee\/wp-content\/uploads\/sites\/9\/vv13.png\" title=\"vv13.png\" alt=\"vv13.png\" srcset=\"https:\/\/sisu.ut.ee\/wp-content\/uploads\/sites\/9\/vv13.png 218w, https:\/\/sisu.ut.ee\/wp-content\/uploads\/sites\/9\/vv13-191x300.png 191w\" sizes=\"auto, (max-width: 218px) 100vw, 218px\"><\/p>\n<p style=\"text-align: center\"><em>Joonis: Aide Eendra<\/em><\/p>\n<p><img loading=\"lazy\" decoding=\"async\" width=\"291\" height=\"124\" class=\"alignnone wp-image-34\" style=\"margin-left: auto;margin-right: auto\" src=\"https:\/\/sisu.ut.ee\/wp-content\/uploads\/sites\/9\/vv14.png\" title=\"vv14.png\" alt=\"vv14.png\"><\/p>\n<p style=\"text-align: center\"><em><a href=\"http:\/\/kiku.hambaarst.ee\/robot\/84\/nao-asymmeetria\" target=\"_blank\" rel=\"noopener\">http:\/\/kiku.hambaarst.ee\/robot\/84\/nao-asymmeetria<\/a><\/em><\/p>\n<p>Olge ettevaatlikud ja \u00e4rge ehmatage patsiente \u00e4kilise h\u00fc\u00fcdega: \u201cTeie n\u00e4o parem ja vasem pool on erinevad!\u201d. Tegelikult meie keha ei olegi ideaalselt s\u00fcmmeetriline, m\u00f5nel paistab see veidi rohkem v\u00e4lja.<\/p>\n","protected":false},"excerpt":{"rendered":"<p>N\u00e4o proportsionaalsust hinnatakse ka n\u00e4o paremat ja vasakut poolt v\u00f5rreldes. Normaalseks peetakse, kui parem ja vasak n\u00e4opool on sarnased. J\u00e4rgmisel joonisel on n\u00e4ha alal\u00f5ua parema ja vasaku poole erinevusest p\u00f5hjustatud as\u00fcmmeetria. Joonis: Aide Eendra http:\/\/kiku.hambaarst.ee\/robot\/84\/nao-asymmeetria Olge ettevaatlikud ja \u00e4rge ehmatage &#8230;<\/p>\n","protected":false},"author":2,"featured_media":0,"parent":0,"menu_order":0,"comment_status":"closed","ping_status":"closed","template":"","meta":{"_acf_changed":false,"inline_featured_image":false,"footnotes":""},"class_list":["post-8","page","type-page","status-publish","hentry"],"acf":[],"_links":{"self":[{"href":"https:\/\/sisu.ut.ee\/hambumusanomaalia\/wp-json\/wp\/v2\/pages\/8","targetHints":{"allow":["GET"]}}],"collection":[{"href":"https:\/\/sisu.ut.ee\/hambumusanomaalia\/wp-json\/wp\/v2\/pages"}],"about":[{"href":"https:\/\/sisu.ut.ee\/hambumusanomaalia\/wp-json\/wp\/v2\/types\/page"}],"author":[{"embeddable":true,"href":"https:\/\/sisu.ut.ee\/hambumusanomaalia\/wp-json\/wp\/v2\/users\/2"}],"replies":[{"embeddable":true,"href":"https:\/\/sisu.ut.ee\/hambumusanomaalia\/wp-json\/wp\/v2\/comments?post=8"}],"version-history":[{"count":1,"href":"https:\/\/sisu.ut.ee\/hambumusanomaalia\/wp-json\/wp\/v2\/pages\/8\/revisions"}],"predecessor-version":[{"id":156,"href":"https:\/\/sisu.ut.ee\/hambumusanomaalia\/wp-json\/wp\/v2\/pages\/8\/revisions\/156"}],"wp:attachment":[{"href":"https:\/\/sisu.ut.ee\/hambumusanomaalia\/wp-json\/wp\/v2\/media?parent=8"}],"curies":[{"name":"wp","href":"https:\/\/api.w.org\/{rel}","templated":true}]}}