{"id":7,"date":"2024-04-03T23:07:33","date_gmt":"2024-04-03T20:07:33","guid":{"rendered":"https:\/\/sisu.ut.ee\/hambumusanomaalia\/nao-alumine-kolmandik\/"},"modified":"2024-04-03T23:08:01","modified_gmt":"2024-04-03T20:08:01","slug":"nao-alumine-kolmandik","status":"publish","type":"page","link":"https:\/\/sisu.ut.ee\/hambumusanomaalia\/nao-alumine-kolmandik\/","title":{"rendered":"N\u00e4o alumine kolmandik"},"content":{"rendered":"<p>N\u00e4o alumist kolmandikku anal\u00fc\u00fcsitakse eraldi, nagu on n\u00e4idatud j\u00e4rgmisel joonisel. <strong style=\"line-height: 1.6em\"><br><\/strong><\/p>\n<p><img loading=\"lazy\" decoding=\"async\" width=\"294\" height=\"334\" class=\"alignnone wp-image-32\" style=\"margin-left: auto;margin-right: auto\" src=\"https:\/\/sisu.ut.ee\/wp-content\/uploads\/sites\/9\/vv8b.png\" title=\"vv8b.png\" alt=\"vv8b.png\" srcset=\"https:\/\/sisu.ut.ee\/wp-content\/uploads\/sites\/9\/vv8b.png 294w, https:\/\/sisu.ut.ee\/wp-content\/uploads\/sites\/9\/vv8b-264x300.png 264w\" sizes=\"auto, (max-width: 294px) 100vw, 294px\"><\/p>\n<p style=\"text-align: center\"><em><a href=\"http:\/\/www.scritube.com\" target=\"_blank\" rel=\"noopener\">http:\/\/www.scritube.com<\/a><\/em><strong><\/strong><\/p>\n\n<p>K\u00f5ige enam v\u00f5ib muutuda n\u00e4o alumise kolmandiku k\u00f5rgus ja mis on \u00a0p\u00f5hjustatud l\u00f5ualuude kasvu ise\u00e4rasustest.<\/p>\n<p>N\u00e4o alumise kolmandiku k\u00f5rgus v\u00f5ib olla pikenenud v\u00f5i madalam.<\/p>\n","protected":false},"excerpt":{"rendered":"<p>N\u00e4o alumist kolmandikku anal\u00fc\u00fcsitakse eraldi, nagu on n\u00e4idatud j\u00e4rgmisel joonisel. http:\/\/www.scritube.com K\u00f5ige enam v\u00f5ib muutuda n\u00e4o alumise kolmandiku k\u00f5rgus ja mis on \u00a0p\u00f5hjustatud l\u00f5ualuude kasvu ise\u00e4rasustest. N\u00e4o alumise kolmandiku k\u00f5rgus v\u00f5ib olla pikenenud v\u00f5i madalam.<\/p>\n","protected":false},"author":2,"featured_media":0,"parent":0,"menu_order":0,"comment_status":"closed","ping_status":"closed","template":"","meta":{"_acf_changed":false,"inline_featured_image":false,"footnotes":""},"class_list":["post-7","page","type-page","status-publish","hentry"],"acf":[],"_links":{"self":[{"href":"https:\/\/sisu.ut.ee\/hambumusanomaalia\/wp-json\/wp\/v2\/pages\/7","targetHints":{"allow":["GET"]}}],"collection":[{"href":"https:\/\/sisu.ut.ee\/hambumusanomaalia\/wp-json\/wp\/v2\/pages"}],"about":[{"href":"https:\/\/sisu.ut.ee\/hambumusanomaalia\/wp-json\/wp\/v2\/types\/page"}],"author":[{"embeddable":true,"href":"https:\/\/sisu.ut.ee\/hambumusanomaalia\/wp-json\/wp\/v2\/users\/2"}],"replies":[{"embeddable":true,"href":"https:\/\/sisu.ut.ee\/hambumusanomaalia\/wp-json\/wp\/v2\/comments?post=7"}],"version-history":[{"count":1,"href":"https:\/\/sisu.ut.ee\/hambumusanomaalia\/wp-json\/wp\/v2\/pages\/7\/revisions"}],"predecessor-version":[{"id":157,"href":"https:\/\/sisu.ut.ee\/hambumusanomaalia\/wp-json\/wp\/v2\/pages\/7\/revisions\/157"}],"wp:attachment":[{"href":"https:\/\/sisu.ut.ee\/hambumusanomaalia\/wp-json\/wp\/v2\/media?parent=7"}],"curies":[{"name":"wp","href":"https:\/\/api.w.org\/{rel}","templated":true}]}}