{"id":3,"date":"2024-04-03T23:07:33","date_gmt":"2024-04-03T20:07:33","guid":{"rendered":"https:\/\/sisu.ut.ee\/hambumusanomaalia\/nao-kuju-maaramine\/"},"modified":"2024-04-03T23:08:01","modified_gmt":"2024-04-03T20:08:01","slug":"nao-kuju-maaramine","status":"publish","type":"page","link":"https:\/\/sisu.ut.ee\/hambumusanomaalia\/nao-kuju-maaramine\/","title":{"rendered":"N\u00e4o kuju m\u00e4\u00e4ramine"},"content":{"rendered":"<p>Inimeste n\u00e4o kujud on v\u00e4ga erinevad nagu j\u00e4rgneval joonisel.<\/p>\n<p><img loading=\"lazy\" decoding=\"async\" width=\"249\" height=\"335\" class=\"alignnone wp-image-23\" style=\"margin-left: auto;margin-right: auto\" src=\"https:\/\/sisu.ut.ee\/wp-content\/uploads\/sites\/9\/vv1.png\" title=\"vv1.png\" alt=\"vv1.png\" srcset=\"https:\/\/sisu.ut.ee\/wp-content\/uploads\/sites\/9\/vv1.png 249w, https:\/\/sisu.ut.ee\/wp-content\/uploads\/sites\/9\/vv1-223x300.png 223w\" sizes=\"auto, (max-width: 249px) 100vw, 249px\"><\/p>\n<p style=\"text-align: center\"><em><a href=\"http:\/\/hubpages.com\" target=\"_blank\" rel=\"noopener\">http:\/\/hubpages.com<\/a><a href=\"http:\/\/hubpages.com\/hub\/Chinese-Art-of-Face-Reading\"><\/a><\/em><\/p>\n<p>N\u00e4o kuju on seotud l\u00f5ualuude kuju ja suurusega, viimane on seotud hambakaare kuju ja suurusega. J\u00e4rgmisel joonisel on eelmiste laste hambakaarte erisugused kujud. Erinevate n\u00e4okujudega laste l\u00f5ualuud ka kasvavad erinevalt ja seda ortodont ka arvestab.<\/p>\n","protected":false},"excerpt":{"rendered":"<p>Inimeste n\u00e4o kujud on v\u00e4ga erinevad nagu j\u00e4rgneval joonisel. http:\/\/hubpages.com N\u00e4o kuju on seotud l\u00f5ualuude kuju ja suurusega, viimane on seotud hambakaare kuju ja suurusega. J\u00e4rgmisel joonisel on eelmiste laste hambakaarte erisugused kujud. Erinevate n\u00e4okujudega laste l\u00f5ualuud ka kasvavad erinevalt &#8230;<\/p>\n","protected":false},"author":2,"featured_media":0,"parent":0,"menu_order":0,"comment_status":"closed","ping_status":"closed","template":"","meta":{"_acf_changed":false,"inline_featured_image":false,"footnotes":""},"class_list":["post-3","page","type-page","status-publish","hentry"],"acf":[],"_links":{"self":[{"href":"https:\/\/sisu.ut.ee\/hambumusanomaalia\/wp-json\/wp\/v2\/pages\/3","targetHints":{"allow":["GET"]}}],"collection":[{"href":"https:\/\/sisu.ut.ee\/hambumusanomaalia\/wp-json\/wp\/v2\/pages"}],"about":[{"href":"https:\/\/sisu.ut.ee\/hambumusanomaalia\/wp-json\/wp\/v2\/types\/page"}],"author":[{"embeddable":true,"href":"https:\/\/sisu.ut.ee\/hambumusanomaalia\/wp-json\/wp\/v2\/users\/2"}],"replies":[{"embeddable":true,"href":"https:\/\/sisu.ut.ee\/hambumusanomaalia\/wp-json\/wp\/v2\/comments?post=3"}],"version-history":[{"count":1,"href":"https:\/\/sisu.ut.ee\/hambumusanomaalia\/wp-json\/wp\/v2\/pages\/3\/revisions"}],"predecessor-version":[{"id":161,"href":"https:\/\/sisu.ut.ee\/hambumusanomaalia\/wp-json\/wp\/v2\/pages\/3\/revisions\/161"}],"wp:attachment":[{"href":"https:\/\/sisu.ut.ee\/hambumusanomaalia\/wp-json\/wp\/v2\/media?parent=3"}],"curies":[{"name":"wp","href":"https:\/\/api.w.org\/{rel}","templated":true}]}}