{"id":22,"date":"2024-04-03T23:07:34","date_gmt":"2024-04-03T20:07:34","guid":{"rendered":"https:\/\/sisu.ut.ee\/hambumusanomaalia\/avaleht\/"},"modified":"2024-04-05T16:45:52","modified_gmt":"2024-04-05T13:45:52","slug":"avaleht","status":"publish","type":"page","link":"https:\/\/sisu.ut.ee\/hambumusanomaalia\/","title":{"rendered":"Avaleht"},"content":{"rendered":"<p style=\"text-align: left;\">Autorid: ortodontia\u00f5ppej\u00f5ud Rita N\u00f5mmela, Triin Jagom\u00e4gi<br>Tartu \u00dclikool, stomatoloogia kliinik<br>Videod: Jaanus Jagom\u00e4gi<\/p>\n<p>\u00d5piobjekt sisaldab k\u00f5ige olulisemat teavet, mida on vaja teada v\u00f5i meelde j\u00e4tta, et olla edaspidi edukas.\u00a0\u00a0\u00d5piobjektis olevad\u00a0videoklipid n\u00e4itavad hambaarstiks \u00f5ppivatele \u00fcli\u00f5pilastele hambumuse m\u00e4\u00e4ramist erinevates vanuseperioodides.\u00a0Siin pakutavaid teadmisi saate rakendada \u00f5pingute ajal ja ka hiljem, t\u00f6\u00f6tades juba iseseisvalt hambaarstina.\u00a0Materjalide koostamisel on arvestatud hambaarstide vajadusi.<\/p>\n<p>Materjalid on m\u00f5eldud \u00f5ppeaine \u201cOrtodontia\u201d toetamiseks ja iseseisvaks omandamiseks. Testi sooritamine aitab omandatud teadmisi kinnistada.\u00a0Materjale omandama hakates on sihip\u00e4rane lugeda\u00a0 eelk\u00f5ige teemade pealkirju, nii on v\u00f5imalik koostada endale sobilik teemade l\u00e4bimise j\u00e4rjestus. \u00d5piobjekti l\u00e4bimiseks kulub ligikaudu 4 akadeemilist tundi.<\/p>\n<p>Tuletage meelde, kas olete hambumust m\u00e4\u00e4ranud erinevates vanuseperioodides patsientidel. Kui ei ole, ja praktikumid veel kestavad, siis p\u00f6\u00f6rduge \u00f5ppej\u00f5u poole sooviga neid patsiente v\u00f5imalusel ise n\u00e4ha. Kui midagi j\u00e4i ikkagi segaseks, siis k\u00fcsige alati \u00f5ppej\u00f5u k\u00e4est, mis teid huvitab.\u00a0<\/p>\n<p><img loading=\"lazy\" decoding=\"async\" width=\"461\" height=\"110\" class=\"alignnone wp-image-84 aligncenter\" style=\"margin-left: auto; margin-right: auto;\" title=\"best_esf.png\" src=\"https:\/\/sisu.ut.ee\/wp-content\/uploads\/sites\/9\/best_esf.png\" alt=\"best_esf.png\" srcset=\"https:\/\/sisu.ut.ee\/wp-content\/uploads\/sites\/9\/best_esf.png 461w, https:\/\/sisu.ut.ee\/wp-content\/uploads\/sites\/9\/best_esf-300x72.png 300w\" sizes=\"auto, (max-width: 461px) 100vw, 461px\"><\/p>\n\n\n<p class=\"has-extra-small-font-size\">K\u00e4esolev \u00f5piobjekt on autorikaitse all vastavalt Eesti Vabariigi autori\u00f5iguse seadusele. \u00d5piobjekti varalised \u00f5igused kuuluvad Tartu \u00dclikoolile. \u00d5piobjekti on lubatud reprodutseerida, levitada ja avalikult esitada ainult \u00f5piotstarbel kui tervikut, va refereerimine ja tsiteerimine motiveeritud mahus. \u00d5piobjekti ei ole lubatud kasutada kommertseesm\u00e4rgil. \u00d5piobjekti igakordsel kasutamisel on kasutaja kohustatud viitama \u00f5piobjekti autorile. \u00d5piobjekti pole lubatud muuta ega t\u00e4iendada.<\/p>\n","protected":false},"excerpt":{"rendered":"<p>Autorid: ortodontia\u00f5ppej\u00f5ud Rita N\u00f5mmela, Triin Jagom\u00e4giTartu \u00dclikool, stomatoloogia kliinikVideod: Jaanus Jagom\u00e4gi \u00d5piobjekt sisaldab k\u00f5ige olulisemat teavet, mida on vaja teada v\u00f5i meelde j\u00e4tta, et olla edaspidi edukas.\u00a0\u00a0\u00d5piobjektis olevad\u00a0videoklipid n\u00e4itavad hambaarstiks \u00f5ppivatele \u00fcli\u00f5pilastele hambumuse m\u00e4\u00e4ramist erinevates vanuseperioodides.\u00a0Siin pakutavaid teadmisi saate rakendada &#8230;<\/p>\n","protected":false},"author":2,"featured_media":0,"parent":0,"menu_order":0,"comment_status":"closed","ping_status":"closed","template":"","meta":{"_acf_changed":false,"inline_featured_image":false,"footnotes":""},"class_list":["post-22","page","type-page","status-publish","hentry"],"acf":[],"_links":{"self":[{"href":"https:\/\/sisu.ut.ee\/hambumusanomaalia\/wp-json\/wp\/v2\/pages\/22","targetHints":{"allow":["GET"]}}],"collection":[{"href":"https:\/\/sisu.ut.ee\/hambumusanomaalia\/wp-json\/wp\/v2\/pages"}],"about":[{"href":"https:\/\/sisu.ut.ee\/hambumusanomaalia\/wp-json\/wp\/v2\/types\/page"}],"author":[{"embeddable":true,"href":"https:\/\/sisu.ut.ee\/hambumusanomaalia\/wp-json\/wp\/v2\/users\/2"}],"replies":[{"embeddable":true,"href":"https:\/\/sisu.ut.ee\/hambumusanomaalia\/wp-json\/wp\/v2\/comments?post=22"}],"version-history":[{"count":3,"href":"https:\/\/sisu.ut.ee\/hambumusanomaalia\/wp-json\/wp\/v2\/pages\/22\/revisions"}],"predecessor-version":[{"id":168,"href":"https:\/\/sisu.ut.ee\/hambumusanomaalia\/wp-json\/wp\/v2\/pages\/22\/revisions\/168"}],"wp:attachment":[{"href":"https:\/\/sisu.ut.ee\/hambumusanomaalia\/wp-json\/wp\/v2\/media?parent=22"}],"curies":[{"name":"wp","href":"https:\/\/api.w.org\/{rel}","templated":true}]}}