{"id":21,"date":"2024-04-03T23:07:34","date_gmt":"2024-04-03T20:07:34","guid":{"rendered":"https:\/\/sisu.ut.ee\/hambumusanomaalia\/hambumusanomaaliad\/"},"modified":"2024-04-03T23:08:01","modified_gmt":"2024-04-03T20:08:01","slug":"hambumusanomaaliad","status":"publish","type":"page","link":"https:\/\/sisu.ut.ee\/hambumusanomaalia\/hambumusanomaaliad\/","title":{"rendered":"Hambumusanomaaliad"},"content":{"rendered":"<p>Hambumust m\u00e4\u00e4ratakse kolmes erinevas tasapinnas: sagitaalses, vertikaalses ja transversaalses. Ka hambumusanomaaliad esinevad nendes kolmes tasapinnas.<\/p>\n<p>Angle\u00b4i klassifikatsioon, mida kasutatakse ka t\u00e4nap\u00e4eval, kirjeldab ainult sagitaaltasapinna hambumusanomaaliaid. Teistes tasapindades esinevaid anomaaliaid kirjeldatakse s\u00f5nutsi.<\/p>\n<p><strong>Angle\u00b4i I klassi anomaalia<\/strong> on patsiendil siis, kui molaarid ja kaniinid on normaalses asendis, kuid \u00fcksik hammas on valeasendis.\u00a0<\/p>\n<p><img loading=\"lazy\" decoding=\"async\" width=\"400\" height=\"265\" class=\"alignnone wp-image-69\" style=\"margin-left: auto;margin-right: auto\" src=\"https:\/\/sisu.ut.ee\/wp-content\/uploads\/sites\/9\/ha1.png\" title=\"ha1.png\" alt=\"ha1.png\" srcset=\"https:\/\/sisu.ut.ee\/wp-content\/uploads\/sites\/9\/ha1.png 400w, https:\/\/sisu.ut.ee\/wp-content\/uploads\/sites\/9\/ha1-300x199.png 300w\" sizes=\"auto, (max-width: 400px) 100vw, 400px\"><\/p>\n<p style=\"text-align: center\"><em>Mare Saag, erakogu<\/em><\/p>\n<p style=\"text-align: center\"><img loading=\"lazy\" decoding=\"async\" width=\"400\" height=\"266\" class=\"alignnone wp-image-70\" src=\"https:\/\/sisu.ut.ee\/wp-content\/uploads\/sites\/9\/ha2.png\" title=\"ha2.png\" alt=\"ha2.png\" srcset=\"https:\/\/sisu.ut.ee\/wp-content\/uploads\/sites\/9\/ha2.png 400w, https:\/\/sisu.ut.ee\/wp-content\/uploads\/sites\/9\/ha2-300x200.png 300w\" sizes=\"auto, (max-width: 400px) 100vw, 400px\"><\/p>\n<p style=\"text-align: center\"><em>Mare Saag, erakogu<\/em><\/p>\n<h2>Sagitaaltasapinna hambumusanomaaliad<\/h2>\n<p><strong>Angle\u00b4i II-1<\/strong> hambumusanomaalia \u2013 suus on n\u00e4ha, et \u00fclemine j\u00e4\u00e4vmolaar on ettepoole alumise esimese j\u00e4\u00e4vmolaari suhtes, \u00fclemine kaniin ettepoole alumise suhtes ja fronthammaste piirkonnas on sagitaalne lahi.\u00a0<\/p>\n<p><img loading=\"lazy\" decoding=\"async\" width=\"400\" height=\"243\" class=\"alignnone wp-image-71\" style=\"margin-left: auto;margin-right: auto\" src=\"https:\/\/sisu.ut.ee\/wp-content\/uploads\/sites\/9\/ha3.png\" title=\"ha3.png\" alt=\"ha3.png\" srcset=\"https:\/\/sisu.ut.ee\/wp-content\/uploads\/sites\/9\/ha3.png 400w, https:\/\/sisu.ut.ee\/wp-content\/uploads\/sites\/9\/ha3-300x182.png 300w\" sizes=\"auto, (max-width: 400px) 100vw, 400px\"><\/p>\n<p style=\"text-align: center\"><em>Joonis: Aide Eendra<\/em><\/p>\n<p style=\"text-align: center\"><img loading=\"lazy\" decoding=\"async\" width=\"600\" height=\"172\" class=\"alignnone wp-image-72\" src=\"https:\/\/sisu.ut.ee\/wp-content\/uploads\/sites\/9\/ha4.png\" title=\"ha4.png\" alt=\"ha4.png\" srcset=\"https:\/\/sisu.ut.ee\/wp-content\/uploads\/sites\/9\/ha4.png 600w, https:\/\/sisu.ut.ee\/wp-content\/uploads\/sites\/9\/ha4-300x86.png 300w\" sizes=\"auto, (max-width: 600px) 100vw, 600px\"><\/p>\n<p style=\"text-align: center\"><em><a style=\"line-height: 1.6em\" href=\"http:\/\/kiku.hambaarst.ee\/robot\/89\/turritavad-ylemised-loikehambad\" target=\"_blank\" rel=\"noopener\">http:\/\/kiku.hambaarst.ee\/robot\/89\/turritavad-ylemised-loikehambad<\/a><\/em><\/p>\n<p>Aga mida kirjutada diagnoosiks siis, kui patsiendil on molaaride ja kaniinide asend normile iseloomulik, kuid fronthammaste piirkonnas on sagitaalne lahi. Siis on diagnoosiks Angle\u00b4i I klass, sagitaalne lahi nii ja nii mitu millimeetrit. Sagitaalse lahi suurus m\u00f5\u00f5detakse joonlauaga millimeetrites ja m\u00e4rgitakse ravikaardile.<\/p>\n<p>Angle II-2 \u2013 nimetatakse ka s\u00fcgavaks blokeerivaks hambumuseks \u2013 molaaride ja kaniinide asend sarnaneb eelkirjeldatud hambumuse puhusega, kuid fronthammaste piirkonnas on n\u00e4ha \u00fclemiste intsisiivide tugev oraalne kalle.\u00a0<\/p>\n<p><img loading=\"lazy\" decoding=\"async\" width=\"400\" height=\"236\" class=\"alignnone wp-image-73\" style=\"margin-left: auto;margin-right: auto\" src=\"https:\/\/sisu.ut.ee\/wp-content\/uploads\/sites\/9\/ha5.png\" title=\"ha5.png\" alt=\"ha5.png\" srcset=\"https:\/\/sisu.ut.ee\/wp-content\/uploads\/sites\/9\/ha5.png 400w, https:\/\/sisu.ut.ee\/wp-content\/uploads\/sites\/9\/ha5-300x177.png 300w\" sizes=\"auto, (max-width: 400px) 100vw, 400px\"><\/p>\n<p style=\"text-align: center\"><em>Joonis: Aide Eendra<\/em><\/p>\n<p style=\"text-align: center\"><em style=\"line-height: 1.6em\"><img loading=\"lazy\" decoding=\"async\" width=\"400\" height=\"226\" class=\"alignnone wp-image-81\" src=\"https:\/\/sisu.ut.ee\/wp-content\/uploads\/sites\/9\/aii2_kor.jpg\" title=\"aii2_kor.jpg\" alt=\"AII 2 hambumusanomaalia\" srcset=\"https:\/\/sisu.ut.ee\/wp-content\/uploads\/sites\/9\/aii2_kor.jpg 400w, https:\/\/sisu.ut.ee\/wp-content\/uploads\/sites\/9\/aii2_kor-300x170.jpg 300w\" sizes=\"auto, (max-width: 400px) 100vw, 400px\"><\/em><\/p>\n<p style=\"text-align: center\"><em><em>Triin Jagom\u00e4gi, erakogu<\/em><\/em><\/p>\n<p>Angle\u2019i III klassi hambumusanomaalia \u2013 \u00fclemine j\u00e4\u00e4vmolaar on tagapool alumist ja \u00fclemine kaniin on tagapool alumist, fronthammaste piirkonna alumised intsisiivid on eespool \u00fclemisi, v\u00f5ib esineda ka negatiivne sagitaalne lahi.\u00a0<\/p>\n<p><img loading=\"lazy\" decoding=\"async\" width=\"400\" height=\"225\" class=\"alignnone wp-image-74\" style=\"margin-left: auto;margin-right: auto\" src=\"https:\/\/sisu.ut.ee\/wp-content\/uploads\/sites\/9\/ha7.png\" title=\"ha7.png\" alt=\"ha7.png\" srcset=\"https:\/\/sisu.ut.ee\/wp-content\/uploads\/sites\/9\/ha7.png 400w, https:\/\/sisu.ut.ee\/wp-content\/uploads\/sites\/9\/ha7-300x169.png 300w\" sizes=\"auto, (max-width: 400px) 100vw, 400px\"><\/p>\n<p style=\"text-align: center\"><em>Joonis: Aide Eendra<\/em><\/p>\n<p style=\"text-align: center\"><em style=\"line-height: 1.6em\"><a href=\"http:\/\/aryabrahmanta.blogspot.com\" target=\"_blank\" rel=\"noopener\"><img loading=\"lazy\" decoding=\"async\" width=\"399\" height=\"232\" class=\"alignnone wp-image-82\" src=\"https:\/\/sisu.ut.ee\/wp-content\/uploads\/sites\/9\/aiii.jpg\" title=\"aiii.jpg\" alt=\"AIII\" srcset=\"https:\/\/sisu.ut.ee\/wp-content\/uploads\/sites\/9\/aiii.jpg 399w, https:\/\/sisu.ut.ee\/wp-content\/uploads\/sites\/9\/aiii-300x174.jpg 300w\" sizes=\"auto, (max-width: 399px) 100vw, 399px\"><\/a><\/em><\/p>\n<p style=\"text-align: center\"><em><em>Triin Jagom\u00e4gi, erakogu<\/em><\/em><\/p>\n<p>Aga mida kirjutada diagnoosiks, kui molaaride ja kaniinide vahekord on normile iseloomulik, kui fronthammaste piirkonnas on intsisiividel vastupidine vahekord. Siis kirjutatakse Angle\u2019i I klass, eesmine risthambumus v\u00f5i \u00fclemiste hammaste palatinaalne asend v\u00f5i alumiste hammaste labiaalne asend, kui saate m\u00e4\u00e4rata, milliste hammaste asend on muutunud.<\/p>\n<h2>Transversaaltasapinna hambumusanomaaliad<\/h2>\n<p><strong>Risthambumus<\/strong> \u2013 k\u00fclgmiste hammaste piirkonnas on alumine hambakaar \u00fclemisest laiem, m\u00e4rkida kindlasti, milliste hammaste piirkonnas.<\/p>\n<p><img loading=\"lazy\" decoding=\"async\" width=\"400\" height=\"243\" class=\"alignnone wp-image-75\" style=\"margin-left: auto;margin-right: auto\" src=\"https:\/\/sisu.ut.ee\/wp-content\/uploads\/sites\/9\/ha9.png\" title=\"ha9.png\" alt=\"ha9.png\" srcset=\"https:\/\/sisu.ut.ee\/wp-content\/uploads\/sites\/9\/ha9.png 400w, https:\/\/sisu.ut.ee\/wp-content\/uploads\/sites\/9\/ha9-300x182.png 300w\" sizes=\"auto, (max-width: 400px) 100vw, 400px\"><\/p>\n<p style=\"text-align: center\"><em>Joonis: Aide Eendra<\/em><\/p>\n<p style=\"text-align: center\"><em><img loading=\"lazy\" decoding=\"async\" width=\"400\" height=\"266\" class=\"alignnone wp-image-76\" src=\"https:\/\/sisu.ut.ee\/wp-content\/uploads\/sites\/9\/ha10.png\" title=\"ha10.png\" alt=\"ha10.png\" srcset=\"https:\/\/sisu.ut.ee\/wp-content\/uploads\/sites\/9\/ha10.png 400w, https:\/\/sisu.ut.ee\/wp-content\/uploads\/sites\/9\/ha10-300x200.png 300w\" sizes=\"auto, (max-width: 400px) 100vw, 400px\"><\/em><\/p>\n<p style=\"text-align: center\"><em>Mare Saag, erakogu<\/em><\/p>\n<p><strong style=\"line-height: 1.6em\">K\u00e4\u00e4rhambumus<\/strong> \u2013 k\u00fclgmiste hammaste piirkonnas ei puutu hammaste m\u00e4lumispinnad kokku, m\u00e4rkida, milliste hammaste piirkonnas.<\/p>\n<p><img loading=\"lazy\" decoding=\"async\" width=\"400\" height=\"330\" class=\"alignnone wp-image-77\" style=\"margin-left: auto;margin-right: auto;border: 1px solid black\" src=\"https:\/\/sisu.ut.ee\/wp-content\/uploads\/sites\/9\/ha11.png\" title=\"ha11.png\" alt=\"ha11.png\" srcset=\"https:\/\/sisu.ut.ee\/wp-content\/uploads\/sites\/9\/ha11.png 400w, https:\/\/sisu.ut.ee\/wp-content\/uploads\/sites\/9\/ha11-300x248.png 300w\" sizes=\"auto, (max-width: 400px) 100vw, 400px\"><\/p>\n<p style=\"text-align: center\"><em>Joonis: Aide Eendra<\/em><\/p>\n<p style=\"text-align: center\"><img loading=\"lazy\" decoding=\"async\" width=\"400\" height=\"240\" class=\"alignnone wp-image-83\" src=\"https:\/\/sisu.ut.ee\/wp-content\/uploads\/sites\/9\/kaarhambumus.jpg\" title=\"kaarhambumus.jpg\" alt=\"scissorsbite\" srcset=\"https:\/\/sisu.ut.ee\/wp-content\/uploads\/sites\/9\/kaarhambumus.jpg 400w, https:\/\/sisu.ut.ee\/wp-content\/uploads\/sites\/9\/kaarhambumus-300x180.jpg 300w\" sizes=\"auto, (max-width: 400px) 100vw, 400px\"><\/p>\n<p style=\"text-align: center\"><em><em>Triin Jagom\u00e4gi, erakogu<\/em><\/em><\/p>\n<h2>Vertikaaltasapinna hambumusanomaaliad<\/h2>\n<p><strong>Vertikaalne lahihambumus \u2013 <\/strong>\u00fclalt alla hambad kokku ei puutu, m\u00e4rkida kindlasti, milliste hammaste piirkonnas.<\/p>\n<p><img loading=\"lazy\" decoding=\"async\" width=\"400\" height=\"273\" class=\"alignnone wp-image-78\" style=\"margin-left: auto;margin-right: auto;border: 1px solid black\" src=\"https:\/\/sisu.ut.ee\/wp-content\/uploads\/sites\/9\/ha13.png\" title=\"ha13.png\" alt=\"ha13.png\" srcset=\"https:\/\/sisu.ut.ee\/wp-content\/uploads\/sites\/9\/ha13.png 400w, https:\/\/sisu.ut.ee\/wp-content\/uploads\/sites\/9\/ha13-300x205.png 300w\" sizes=\"auto, (max-width: 400px) 100vw, 400px\"><\/p>\n<p style=\"text-align: center\"><em>Joonis: Aide Eendra<\/em><\/p>\n<p style=\"text-align: center\"><em><img loading=\"lazy\" decoding=\"async\" width=\"600\" height=\"207\" class=\"alignnone wp-image-79\" src=\"https:\/\/sisu.ut.ee\/wp-content\/uploads\/sites\/9\/ha14.png\" title=\"ha14.png\" alt=\"ha14.png\" srcset=\"https:\/\/sisu.ut.ee\/wp-content\/uploads\/sites\/9\/ha14.png 600w, https:\/\/sisu.ut.ee\/wp-content\/uploads\/sites\/9\/ha14-300x104.png 300w\" sizes=\"auto, (max-width: 600px) 100vw, 600px\"><\/em><\/p>\n<p style=\"text-align: center\"><em><a style=\"line-height: 1.6em\" href=\"http:\/\/kiku.hambaarst.ee\/robot\/74\/eesmine-lahihambumus\" target=\"_blank\" rel=\"noopener\">http:\/\/kiku.hambaarst.ee\/robot\/74\/eesmine-lahihambumus<\/a><\/em><\/p>\n<p><strong style=\"line-height: 1.6em\">S\u00fcgav hambumus<\/strong> \u2013 \u00fclemised hambad katavad alumisi eeshambaid rohkem kui kolmandiku krooni pikkuse v\u00f5rra ja nende vahel ei ole kontakti.\u00a0<\/p>\n<p><img loading=\"lazy\" decoding=\"async\" width=\"729\" height=\"190\" class=\"alignnone wp-image-80\" style=\"margin-left: auto;margin-right: auto\" src=\"https:\/\/sisu.ut.ee\/wp-content\/uploads\/sites\/9\/ha15.png\" title=\"ha15.png\" alt=\"ha15.png\" srcset=\"https:\/\/sisu.ut.ee\/wp-content\/uploads\/sites\/9\/ha15.png 729w, https:\/\/sisu.ut.ee\/wp-content\/uploads\/sites\/9\/ha15-300x78.png 300w\" sizes=\"auto, (max-width: 729px) 100vw, 729px\"><\/p>\n<p style=\"text-align: center\"><em><a style=\"line-height: 1.6em\" href=\"http:\/\/kiku.hambaarst.ee\/robot\/87\/sygav-hambumus-voi-sygav-kattumine-eesmiste-hammaste-osas\" target=\"_blank\" rel=\"noopener\">http:\/\/kiku.hambaarst.ee\/robot\/87\/sygav-hambumus-voi-sygav-kattumine-eesmiste-hammaste-osas<\/a><\/em><\/p>\n<p>Mida kirjutada diagnoosiks, kui \u00fclemised hambad katavad alumisi intsisiive rohkem kui kolmandiku krooni pikkuse v\u00f5rra, kuid eeshammaste vahel on kontakt ikka olemas? Siis on tegemist s\u00fcgava kattumisega.<\/p>\n<p>\u00dchel patsiendil v\u00f5ib olla v\u00e4ga erinevate hambumusanomaaliate kombinatsioon ja seet\u00f5ttu m\u00e4rgitakse ravikaardile molaaride vahekord eraldi paremal ja vasemal pool ja sama ka kaniinide kohta. K\u00f5ik k\u00f5rvalekalded normist m\u00e4rgitakse patsiendi probleemide loendisse.\u00a0<\/p>\n","protected":false},"excerpt":{"rendered":"<p>Hambumust m\u00e4\u00e4ratakse kolmes erinevas tasapinnas: sagitaalses, vertikaalses ja transversaalses. Ka hambumusanomaaliad esinevad nendes kolmes tasapinnas. Angle\u00b4i klassifikatsioon, mida kasutatakse ka t\u00e4nap\u00e4eval, kirjeldab ainult sagitaaltasapinna hambumusanomaaliaid. Teistes tasapindades esinevaid anomaaliaid kirjeldatakse s\u00f5nutsi. Angle\u00b4i I klassi anomaalia on patsiendil siis, kui molaarid &#8230;<\/p>\n","protected":false},"author":2,"featured_media":0,"parent":0,"menu_order":0,"comment_status":"closed","ping_status":"closed","template":"","meta":{"_acf_changed":false,"inline_featured_image":false,"footnotes":""},"class_list":["post-21","page","type-page","status-publish","hentry"],"acf":[],"_links":{"self":[{"href":"https:\/\/sisu.ut.ee\/hambumusanomaalia\/wp-json\/wp\/v2\/pages\/21","targetHints":{"allow":["GET"]}}],"collection":[{"href":"https:\/\/sisu.ut.ee\/hambumusanomaalia\/wp-json\/wp\/v2\/pages"}],"about":[{"href":"https:\/\/sisu.ut.ee\/hambumusanomaalia\/wp-json\/wp\/v2\/types\/page"}],"author":[{"embeddable":true,"href":"https:\/\/sisu.ut.ee\/hambumusanomaalia\/wp-json\/wp\/v2\/users\/2"}],"replies":[{"embeddable":true,"href":"https:\/\/sisu.ut.ee\/hambumusanomaalia\/wp-json\/wp\/v2\/comments?post=21"}],"version-history":[{"count":1,"href":"https:\/\/sisu.ut.ee\/hambumusanomaalia\/wp-json\/wp\/v2\/pages\/21\/revisions"}],"predecessor-version":[{"id":143,"href":"https:\/\/sisu.ut.ee\/hambumusanomaalia\/wp-json\/wp\/v2\/pages\/21\/revisions\/143"}],"wp:attachment":[{"href":"https:\/\/sisu.ut.ee\/hambumusanomaalia\/wp-json\/wp\/v2\/media?parent=21"}],"curies":[{"name":"wp","href":"https:\/\/api.w.org\/{rel}","templated":true}]}}