{"id":20,"date":"2024-04-03T23:07:34","date_gmt":"2024-04-03T20:07:34","guid":{"rendered":"https:\/\/sisu.ut.ee\/hambumusanomaalia\/norm-jaavhammaskonnas\/"},"modified":"2024-04-03T23:08:01","modified_gmt":"2024-04-03T20:08:01","slug":"norm-jaavhammaskonnas","status":"publish","type":"page","link":"https:\/\/sisu.ut.ee\/hambumusanomaalia\/norm-jaavhammaskonnas\/","title":{"rendered":"Normaalne hambumus j\u00e4\u00e4vhammaskonnas"},"content":{"rendered":"<p><\/p><div class=\"ratio ratio-16x9 mb-3\"><div class=\"video-placeholder-wrapper video-placeholder-wrapper--16x9\">\n\t\t\t    <div class=\"video-placeholder d-flex justify-content-center align-items-center\">\n\t\t\t        <div class=\"overlay text-white p-2 w-100 text-center d-block justify-content-center align-items-center\">\n\t\t\t            <div>Kolmandate osapoolte sisu n\u00e4gemiseks palun n\u00f5ustu k\u00fcpsistega.<\/div>\n\t\t\t            <button class=\"btn btn-secondary btn-sm mt-1 consent-change\">Muuda n\u00f5usolekut<\/button>\n\t\t\t        <\/div>\n\t\t\t    <\/div>\n\t\t\t<\/div>\n<\/div>\n<p>Enne hambumuse m\u00e4\u00e4ramist on sihip\u00e4rane uurida iga hamba olemasolu, asendit hambakaares, hambakaare kuju ja seej\u00e4rel hambumust patsiendi harjumuslikus oklusiooniasendis. Viimane on v\u00e4ga t\u00e4htis, sest kui patsiendil paluda hambad kokku panna, ei pruugi ta seda teha nii nagu tavaliselt. Paluge patsiendil neelatada, siis peaksid hambad maksimaalselt kokku minema.<\/p>\n<p>Patsiendi hambumust uuritakse kolmes vastastikku perpendikulaarses tasapinnas: sagitaalses, transversaalses, vertikaalses.<\/p>\n<p>Normaalse hambumuse tunnused sagitaaltasapinnas:<\/p>\n<ul>\n<li><span style=\"line-height: 1.6em\" data-mce-mark=\"1\">\u00fclemise esimese j\u00e4\u00e4vmolaari mesiobukaalne k\u00f6ber asub alumise esimese j\u00e4\u00e4vmolaari p\u00f5ikifissuuris;<\/span><\/li>\n<li><span style=\"line-height: 1.6em\" data-mce-mark=\"1\">\u00fclemise kaniini tipp asub alumise kaniini ja esimese premolaari vahel;<\/span><\/li>\n<li><span style=\"line-height: 1.6em\" data-mce-mark=\"1\">\u00fclemised intsisiivid asuvad eespool alumisi ja nende vahel on kontakt.<\/span><\/li>\n<\/ul>\n<p style=\"text-align: center\"><img loading=\"lazy\" decoding=\"async\" width=\"400\" height=\"212\" class=\"alignnone wp-image-68\" src=\"https:\/\/sisu.ut.ee\/wp-content\/uploads\/sites\/9\/ilus_hambumus.jpg\" title=\"ilus_hambumus.jpg\" alt=\"normal occlusion\" srcset=\"https:\/\/sisu.ut.ee\/wp-content\/uploads\/sites\/9\/ilus_hambumus.jpg 400w, https:\/\/sisu.ut.ee\/wp-content\/uploads\/sites\/9\/ilus_hambumus-300x159.jpg 300w\" sizes=\"auto, (max-width: 400px) 100vw, 400px\"><\/p>\n<p style=\"text-align: center\"><em><strong><a href=\"http:\/\/commons.wikimedia.org\" target=\"_blank\" rel=\"noopener\"><\/a><\/strong>Triin Jagom\u00e4gi, erakogu<a href=\"http:\/\/commons.wikimedia.org\" target=\"_blank\" rel=\"noopener\"><br><\/a><\/em><\/p>\n<p>Normaalse hambumuse tunnused transversaaltasapinnas:<\/p>\n<ul>\n<li><span style=\"line-height: 1.6em\" data-mce-mark=\"1\">\u00fclemine hambakaar on alumisest k\u00fclgmiste hammaste bukaalsete k\u00f6prude laiuste v\u00f5rra laiem;<\/span><\/li>\n<li><span style=\"line-height: 1.6em\" data-mce-mark=\"1\">\u00fclemiste ja alumiste intsisiivide vahelised keskjooned langevad kokku.<\/span><\/li>\n<\/ul>\n<p>Normaalse hambumuse tunnused vertikaaltasapinnas:<\/p>\n<ul>\n<li><span style=\"line-height: 1.6em\">\u00fclemised intsisiivid katavad alumisi \u00fche kolmandiku hambakrooni pikkuse v\u00f5rra.<\/span>\u00a0<\/li>\n<\/ul>\n","protected":false},"excerpt":{"rendered":"<p>Kolmandate osapoolte sisu n\u00e4gemiseks palun n\u00f5ustu k\u00fcpsistega. Muuda n\u00f5usolekut Enne hambumuse m\u00e4\u00e4ramist on sihip\u00e4rane uurida iga hamba olemasolu, asendit hambakaares, hambakaare kuju ja seej\u00e4rel hambumust patsiendi harjumuslikus oklusiooniasendis. Viimane on v\u00e4ga t\u00e4htis, sest kui patsiendil paluda hambad kokku panna, ei &#8230;<\/p>\n","protected":false},"author":2,"featured_media":0,"parent":0,"menu_order":0,"comment_status":"closed","ping_status":"closed","template":"","meta":{"_acf_changed":false,"inline_featured_image":false,"footnotes":""},"class_list":["post-20","page","type-page","status-publish","hentry"],"acf":[],"_links":{"self":[{"href":"https:\/\/sisu.ut.ee\/hambumusanomaalia\/wp-json\/wp\/v2\/pages\/20","targetHints":{"allow":["GET"]}}],"collection":[{"href":"https:\/\/sisu.ut.ee\/hambumusanomaalia\/wp-json\/wp\/v2\/pages"}],"about":[{"href":"https:\/\/sisu.ut.ee\/hambumusanomaalia\/wp-json\/wp\/v2\/types\/page"}],"author":[{"embeddable":true,"href":"https:\/\/sisu.ut.ee\/hambumusanomaalia\/wp-json\/wp\/v2\/users\/2"}],"replies":[{"embeddable":true,"href":"https:\/\/sisu.ut.ee\/hambumusanomaalia\/wp-json\/wp\/v2\/comments?post=20"}],"version-history":[{"count":1,"href":"https:\/\/sisu.ut.ee\/hambumusanomaalia\/wp-json\/wp\/v2\/pages\/20\/revisions"}],"predecessor-version":[{"id":144,"href":"https:\/\/sisu.ut.ee\/hambumusanomaalia\/wp-json\/wp\/v2\/pages\/20\/revisions\/144"}],"wp:attachment":[{"href":"https:\/\/sisu.ut.ee\/hambumusanomaalia\/wp-json\/wp\/v2\/media?parent=20"}],"curies":[{"name":"wp","href":"https:\/\/api.w.org\/{rel}","templated":true}]}}