{"id":18,"date":"2024-04-03T23:07:34","date_gmt":"2024-04-03T20:07:34","guid":{"rendered":"https:\/\/sisu.ut.ee\/hambumusanomaalia\/hammaste-staatuse-maaramine\/"},"modified":"2024-04-03T23:08:01","modified_gmt":"2024-04-03T20:08:01","slug":"hammaste-staatuse-maaramine","status":"publish","type":"page","link":"https:\/\/sisu.ut.ee\/hambumusanomaalia\/hammaste-staatuse-maaramine\/","title":{"rendered":"Hammaste staatuse m\u00e4\u00e4ramine"},"content":{"rendered":"<p>Enne \u00fcksiku hamba juurde j\u00f5udmist j\u00e4\u00e4b hambaarstile \u00fcldmulje suu\u00f5\u00f5ne h\u00fcgieenist.<\/p>\n<p>Kui h\u00fcgieen on hea, siis kiitke patsienti. Kui h\u00fcgieen on halb, siis uurige, kas patsient teab h\u00fcgieeniv\u00f5tteid ja milliseid vahendeid ta kasutab. Lapspatsiendid vajavad kindlasti teie abi, selgitage talle k\u00f5ike \u00fcle, tehes seda lapse ea kohaselt.<\/p>\n<p>V\u00e4ga halb suuh\u00fcgieen on n\u00e4ha j\u00e4rgmistel piltidel. Ortodontilist ravi tohib alustada alles siis, kui patsient on selgeks saanud suu\u00f5\u00f5ne h\u00fcgieeni v\u00f5tted.<\/p>\n<p style=\"text-align: center\"><img loading=\"lazy\" decoding=\"async\" width=\"400\" height=\"266\" class=\"alignnone wp-image-56\" style=\"margin-left: auto;margin-right: auto\" src=\"https:\/\/sisu.ut.ee\/wp-content\/uploads\/sites\/9\/hsm1.png\" title=\"hsm1.png\" alt=\"hsm1.png\" srcset=\"https:\/\/sisu.ut.ee\/wp-content\/uploads\/sites\/9\/hsm1.png 400w, https:\/\/sisu.ut.ee\/wp-content\/uploads\/sites\/9\/hsm1-300x200.png 300w\" sizes=\"auto, (max-width: 400px) 100vw, 400px\"><\/p>\n<p style=\"text-align: center\"><em>Mare Saag, erakogu<\/em><\/p>\n<p>J\u00e4rgmisel pildil oleva katu peab aitama puhastada hambaarst.<\/p>\n<p><img loading=\"lazy\" decoding=\"async\" width=\"400\" height=\"266\" class=\"alignnone wp-image-57\" style=\"margin-left: auto;margin-right: auto\" src=\"https:\/\/sisu.ut.ee\/wp-content\/uploads\/sites\/9\/hsm2.png\" title=\"hsm2.png\" alt=\"hsm2.png\" srcset=\"https:\/\/sisu.ut.ee\/wp-content\/uploads\/sites\/9\/hsm2.png 400w, https:\/\/sisu.ut.ee\/wp-content\/uploads\/sites\/9\/hsm2-300x200.png 300w\" sizes=\"auto, (max-width: 400px) 100vw, 400px\"><\/p>\n<p style=\"text-align: center\"><em>Mare Saag, erakogu<\/em><\/p>\n<p>Hambaarsti elu on lihtsam, kui enne patsiendi hammaste uurimist oleks tal silme ees hammaste l\u00f5ikumise aegade tabel, et teada, milliseid hambaid ta patsiendi suus peaks leidma.\u00a0Peavad olema ka eelteadmised hammaste anatoomiast, et eristada piimahammast j\u00e4\u00e4vhambast.\u00a0Kindlasti vaadake \u00fcle meie \u00f5ppetooli \u00f5ppej\u00f5udude koostatud \u201eHammaste anatoomia \u00f5pik\u201c.<\/p>\n<p>Hammaste staatuse seda osa, kuidas diagnoosida kaariest ja kuidas k\u00f5iki t\u00e4idiseid m\u00e4rkida, me ei hakka selgitama, r\u00f5hume ikka teadmistele ortodontia valdkonnas.<\/p>\n<p>Staatuse m\u00e4\u00e4ramine enne hambumuse m\u00e4\u00e4ramist on oluline seet\u00f5ttu, et m\u00f5ista, miks v\u00f5ib hammaste vahekord paremal ja vasemal pool erineda.\u00a0Oluline on hammaste v\u00e4rvus. J\u00e4rgneval pildil on n\u00e4ha v\u00e4rvust muutnud krooniga hambad, mida tuleb uurida enne ortodontilist ravi.<\/p>\n<p><img loading=\"lazy\" decoding=\"async\" width=\"400\" height=\"265\" class=\"alignnone wp-image-58\" style=\"margin-left: auto;margin-right: auto\" src=\"https:\/\/sisu.ut.ee\/wp-content\/uploads\/sites\/9\/hsm3.png\" title=\"hsm3.png\" alt=\"hsm3.png\" srcset=\"https:\/\/sisu.ut.ee\/wp-content\/uploads\/sites\/9\/hsm3.png 400w, https:\/\/sisu.ut.ee\/wp-content\/uploads\/sites\/9\/hsm3-300x199.png 300w\" sizes=\"auto, (max-width: 400px) 100vw, 400px\"><\/p>\n<p style=\"text-align: center\"><em><a href=\"http:\/\/dentalkare.blogspot.com\" target=\"_blank\" rel=\"noopener\">http:\/\/dentalkare.blogspot.com<\/a><a href=\"http:\/\/dentalkare.blogspot.com\/\"><\/a><\/em><\/p>\n<p>J\u00e4rgmistel piltidel n\u00e4ha oleva struktuuriga hambad ei sobi breketraviks.<\/p>\n<table class=\"table table-hover\" border=\"0\" align=\"center\">\n<tbody>\n<tr>\n<td><img loading=\"lazy\" decoding=\"async\" width=\"399\" height=\"244\" class=\"alignnone wp-image-62\" src=\"https:\/\/sisu.ut.ee\/wp-content\/uploads\/sites\/9\/halb_email.jpg\" title=\"halb_email.jpg\" alt=\"kahjustunud hambaemail\" srcset=\"https:\/\/sisu.ut.ee\/wp-content\/uploads\/sites\/9\/halb_email.jpg 399w, https:\/\/sisu.ut.ee\/wp-content\/uploads\/sites\/9\/halb_email-300x183.jpg 300w\" sizes=\"auto, (max-width: 399px) 100vw, 399px\"><\/td>\n<td><img loading=\"lazy\" decoding=\"async\" width=\"400\" height=\"213\" class=\"alignnone wp-image-61\" style=\"max-width: 100%;font-size: 13px;line-height: 1.6em\" src=\"https:\/\/sisu.ut.ee\/wp-content\/uploads\/sites\/9\/halb_email-2.jpg\" title=\"halb_email-2.jpg\" alt=\"hambaemaili kahjustus\" srcset=\"https:\/\/sisu.ut.ee\/wp-content\/uploads\/sites\/9\/halb_email-2.jpg 400w, https:\/\/sisu.ut.ee\/wp-content\/uploads\/sites\/9\/halb_email-2-300x160.jpg 300w\" sizes=\"auto, (max-width: 400px) 100vw, 400px\"><\/td>\n<\/tr>\n<\/tbody>\n<\/table>\n<p style=\"text-align: center\"><em><br>Triin Jagom\u00e4gi, erakogu<\/em><\/p>\n\n<p>\u00a0Kui n\u00e4ed midagi sellist, nagu on j\u00e4rgnevatel piltidel, siis eemalda kohe piimahammas.<\/p>\n<p><img loading=\"lazy\" decoding=\"async\" width=\"400\" height=\"261\" class=\"alignnone wp-image-59\" style=\"margin-left: auto;margin-right: auto\" src=\"https:\/\/sisu.ut.ee\/wp-content\/uploads\/sites\/9\/hsm6.png\" title=\"hsm6.png\" alt=\"hsm6.png\" srcset=\"https:\/\/sisu.ut.ee\/wp-content\/uploads\/sites\/9\/hsm6.png 400w, https:\/\/sisu.ut.ee\/wp-content\/uploads\/sites\/9\/hsm6-300x196.png 300w\" sizes=\"auto, (max-width: 400px) 100vw, 400px\"><\/p>\n<p style=\"text-align: center\"><em><a href=\"http:\/\/www.identalhub.com\" target=\"_blank\" rel=\"noopener\">http:\/\/www.identalhub.com<\/a><\/em><\/p>\n<p><img loading=\"lazy\" decoding=\"async\" width=\"309\" height=\"235\" class=\"alignnone wp-image-60\" style=\"margin-left: auto;margin-right: auto\" src=\"https:\/\/sisu.ut.ee\/wp-content\/uploads\/sites\/9\/hsm7.png\" title=\"hsm7.png\" alt=\"hsm7.png\" srcset=\"https:\/\/sisu.ut.ee\/wp-content\/uploads\/sites\/9\/hsm7.png 309w, https:\/\/sisu.ut.ee\/wp-content\/uploads\/sites\/9\/hsm7-300x228.png 300w\" sizes=\"auto, (max-width: 309px) 100vw, 309px\"><\/p>\n<p style=\"text-align: center\"><em>Triin Jagom\u00e4gi, erakogu<\/em><\/p>\n<p>Selles vanuses on v\u00e4ga t\u00e4htis uurida j\u00e4\u00e4vkaniini l\u00f5ikumist. J\u00e4rgmisel pildil on n\u00e4ha suus olev piimakaniin, mis juhib j\u00e4\u00e4vkaniini valesse asendisse. Piimakaniin tuleb kohe eemaldada ja j\u00e4lgida umbes kuus kuud j\u00e4\u00e4vkaniini iseeneslikku l\u00f5ikumist. P\u00e4rast piimakaniini eemaldamist v\u00f5ite suunata patsiendi ortodondi konsultatsioonile.<\/p>\n<p style=\"text-align: center\"><img loading=\"lazy\" decoding=\"async\" width=\"400\" height=\"227\" class=\"alignnone wp-image-63\" src=\"https:\/\/sisu.ut.ee\/wp-content\/uploads\/sites\/9\/suhu_jaanud_piimahammas-2.jpg\" title=\"suhu_jaanud_piimahammas-2.jpg\" alt=\"suhu j\u00e4\u00e4nud piimahammas\" srcset=\"https:\/\/sisu.ut.ee\/wp-content\/uploads\/sites\/9\/suhu_jaanud_piimahammas-2.jpg 400w, https:\/\/sisu.ut.ee\/wp-content\/uploads\/sites\/9\/suhu_jaanud_piimahammas-2-300x170.jpg 300w\" sizes=\"auto, (max-width: 400px) 100vw, 400px\"><img loading=\"lazy\" decoding=\"async\" width=\"400\" height=\"308\" class=\"alignnone wp-image-64\" src=\"https:\/\/sisu.ut.ee\/wp-content\/uploads\/sites\/9\/suhu_jaanud_piimahammas.jpg\" title=\"suhu_jaanud_piimahammas.jpg\" alt=\"suhu j\u00e4\u00e4nud piimahammas\" srcset=\"https:\/\/sisu.ut.ee\/wp-content\/uploads\/sites\/9\/suhu_jaanud_piimahammas.jpg 400w, https:\/\/sisu.ut.ee\/wp-content\/uploads\/sites\/9\/suhu_jaanud_piimahammas-300x231.jpg 300w\" sizes=\"auto, (max-width: 400px) 100vw, 400px\"><\/p>\n<p style=\"text-align: center\"><em>Triin Jagom\u00e4gi, erakogu<\/em><\/p>\n<p>Kui hambaarst m\u00e4rkab samanimeliste j\u00e4\u00e4vhammaste l\u00f5ikumise juures erinevust, siis on vaja niisugust patsienti uurida ja vajadusel suunata ta ortodondi vastuv\u00f5tule.<\/p>\n","protected":false},"excerpt":{"rendered":"<p>Enne \u00fcksiku hamba juurde j\u00f5udmist j\u00e4\u00e4b hambaarstile \u00fcldmulje suu\u00f5\u00f5ne h\u00fcgieenist. Kui h\u00fcgieen on hea, siis kiitke patsienti. Kui h\u00fcgieen on halb, siis uurige, kas patsient teab h\u00fcgieeniv\u00f5tteid ja milliseid vahendeid ta kasutab. Lapspatsiendid vajavad kindlasti teie abi, selgitage talle k\u00f5ike &#8230;<\/p>\n","protected":false},"author":2,"featured_media":0,"parent":0,"menu_order":0,"comment_status":"closed","ping_status":"closed","template":"","meta":{"_acf_changed":false,"inline_featured_image":false,"footnotes":""},"class_list":["post-18","page","type-page","status-publish","hentry"],"acf":[],"_links":{"self":[{"href":"https:\/\/sisu.ut.ee\/hambumusanomaalia\/wp-json\/wp\/v2\/pages\/18","targetHints":{"allow":["GET"]}}],"collection":[{"href":"https:\/\/sisu.ut.ee\/hambumusanomaalia\/wp-json\/wp\/v2\/pages"}],"about":[{"href":"https:\/\/sisu.ut.ee\/hambumusanomaalia\/wp-json\/wp\/v2\/types\/page"}],"author":[{"embeddable":true,"href":"https:\/\/sisu.ut.ee\/hambumusanomaalia\/wp-json\/wp\/v2\/users\/2"}],"replies":[{"embeddable":true,"href":"https:\/\/sisu.ut.ee\/hambumusanomaalia\/wp-json\/wp\/v2\/comments?post=18"}],"version-history":[{"count":1,"href":"https:\/\/sisu.ut.ee\/hambumusanomaalia\/wp-json\/wp\/v2\/pages\/18\/revisions"}],"predecessor-version":[{"id":146,"href":"https:\/\/sisu.ut.ee\/hambumusanomaalia\/wp-json\/wp\/v2\/pages\/18\/revisions\/146"}],"wp:attachment":[{"href":"https:\/\/sisu.ut.ee\/hambumusanomaalia\/wp-json\/wp\/v2\/media?parent=18"}],"curies":[{"name":"wp","href":"https:\/\/api.w.org\/{rel}","templated":true}]}}