{"id":17,"date":"2024-04-03T23:07:33","date_gmt":"2024-04-03T20:07:33","guid":{"rendered":"https:\/\/sisu.ut.ee\/hambumusanomaalia\/suuoone-pehmete-kudede-vaatlus\/"},"modified":"2024-04-03T23:08:01","modified_gmt":"2024-04-03T20:08:01","slug":"suuoone-pehmete-kudede-vaatlus","status":"publish","type":"page","link":"https:\/\/sisu.ut.ee\/hambumusanomaalia\/suuoone-pehmete-kudede-vaatlus\/","title":{"rendered":"Suu\u00f5\u00f5ne pehmete kudede vaatlus"},"content":{"rendered":"<p>Suu\u00f5\u00f5nes uuritakse keele suurust, kuju ja v\u00e4rvust. Kolju k\u00fclg\u00fclesv\u00f5ttel on v\u00f5imalik uurida keele suuruse ja suu\u00f5\u00f5ne suuruse suhet. Kasulik on teada, et pikk keel ei v\u00f5rdu makroglossiaga.<\/p>\n<p>H\u00e4sti liikuva keele korral v\u00f5ib \u00f5nnestuda puudutada keeleotsaga ninaotsa. Tehke proovi!<\/p>\n<p>Normaalse pikkusega keelekida kinnitust vaata j\u00e4rgmisel pildil.<\/p>\n<p><img loading=\"lazy\" decoding=\"async\" width=\"400\" height=\"265\" class=\"alignnone wp-image-48\" style=\"margin-left: auto;margin-right: auto\" src=\"https:\/\/sisu.ut.ee\/wp-content\/uploads\/sites\/9\/pkv1.png\" title=\"pkv1.png\" alt=\"pkv1.png\" srcset=\"https:\/\/sisu.ut.ee\/wp-content\/uploads\/sites\/9\/pkv1.png 400w, https:\/\/sisu.ut.ee\/wp-content\/uploads\/sites\/9\/pkv1-300x199.png 300w\" sizes=\"auto, (max-width: 400px) 100vw, 400px\"><\/p>\n<p style=\"text-align: center\"><em>Mare Saag, erakogu<\/em><\/p>\n<p>Keelel v\u00f5ib olla l\u00fchike kida ja seet\u00f5ttu on lapsel n\u00e4iteks k\u00f5nedefekt. Tavaliselt korrigeeritakse keelekida kinnitus varakult.<\/p>\n<p>L\u00fchikese kidaga keel paikneb suup\u00f5hjas ega soodusta seega \u00fclal\u00f5ua kasvu. Kui sellise probleemiga patsient p\u00fc\u00fcab keelt suust v\u00e4lja l\u00fckata, siis moodustub keele otsa sisset\u00f5mme. <strong><br><\/strong><\/p>\n<p><img loading=\"lazy\" decoding=\"async\" width=\"400\" height=\"293\" class=\"alignnone wp-image-49\" style=\"margin-left: auto;margin-right: auto\" src=\"https:\/\/sisu.ut.ee\/wp-content\/uploads\/sites\/9\/pkv2.png\" title=\"pkv2.png\" alt=\"pkv2.png\" srcset=\"https:\/\/sisu.ut.ee\/wp-content\/uploads\/sites\/9\/pkv2.png 400w, https:\/\/sisu.ut.ee\/wp-content\/uploads\/sites\/9\/pkv2-300x220.png 300w\" sizes=\"auto, (max-width: 400px) 100vw, 400px\"><\/p>\n<p style=\"text-align: center\"><em><a style=\"line-height: 1.6em\" href=\"http:\/\/kiku.hambaarst.ee\/robot\/11\/ancyloglossia\" target=\"_blank\" rel=\"noopener\">http:\/\/kiku.hambaarst.ee\/robot\/11\/ancyloglossia<\/a><\/em><\/p>\n<p><img loading=\"lazy\" decoding=\"async\" width=\"400\" height=\"263\" class=\"alignnone wp-image-50\" style=\"margin-left: auto;margin-right: auto\" src=\"https:\/\/sisu.ut.ee\/wp-content\/uploads\/sites\/9\/pkv3.png\" title=\"pkv3.png\" alt=\"pkv3.png\" srcset=\"https:\/\/sisu.ut.ee\/wp-content\/uploads\/sites\/9\/pkv3.png 400w, https:\/\/sisu.ut.ee\/wp-content\/uploads\/sites\/9\/pkv3-300x197.png 300w\" sizes=\"auto, (max-width: 400px) 100vw, 400px\"><\/p>\n<p style=\"text-align: center\"><em><a href=\"http:\/\/www.tonguetie.net\/index.php?option=com_content&amp;task=view&amp;id=12\" target=\"_blank\" rel=\"noopener\">http:\/\/www.tonguetie.net\/index.php?option=com_content&amp;task=view&amp;id=12<\/a><\/em><\/p>\n<p>Vaadeldes pehmet suulaega, v\u00f5ib seal leida v\u00e4ljav\u00f5lvuvust, mis on tingitud n\u00e4iteks retineerunud kaniinist. <strong><br><\/strong><\/p>\n<p style=\"text-align: center\"><img loading=\"lazy\" decoding=\"async\" width=\"400\" height=\"307\" class=\"alignnone wp-image-53\" src=\"https:\/\/sisu.ut.ee\/wp-content\/uploads\/sites\/9\/ret_kaniin_-2.jpg\" title=\"ret_kaniin_-2.jpg\" alt=\"retineerunud silmahammas\" srcset=\"https:\/\/sisu.ut.ee\/wp-content\/uploads\/sites\/9\/ret_kaniin_-2.jpg 400w, https:\/\/sisu.ut.ee\/wp-content\/uploads\/sites\/9\/ret_kaniin_-2-300x230.jpg 300w\" sizes=\"auto, (max-width: 400px) 100vw, 400px\"><img loading=\"lazy\" decoding=\"async\" width=\"400\" height=\"183\" class=\"alignnone wp-image-54\" src=\"https:\/\/sisu.ut.ee\/wp-content\/uploads\/sites\/9\/ret_kaniin_.jpg\" title=\"ret_kaniin_.jpg\" alt=\"retineerunud silmahammas\" srcset=\"https:\/\/sisu.ut.ee\/wp-content\/uploads\/sites\/9\/ret_kaniin_.jpg 400w, https:\/\/sisu.ut.ee\/wp-content\/uploads\/sites\/9\/ret_kaniin_-300x137.jpg 300w\" sizes=\"auto, (max-width: 400px) 100vw, 400px\"><img loading=\"lazy\" decoding=\"async\" width=\"399\" height=\"216\" class=\"alignnone wp-image-55\" src=\"https:\/\/sisu.ut.ee\/wp-content\/uploads\/sites\/9\/ret_kaniin_optg.jpg\" title=\"ret_kaniin_optg.jpg\" alt=\"retineerunud silmahammas optg\" srcset=\"https:\/\/sisu.ut.ee\/wp-content\/uploads\/sites\/9\/ret_kaniin_optg.jpg 399w, https:\/\/sisu.ut.ee\/wp-content\/uploads\/sites\/9\/ret_kaniin_optg-300x162.jpg 300w\" sizes=\"auto, (max-width: 399px) 100vw, 399px\"><\/p>\n<p style=\"text-align: center\">\u00a0<em>Triin Jagom\u00e4gi, erakogu<\/em><\/p>\n<p style=\"text-align: center\"><em><a style=\"line-height: 1.6em\" href=\"http:\/\/www.casesjournal.com\/content\/1\/1\/382\" target=\"_blank\" rel=\"noopener\">\u00a0<\/a><\/em><\/p>\n<p>M\u00e4rgates hammaste j\u00e4lgi keele k\u00fclgedel, on otstarbekas kuulata, kas lapsel on ka k\u00f5nedefekt. Samas v\u00f5tab suur keel suus palju ruumi ja ei ole otstarbekas planeerida ortodontilist ravi koos hammaste eemaldamisega.<\/p>\n<p>\u00a0<img loading=\"lazy\" decoding=\"async\" width=\"392\" height=\"309\" class=\"alignnone wp-image-51\" style=\"margin-left: auto;margin-right: auto\" src=\"https:\/\/sisu.ut.ee\/wp-content\/uploads\/sites\/9\/pkv5.png\" title=\"pkv5.png\" alt=\"pkv5.png\" srcset=\"https:\/\/sisu.ut.ee\/wp-content\/uploads\/sites\/9\/pkv5.png 392w, https:\/\/sisu.ut.ee\/wp-content\/uploads\/sites\/9\/pkv5-300x236.png 300w\" sizes=\"auto, (max-width: 392px) 100vw, 392px\"><\/p>\n<p style=\"text-align: center\"><em><a href=\"http:\/\/breakingmuscle.com\" target=\"_blank\" rel=\"noopener\">http:\/\/breakingmuscle.com<\/a><\/em><\/p>\n<p>Suulae pehmetel kudedel v\u00f5ib n\u00e4ha ka hammaste j\u00e4lgi, p\u00f5hjuseks v\u00e4ga s\u00fcgav hambumus.Suulaes n\u00e4ha olev armkude on m\u00e4rgiks, et \u00fclal\u00f5ug v\u00f5ib olla kasvupeetusega.<\/p>\n<p>Hambaarst peaks kontrollima ka kurgumandlite suurust. Vajadusel saata patsient \u00a0k\u00f5rva-, nina- kurguarsti vastuv\u00f5tule. <strong style=\"line-height: 1.6em\"><br><\/strong><\/p>\n<p><img loading=\"lazy\" decoding=\"async\" width=\"325\" height=\"234\" class=\"alignnone wp-image-52\" style=\"margin-left: auto;margin-right: auto\" src=\"https:\/\/sisu.ut.ee\/wp-content\/uploads\/sites\/9\/pkv8.png\" title=\"pkv8.png\" alt=\"pkv8.png\" srcset=\"https:\/\/sisu.ut.ee\/wp-content\/uploads\/sites\/9\/pkv8.png 325w, https:\/\/sisu.ut.ee\/wp-content\/uploads\/sites\/9\/pkv8-300x216.png 300w\" sizes=\"auto, (max-width: 325px) 100vw, 325px\"><\/p>\n<p style=\"text-align: center\"><a href=\"http:\/\/www.kmle.co.kr\" target=\"_blank\" rel=\"noopener\">http:\/\/www.kmle.co.kr<\/a>\u00a0<\/p>\n","protected":false},"excerpt":{"rendered":"<p>Suu\u00f5\u00f5nes uuritakse keele suurust, kuju ja v\u00e4rvust. Kolju k\u00fclg\u00fclesv\u00f5ttel on v\u00f5imalik uurida keele suuruse ja suu\u00f5\u00f5ne suuruse suhet. Kasulik on teada, et pikk keel ei v\u00f5rdu makroglossiaga. H\u00e4sti liikuva keele korral v\u00f5ib \u00f5nnestuda puudutada keeleotsaga ninaotsa. Tehke proovi! Normaalse pikkusega &#8230;<\/p>\n","protected":false},"author":2,"featured_media":0,"parent":0,"menu_order":0,"comment_status":"closed","ping_status":"closed","template":"","meta":{"_acf_changed":false,"inline_featured_image":false,"footnotes":""},"class_list":["post-17","page","type-page","status-publish","hentry"],"acf":[],"_links":{"self":[{"href":"https:\/\/sisu.ut.ee\/hambumusanomaalia\/wp-json\/wp\/v2\/pages\/17","targetHints":{"allow":["GET"]}}],"collection":[{"href":"https:\/\/sisu.ut.ee\/hambumusanomaalia\/wp-json\/wp\/v2\/pages"}],"about":[{"href":"https:\/\/sisu.ut.ee\/hambumusanomaalia\/wp-json\/wp\/v2\/types\/page"}],"author":[{"embeddable":true,"href":"https:\/\/sisu.ut.ee\/hambumusanomaalia\/wp-json\/wp\/v2\/users\/2"}],"replies":[{"embeddable":true,"href":"https:\/\/sisu.ut.ee\/hambumusanomaalia\/wp-json\/wp\/v2\/comments?post=17"}],"version-history":[{"count":1,"href":"https:\/\/sisu.ut.ee\/hambumusanomaalia\/wp-json\/wp\/v2\/pages\/17\/revisions"}],"predecessor-version":[{"id":147,"href":"https:\/\/sisu.ut.ee\/hambumusanomaalia\/wp-json\/wp\/v2\/pages\/17\/revisions\/147"}],"wp:attachment":[{"href":"https:\/\/sisu.ut.ee\/hambumusanomaalia\/wp-json\/wp\/v2\/media?parent=17"}],"curies":[{"name":"wp","href":"https:\/\/api.w.org\/{rel}","templated":true}]}}