{"id":16,"date":"2024-04-03T23:07:33","date_gmt":"2024-04-03T20:07:33","guid":{"rendered":"https:\/\/sisu.ut.ee\/hambumusanomaalia\/suuesiku-vaatlus\/"},"modified":"2024-04-03T23:08:01","modified_gmt":"2024-04-03T20:08:01","slug":"suuesiku-vaatlus","status":"publish","type":"page","link":"https:\/\/sisu.ut.ee\/hambumusanomaalia\/suuesiku-vaatlus\/","title":{"rendered":"Suuesiku vaatlus"},"content":{"rendered":"<p>Suuesiku limaskest on normaalselt valkjasroosa. Ka igemed on valkjasroosat v\u00e4rvust (vt. j\u00e4rgnevat pilti).<\/p>\n<p style=\"text-align: center\"><img loading=\"lazy\" decoding=\"async\" width=\"400\" height=\"266\" class=\"alignnone wp-image-43\" style=\"margin-left: auto;margin-right: auto\" src=\"https:\/\/sisu.ut.ee\/wp-content\/uploads\/sites\/9\/sev1.png\" title=\"sev1.png\" alt=\"sev1.png\" srcset=\"https:\/\/sisu.ut.ee\/wp-content\/uploads\/sites\/9\/sev1.png 400w, https:\/\/sisu.ut.ee\/wp-content\/uploads\/sites\/9\/sev1-300x200.png 300w\" sizes=\"auto, (max-width: 400px) 100vw, 400px\"><em>\u00a0Mare Saag, erakogu<\/em><\/p>\n<p>Igemed v\u00f5ivad olla v\u00e4ga \u00f5hukesed (vt j\u00e4rgmist pilti), paistab hambajuurte kontuur. Hambaid v\u00f5ib niisugusel juhul nihutada labiolingvaalsuunas, kuid ettevaatlikult.\u00a0<\/p>\n<p><img loading=\"lazy\" decoding=\"async\" width=\"405\" height=\"241\" class=\"alignnone wp-image-44\" style=\"margin-left: auto;margin-right: auto\" src=\"https:\/\/sisu.ut.ee\/wp-content\/uploads\/sites\/9\/sev2.png\" title=\"sev2.png\" alt=\"sev2.png\" srcset=\"https:\/\/sisu.ut.ee\/wp-content\/uploads\/sites\/9\/sev2.png 405w, https:\/\/sisu.ut.ee\/wp-content\/uploads\/sites\/9\/sev2-300x179.png 300w\" sizes=\"auto, (max-width: 405px) 100vw, 405px\"><\/p>\n<p style=\"text-align: center\"><em><a href=\"http:\/\/oralmaxillo-facialsurgery.blogspot.com\" target=\"_blank\" rel=\"noopener\">http:\/\/oralmaxillo-facialsurgery.blogspot.com<\/a><\/em><\/p>\n<p>Hammaste l\u00f5ikumist v\u00f5ib takistada h\u00fcperplastiline gingiva. Nimetatud probleemi v\u00f5ib p\u00f5hjustada suu kaudu hingamine, krambivalmidust p\u00e4rssivate ravimite tarvitamine (vt. j\u00e4rgmine pilt). <span style=\"color: #ff0000\"><strong><br><\/strong><\/span><\/p>\n<p><img loading=\"lazy\" decoding=\"async\" width=\"182\" height=\"104\" class=\"alignnone wp-image-45\" style=\"margin-left: auto;margin-right: auto\" src=\"https:\/\/sisu.ut.ee\/wp-content\/uploads\/sites\/9\/sev3.png\" title=\"sev3.png\" alt=\"sev3.png\"><\/p>\n<p style=\"text-align: center\"><em><a style=\"line-height: 1.6em\" href=\"http:\/\/kiku.hambaarst.ee\/robot\/pildid\/\" target=\"_blank\" rel=\"noopener\">http:\/\/kiku.hambaarst.ee\/robot\/pildid\/<\/a><\/em><\/p>\n<p>Suuesikus kontrollitakse \u00fcla- ja alahuulekida kinnitust. Selleks v\u00f5tke huul s\u00f5rmede vahele. Sikutage \u00fclahuult \u00fclespoole ja alahuult allapoole. Tavaliselt on huulekida \u00f5huke limaskestavolt ega toetu intsisaalpapilli otsa. Lai ja madala kinnitusega huulekida vajab korrigeerimist.<\/p>\n<p>Piimahammaskonna perioodil ongi huulekidal madal kinnitus ja seda ei korrigeerita. Lai ja madalale kinnituv huulekida 8-aastasel lapsel vajab korrigeerimist.<\/p>\n<p>Alahuulekida madalat kinnitust (j\u00e4rgneval pildil) tuleb harva ette ja see vajab korrigeerimist, et ei paljastuks hambakael. <span style=\"color: #ff0000\"><strong><br><\/strong><\/span><\/p>\n<p><img loading=\"lazy\" decoding=\"async\" width=\"329\" height=\"284\" class=\"alignnone wp-image-46\" style=\"margin-left: auto;margin-right: auto\" src=\"https:\/\/sisu.ut.ee\/wp-content\/uploads\/sites\/9\/sev6.png\" title=\"sev6.png\" alt=\"sev6.png\" srcset=\"https:\/\/sisu.ut.ee\/wp-content\/uploads\/sites\/9\/sev6.png 329w, https:\/\/sisu.ut.ee\/wp-content\/uploads\/sites\/9\/sev6-300x259.png 300w\" sizes=\"auto, (max-width: 329px) 100vw, 329px\"><\/p>\n<p style=\"text-align: center\"><em><a href=\"http:\/\/www.aseandental.com.vn\" target=\"_blank\" rel=\"noopener\">http:\/\/<span style=\"line-height: 1.6em\">www.aseandental.com.vn<\/span><\/a><\/em><\/p>\n<p>Mukogingivaalne kahjustus v\u00f5ib olla tingitud ka oklusaalsest traumast (vt. j\u00e4rgmine pilt).\u00a0<\/p>\n<p><img loading=\"lazy\" decoding=\"async\" width=\"405\" height=\"234\" class=\"alignnone wp-image-47\" style=\"margin-left: auto;margin-right: auto\" src=\"https:\/\/sisu.ut.ee\/wp-content\/uploads\/sites\/9\/sev7.png\" title=\"sev7.png\" alt=\"sev7.png\" srcset=\"https:\/\/sisu.ut.ee\/wp-content\/uploads\/sites\/9\/sev7.png 405w, https:\/\/sisu.ut.ee\/wp-content\/uploads\/sites\/9\/sev7-300x173.png 300w\" sizes=\"auto, (max-width: 405px) 100vw, 405px\"><\/p>\n<p style=\"text-align: center\"><em>\u00a0<a style=\"line-height: 1.6em\" href=\"http:\/\/kiku.hambaarst.ee\/robot\/pildid\/\" target=\"_blank\" rel=\"noopener\">http:\/\/kiku.hambaarst.ee\/robot\/pildid\/<\/a><\/em><\/p>\n","protected":false},"excerpt":{"rendered":"<p>Suuesiku limaskest on normaalselt valkjasroosa. Ka igemed on valkjasroosat v\u00e4rvust (vt. j\u00e4rgnevat pilti). \u00a0Mare Saag, erakogu Igemed v\u00f5ivad olla v\u00e4ga \u00f5hukesed (vt j\u00e4rgmist pilti), paistab hambajuurte kontuur. Hambaid v\u00f5ib niisugusel juhul nihutada labiolingvaalsuunas, kuid ettevaatlikult.\u00a0 http:\/\/oralmaxillo-facialsurgery.blogspot.com Hammaste l\u00f5ikumist v\u00f5ib takistada &#8230;<\/p>\n","protected":false},"author":2,"featured_media":0,"parent":0,"menu_order":0,"comment_status":"closed","ping_status":"closed","template":"","meta":{"_acf_changed":false,"inline_featured_image":false,"footnotes":""},"class_list":["post-16","page","type-page","status-publish","hentry"],"acf":[],"_links":{"self":[{"href":"https:\/\/sisu.ut.ee\/hambumusanomaalia\/wp-json\/wp\/v2\/pages\/16","targetHints":{"allow":["GET"]}}],"collection":[{"href":"https:\/\/sisu.ut.ee\/hambumusanomaalia\/wp-json\/wp\/v2\/pages"}],"about":[{"href":"https:\/\/sisu.ut.ee\/hambumusanomaalia\/wp-json\/wp\/v2\/types\/page"}],"author":[{"embeddable":true,"href":"https:\/\/sisu.ut.ee\/hambumusanomaalia\/wp-json\/wp\/v2\/users\/2"}],"replies":[{"embeddable":true,"href":"https:\/\/sisu.ut.ee\/hambumusanomaalia\/wp-json\/wp\/v2\/comments?post=16"}],"version-history":[{"count":1,"href":"https:\/\/sisu.ut.ee\/hambumusanomaalia\/wp-json\/wp\/v2\/pages\/16\/revisions"}],"predecessor-version":[{"id":148,"href":"https:\/\/sisu.ut.ee\/hambumusanomaalia\/wp-json\/wp\/v2\/pages\/16\/revisions\/148"}],"wp:attachment":[{"href":"https:\/\/sisu.ut.ee\/hambumusanomaalia\/wp-json\/wp\/v2\/media?parent=16"}],"curies":[{"name":"wp","href":"https:\/\/api.w.org\/{rel}","templated":true}]}}